{"id":3,"date":"2023-08-19T17:19:57","date_gmt":"2023-08-19T17:19:57","guid":{"rendered":"http:\/\/casacelular.com.br\/?page_id=3"},"modified":"2024-03-14T11:04:25","modified_gmt":"2024-03-14T14:04:25","slug":"privacy-policy","status":"publish","type":"page","link":"https:\/\/app.ip7blog.com\/it\/politica-sulla-riservatezza\/","title":{"rendered":"politica sulla riservatezza"},"content":{"rendered":"<p><strong>Ultimo aggiornamento: <\/strong>14\/03\/2024<\/p>\n\n\n\n<p>Benvenuto su IP8BLOG.COM, una risorsa dedicata a fornire preziose informazioni e recensioni sulle app mobili, oltre a presentare pubblicit\u00e0 curate per migliorare la tua esperienza di navigazione. La tua privacy \u00e8 di fondamentale importanza per noi e la presente Informativa sulla privacy descrive in dettaglio le pratiche di raccolta, utilizzo, manutenzione e divulgazione delle informazioni raccolte dagli utenti (ciascuno, un &quot;Utente&quot;) del sito Web IP8BLOG.COM (&quot;Sito&quot;).<\/p>\n\n\n\n<h2 class=\"wp-block-heading\" id=\"h-1-coleta-de-informacoes\">1. Raccolta delle informazioni<\/h2>\n\n\n\n<h3 class=\"wp-block-heading\" id=\"h-1-1-informacoes-pessoais\">1.1. Informazione personale<\/h3>\n\n\n\n<p>Possiamo raccogliere informazioni personali dagli Utenti in vari modi, inclusi, ma non limitati a, quando gli Utenti visitano il nostro sito Web, si registrano sul sito Web, compilano un modulo, rispondono a un sondaggio e in connessione con altre attivit\u00e0, servizi, funzionalit\u00e0 o risorse che rendiamo disponibili sul nostro Sito. Agli utenti potrebbe essere chiesto di fornire, a seconda dei casi, nome, indirizzo e-mail, indirizzo postale e numero di telefono. Tuttavia, gli Utenti possono visitare il nostro Sito in modo anonimo. Raccogliamo informazioni personali dagli Utenti solo se questi ci inviano volontariamente tali informazioni. Gli utenti possono sempre rifiutarsi di fornire informazioni personali, salvo che ci\u00f2 possa impedire loro di impegnarsi in determinate attivit\u00e0 legate al Sito.<\/p>\n\n\n\n<h3 class=\"wp-block-heading\" id=\"h-1-2-informacoes-nao-pessoais\">1.2. Informazioni non personali<\/h3>\n\n\n\n<p>Raccogliamo informazioni non personali sugli Utenti ogni volta che interagiscono con il nostro Sito. Le informazioni non personali possono includere il nome del browser, il tipo di computer e informazioni tecniche sui mezzi di connessione degli Utenti al nostro Sito, come il sistema operativo e i fornitori di servizi Internet utilizzati e altre informazioni simili.<\/p>\n\n\n\n<h3 class=\"wp-block-heading\" id=\"h-1-3-cookies-e-rastreamento\">1.3. Cookie e tracciamento<\/h3>\n\n\n\n<p>Il nostro Sito pu\u00f2 utilizzare \u201ccookie\u201d per migliorare l\u2019esperienza dell\u2019Utente. Il browser web dell&#039;Utente inserisce cookie sul proprio disco rigido per scopi di archiviazione e talvolta per tenere traccia delle informazioni su di essi. Gli utenti possono scegliere di impostare il proprio browser web per rifiutare i cookie o per avvisarli quando i cookie vengono inviati. In tal caso, tieni presente che alcune parti del Sito potrebbero non funzionare correttamente.<\/p>\n\n\n\n<h2 class=\"wp-block-heading\" id=\"h-2-uso-de-informacoes-coletadas\">2. Utilizzo delle informazioni raccolte<\/h2>\n\n\n\n<p>IP8BLOG.COM pu\u00f2 raccogliere e utilizzare le informazioni personali degli Utenti per i seguenti scopi:<\/p>\n\n\n\n<ul class=\"wp-block-list\">\n<li><strong>Per migliorare il servizio clienti<\/strong>: Le informazioni fornite ci aiutano a rispondere alle richieste del servizio clienti e alle esigenze di supporto in modo pi\u00f9 efficiente.<\/li>\n\n\n\n<li><strong>Per personalizzare l&#039;esperienza dell&#039;utente<\/strong>: Possiamo utilizzare le informazioni in forma aggregata per comprendere come i nostri Utenti come gruppo utilizzano i servizi e le risorse forniti sul nostro Sito.<\/li>\n\n\n\n<li><strong>Per migliorare il nostro sito<\/strong>: Potremmo utilizzare il feedback fornito per migliorare i nostri prodotti e servizi.<\/li>\n\n\n\n<li><strong>Per inviare email periodiche<\/strong>: Potremmo utilizzare l&#039;indirizzo e-mail per inviare all&#039;Utente informazioni e aggiornamenti relativi al tuo ordine. Potrebbero anche essere utilizzati per rispondere alle vostre domande, domande e\/o altre richieste. Se l&#039;Utente decide di iscriversi alla nostra mailing list, ricever\u00e0 e-mail che potrebbero includere notizie aziendali, aggiornamenti, informazioni relative al prodotto o servizio, ecc. Se in qualsiasi momento l&#039;Utente desidera annullare l&#039;iscrizione alla ricezione di e-mail future, includiamo istruzioni dettagliate per annullare l&#039;iscrizione nella parte inferiore di ciascuna e-mail.<\/li>\n<\/ul>\n\n\n\n<h2 class=\"wp-block-heading\" id=\"h-3-protecao-de-suas-informacoes\">3. Protezione delle tue informazioni<\/h2>\n\n\n\n<p>Adottiamo pratiche appropriate di raccolta, archiviazione ed elaborazione dei dati e misure di sicurezza per proteggere da accesso non autorizzato, alterazione, divulgazione o distruzione delle informazioni personali, nome utente, password, informazioni sulle transazioni e dati archiviati sul nostro Sito.<\/p>\n\n\n\n<p>Il nostro scambio di dati sensibili e privati tra il Sito e i suoi Utenti avviene su un canale di comunicazione SSL protetto ed \u00e8 crittografato e protetto con firme digitali.<\/p>\n\n\n\n<h2 class=\"wp-block-heading\" id=\"h-4-compartilhamento-de-suas-informacoes-pessoais\">4. Condivisione delle tue informazioni personali<\/h2>\n\n\n\n<p>Non vendiamo, scambiamo o affittiamo le informazioni di identificazione personale degli Utenti a terzi. Potremmo condividere informazioni demografiche aggregate generiche non collegate ad alcuna informazione di identificazione personale su visitatori e utenti con i nostri partner commerciali, affiliati di fiducia e inserzionisti per gli scopi sopra descritti.<\/p>\n\n\n\n<h2 class=\"wp-block-heading\" id=\"h-5-sites-de-terceiros\">5. Siti di terze parti<\/h2>\n\n\n\n<p>Gli utenti possono trovare pubblicit\u00e0 o altri contenuti sul nostro Sito che si collegano ai siti e ai servizi dei nostri partner, fornitori, inserzionisti, sponsor, concessori di licenza e altre terze parti. Non controlliamo il contenuto o i collegamenti che appaiono su questi siti e non siamo responsabili per le pratiche adottate dai siti collegati al nostro Sito. Inoltre, questi siti o servizi, inclusi i loro contenuti e collegamenti, potrebbero essere in continua evoluzione. Questi siti e servizi possono avere le proprie politiche sulla privacy e politiche del servizio clienti. La navigazione e l&#039;interazione su qualsiasi altro sito Web, compresi i siti Web che dispongono di un collegamento al nostro Sito, sono soggette ai termini e alle politiche di tale sito Web.<\/p>\n\n\n\n<h3 class=\"wp-block-heading\">5.1 <strong>Utilizzo di Google AdSense<\/strong><\/h3>\n\n\n\n<p>IP8BLOG.COM utilizza Google AdSense, un servizio pubblicitario offerto da Google che consente di visualizzare annunci pubblicitari sui siti web. Google AdSense utilizza i cookie per pubblicare annunci in base alle visite precedenti di un utente al nostro sito Web o ad altri siti su Internet.<\/p>\n\n\n\n<h3 class=\"wp-block-heading\">5.2 Cookie e annunci personalizzati<\/h3>\n\n\n\n<p>Google utilizza i cookie per pubblicare annunci in base alle precedenti visite degli utenti al nostro sito e ad altri siti su Internet. Questi cookie consentono a Google e ai suoi partner di pubblicare annunci basati sulle visite degli utenti a IP8BLOG.COM e\/o altri siti su Internet.<\/p>\n\n\n\n<p>Gli utenti possono disattivare la pubblicit\u00e0 personalizzata visitando le Impostazioni annunci di Google. Inoltre, gli utenti possono disattivare l&#039;uso di cookie da parte di terzi per la pubblicit\u00e0 personalizzata visitando <a href=\"http:\/\/www.aboutads.info\/\">www.aboutads.info<\/a>.<\/p>\n\n\n\n<h3 class=\"wp-block-heading\">5.3 Raccolta e utilizzo dei dati da parte di Google<\/h3>\n\n\n\n<p>Quando si utilizza Google AdSense, le informazioni sugli utenti, inclusi dati come clic sugli annunci, indirizzo IP e altre informazioni simili, potrebbero essere trasferite a Google. Queste informazioni vengono utilizzate per ottimizzare l&#039;efficacia della pubblicit\u00e0 e per fornire agli utenti annunci pubblicitari pi\u00f9 pertinenti.<\/p>\n\n\n\n<p>L&#039;utilizzo dei cookie consente a Google e ai suoi partner di pubblicare annunci pubblicitari per gli utenti del nostro sito in base alla loro visita a IP8BLOG.COM e\/o ad altri siti su Internet.<\/p>\n\n\n\n<h3 class=\"wp-block-heading\">5.4 Protezione dei dati e scelte dell&#039;utente<\/h3>\n\n\n\n<p>Comprendiamo l&#039;importanza della privacy dei nostri utenti e forniamo opzioni per controllare il modo in cui le informazioni vengono raccolte e utilizzate in relazione alla pubblicit\u00e0. Consigliamo agli utenti di rivedere le impostazioni sulla privacy e sulla pubblicit\u00e0 di Google per comprendere meglio le proprie scelte e controllare come vengono utilizzati i propri dati.<\/p>\n\n\n\n<p>Per ulteriori informazioni su come Google raccoglie, utilizza e protegge le tue informazioni, consulta l&#039;Informativa sulla privacy di Google.<\/p>\n\n\n\n<h2 class=\"wp-block-heading\" id=\"h-6-alteracoes-nesta-politica-de-privacidade\">6. Modifiche alla presente Informativa sulla privacy<\/h2>\n\n\n\n<p>IP8BLOG.COM ha la facolt\u00e0 di aggiornare la presente informativa sulla privacy in qualsiasi momento. Quando lo faremo, modificheremo la data aggiornata nella parte superiore di questa pagina. Incoraggiamo gli Utenti a controllare frequentemente questa pagina per eventuali modifiche e a rimanere informati su come stiamo aiutando a proteggere le informazioni personali che raccogliamo. Riconosci e accetti che \u00e8 tua responsabilit\u00e0 rivedere periodicamente la presente informativa sulla privacy e venire a conoscenza delle modifiche.<\/p>\n\n\n\n<h2 class=\"wp-block-heading\" id=\"h-7-sua-aceitacao-destes-termos\">7. La tua accettazione di questi Termini<\/h2>\n\n\n\n<p>Utilizzando questo sito, dichiari di accettare questa politica. Se non sei d&#039;accordo con questa politica, ti preghiamo di non utilizzare il nostro Sito. L&#039;uso continuato del Sito dopo la pubblicazione delle modifiche a questa politica sar\u00e0 considerato come l&#039;accettazione di tali modifiche.<\/p>\n\n\n\n<h2 class=\"wp-block-heading\" id=\"h-8-contato\">8. Contatto<\/h2>\n\n\n\n<p>In caso di domande sulla presente Informativa sulla privacy, sulle pratiche di questo sito o sui rapporti con questo sito, contattaci all&#039;indirizzo:<\/p>\n\n\n\n<p>E-mail: <a>Buscalineofc@gmail.com<\/a><\/p>","protected":false},"excerpt":{"rendered":"<p>\u00daltima Atualiza\u00e7\u00e3o: 14\/03\/2024 Bem-vindo ao IP8BLOG.COM, um recurso dedicado a fornecer informa\u00e7\u00f5es valiosas e an\u00e1lises sobre aplicativos para celular, al\u00e9m de apresentar an\u00fancios selecionados para melhorar sua experi\u00eancia de navega\u00e7\u00e3o. A sua privacidade \u00e9 de suma import\u00e2ncia para n\u00f3s, e esta Pol\u00edtica de Privacidade detalha as pr\u00e1ticas de coleta, uso, manuten\u00e7\u00e3o e divulga\u00e7\u00e3o de informa\u00e7\u00f5es [&hellip;]<\/p>","protected":false},"author":1,"featured_media":0,"parent":0,"menu_order":0,"comment_status":"closed","ping_status":"open","template":"","meta":{"footnotes":""},"class_list":["post-3","page","type-page","status-publish","hentry","entry"],"yoast_head":"<!-- This site is optimized with the Yoast SEO Premium plugin v20.5 (Yoast SEO v23.1) - https:\/\/yoast.com\/wordpress\/plugins\/seo\/ -->\n<title>Pol\u00edtica de Privacidade - Portal Not\u00edcias<\/title>\n<meta name=\"robots\" content=\"index, follow, max-snippet:-1, max-image-preview:large, max-video-preview:-1\" \/>\n<link rel=\"canonical\" href=\"https:\/\/app.ip7blog.com\/it\/politica-sulla-riservatezza\/\" \/>\n<meta property=\"og:locale\" content=\"it_IT\" \/>\n<meta property=\"og:type\" content=\"article\" \/>\n<meta property=\"og:title\" content=\"Pol\u00edtica de Privacidade\" \/>\n<meta property=\"og:description\" content=\"\u00daltima Atualiza\u00e7\u00e3o: 14\/03\/2024 Bem-vindo ao IP8BLOG.COM, um recurso dedicado a fornecer informa\u00e7\u00f5es valiosas e an\u00e1lises sobre aplicativos para celular, al\u00e9m de apresentar an\u00fancios selecionados para melhorar sua experi\u00eancia de navega\u00e7\u00e3o. A sua privacidade \u00e9 de suma import\u00e2ncia para n\u00f3s, e esta Pol\u00edtica de Privacidade detalha as pr\u00e1ticas de coleta, uso, manuten\u00e7\u00e3o e divulga\u00e7\u00e3o de informa\u00e7\u00f5es [&hellip;]\" \/>\n<meta property=\"og:url\" content=\"https:\/\/app.ip7blog.com\/it\/politica-sulla-riservatezza\/\" \/>\n<meta property=\"og:site_name\" content=\"Portal Not\u00edcias\" \/>\n<meta property=\"article:publisher\" content=\"https:\/\/www.facebook.com\/ErndsOf\/\" \/>\n<meta property=\"article:modified_time\" content=\"2024-03-14T14:04:25+00:00\" \/>\n<meta name=\"twitter:card\" content=\"summary_large_image\" \/>\n<meta name=\"twitter:label1\" content=\"Tempo di lettura stimato\" \/>\n\t<meta name=\"twitter:data1\" content=\"7 minuti\" \/>\n<script type=\"application\/ld+json\" class=\"yoast-schema-graph\">{\"@context\":\"https:\/\/schema.org\",\"@graph\":[{\"@type\":\"WebPage\",\"@id\":\"https:\/\/app.ip7blog.com\/privacy-policy\/\",\"url\":\"https:\/\/app.ip7blog.com\/privacy-policy\/\",\"name\":\"Pol\u00edtica de Privacidade - Portal Not\u00edcias\",\"isPartOf\":{\"@id\":\"https:\/\/app.ip7blog.com\/#website\"},\"datePublished\":\"2023-08-19T17:19:57+00:00\",\"dateModified\":\"2024-03-14T14:04:25+00:00\",\"breadcrumb\":{\"@id\":\"https:\/\/app.ip7blog.com\/privacy-policy\/#breadcrumb\"},\"inLanguage\":\"it-IT\",\"potentialAction\":[{\"@type\":\"ReadAction\",\"target\":[\"https:\/\/app.ip7blog.com\/privacy-policy\/\"]}]},{\"@type\":\"BreadcrumbList\",\"@id\":\"https:\/\/app.ip7blog.com\/privacy-policy\/#breadcrumb\",\"itemListElement\":[{\"@type\":\"ListItem\",\"position\":1,\"name\":\"In\u00edcio\",\"item\":\"https:\/\/app.ip7blog.com\/\"},{\"@type\":\"ListItem\",\"position\":2,\"name\":\"Pol\u00edtica de Privacidade\"}]},{\"@type\":\"WebSite\",\"@id\":\"https:\/\/app.ip7blog.com\/#website\",\"url\":\"https:\/\/app.ip7blog.com\/\",\"name\":\"Portal Not\u00edcias\",\"description\":\"Oportunidades de empregos, cursos onlines e muito mais\",\"potentialAction\":[{\"@type\":\"SearchAction\",\"target\":{\"@type\":\"EntryPoint\",\"urlTemplate\":\"https:\/\/app.ip7blog.com\/?s={search_term_string}\"},\"query-input\":\"required name=search_term_string\"}],\"inLanguage\":\"it-IT\"}]}<\/script>\n<!-- \/ Yoast SEO Premium plugin. -->","yoast_head_json":{"title":"Pol\u00edtica de Privacidade - Portal Not\u00edcias","robots":{"index":"index","follow":"follow","max-snippet":"max-snippet:-1","max-image-preview":"max-image-preview:large","max-video-preview":"max-video-preview:-1"},"canonical":"https:\/\/app.ip7blog.com\/it\/politica-sulla-riservatezza\/","og_locale":"it_IT","og_type":"article","og_title":"Pol\u00edtica de Privacidade","og_description":"\u00daltima Atualiza\u00e7\u00e3o: 14\/03\/2024 Bem-vindo ao IP8BLOG.COM, um recurso dedicado a fornecer informa\u00e7\u00f5es valiosas e an\u00e1lises sobre aplicativos para celular, al\u00e9m de apresentar an\u00fancios selecionados para melhorar sua experi\u00eancia de navega\u00e7\u00e3o. A sua privacidade \u00e9 de suma import\u00e2ncia para n\u00f3s, e esta Pol\u00edtica de Privacidade detalha as pr\u00e1ticas de coleta, uso, manuten\u00e7\u00e3o e divulga\u00e7\u00e3o de informa\u00e7\u00f5es [&hellip;]","og_url":"https:\/\/app.ip7blog.com\/it\/politica-sulla-riservatezza\/","og_site_name":"Portal Not\u00edcias","article_publisher":"https:\/\/www.facebook.com\/ErndsOf\/","article_modified_time":"2024-03-14T14:04:25+00:00","twitter_card":"summary_large_image","twitter_misc":{"Tempo di lettura stimato":"7 minuti"},"schema":{"@context":"https:\/\/schema.org","@graph":[{"@type":"WebPage","@id":"https:\/\/app.ip7blog.com\/privacy-policy\/","url":"https:\/\/app.ip7blog.com\/privacy-policy\/","name":"Pol\u00edtica de Privacidade - Portal Not\u00edcias","isPartOf":{"@id":"https:\/\/app.ip7blog.com\/#website"},"datePublished":"2023-08-19T17:19:57+00:00","dateModified":"2024-03-14T14:04:25+00:00","breadcrumb":{"@id":"https:\/\/app.ip7blog.com\/privacy-policy\/#breadcrumb"},"inLanguage":"it-IT","potentialAction":[{"@type":"ReadAction","target":["https:\/\/app.ip7blog.com\/privacy-policy\/"]}]},{"@type":"BreadcrumbList","@id":"https:\/\/app.ip7blog.com\/privacy-policy\/#breadcrumb","itemListElement":[{"@type":"ListItem","position":1,"name":"In\u00edcio","item":"https:\/\/app.ip7blog.com\/"},{"@type":"ListItem","position":2,"name":"Pol\u00edtica de Privacidade"}]},{"@type":"WebSite","@id":"https:\/\/app.ip7blog.com\/#website","url":"https:\/\/app.ip7blog.com\/","name":"Portal Not\u00edcias","description":"Oportunidades de empregos, cursos onlines e muito mais","potentialAction":[{"@type":"SearchAction","target":{"@type":"EntryPoint","urlTemplate":"https:\/\/app.ip7blog.com\/?s={search_term_string}"},"query-input":"required name=search_term_string"}],"inLanguage":"it-IT"}]}},"_links":{"self":[{"href":"https:\/\/app.ip7blog.com\/it\/wp-json\/wp\/v2\/pages\/3","targetHints":{"allow":["GET"]}}],"collection":[{"href":"https:\/\/app.ip7blog.com\/it\/wp-json\/wp\/v2\/pages"}],"about":[{"href":"https:\/\/app.ip7blog.com\/it\/wp-json\/wp\/v2\/types\/page"}],"author":[{"embeddable":true,"href":"https:\/\/app.ip7blog.com\/it\/wp-json\/wp\/v2\/users\/1"}],"replies":[{"embeddable":true,"href":"https:\/\/app.ip7blog.com\/it\/wp-json\/wp\/v2\/comments?post=3"}],"version-history":[{"count":2,"href":"https:\/\/app.ip7blog.com\/it\/wp-json\/wp\/v2\/pages\/3\/revisions"}],"predecessor-version":[{"id":287714,"href":"https:\/\/app.ip7blog.com\/it\/wp-json\/wp\/v2\/pages\/3\/revisions\/287714"}],"wp:attachment":[{"href":"https:\/\/app.ip7blog.com\/it\/wp-json\/wp\/v2\/media?parent=3"}],"curies":[{"name":"wp","href":"https:\/\/api.w.org\/{rel}","templated":true}]}}