{"id":26,"date":"2023-08-19T18:20:00","date_gmt":"2023-08-19T18:20:00","guid":{"rendered":"https:\/\/casacelular.com.br\/?page_id=26"},"modified":"2024-02-20T22:55:38","modified_gmt":"2024-02-21T01:55:38","slug":"contact-us","status":"publish","type":"page","link":"https:\/\/app.ip7blog.com\/it\/contattaci\/","title":{"rendered":"Contatto"},"content":{"rendered":"<p><strong>Contatto \u2013 IP8BLOG<\/strong><\/p>\n\n\n\n<p>Ci piacerebbe sentire la tua opinione! Se hai domande, suggerimenti o desideri condividere con noi la tua app gratuita preferita, non esitare a contattarci. Qui a IP8BLOG, apprezziamo il collegamento con i nostri lettori e siamo sempre alla ricerca di nuove idee e feedback per migliorare la nostra piattaforma e i nostri contenuti.<\/p>\n\n\n\n<p><strong>Contattaci<\/strong><\/p>\n\n\n\n<p><strong>E-mail:<\/strong> Buscalineofc@gmail.com<\/p>\n\n\n\n<p>Il nostro team si impegna a rispondere a tutte le e-mail in modo rapido e attento. Che tu abbia bisogno di una semplice domanda o di un feedback dettagliato, siamo qui per ascoltarti.<\/p>\n\n\n\n<p><strong>Mezzi sociali<\/strong><\/p>\n\n\n\n<p>Seguici e interagisci con noi attraverso i nostri social network. Siamo attivi su Instagram, Twitter e Facebook @ip8blog. L\u00ec troverai aggiornamenti regolari, suggerimenti sulle app e potrai far parte della nostra community di appassionati di tecnologia e intrattenimento.<\/p>\n\n\n\n<p><strong>Instagram:<\/strong> <a href=\"https:\/\/instagram.com\/ip8blog\">@ip8blog<\/a><br><strong>Twitter:<\/strong> <a href=\"https:\/\/twitter.com\/ip8blog\">@ip8blog<\/a><br><strong>Facebook:<\/strong> <a href=\"https:\/\/facebook.com\/ip8blog\">IP8BLOG<\/a><\/p>\n\n\n\n<p><strong>Codice Postale<\/strong><\/p>\n\n\n\n<p>Per la corrispondenza fisica, puoi inviarci lettere, suggerimenti per applicazioni su supporto fisico o anche regali promozionali per la valutazione e l&#039;eventuale pubblicazione sul nostro blog:<\/p>\n\n\n\n<p>IP8BLOG<br>Aria condizionata: squadra di scrittori<br>San Paolo, Brasile<\/p>\n\n\n\n<p><strong>Partnership e pubblicit\u00e0<\/strong><\/p>\n\n\n\n<p>Se sei interessato a formare partnership, gestire campagne pubblicitarie su IP8BLOG o desideri discutere opportunit\u00e0 di collaborazione, invia un&#039;e-mail dettagliata a Buscalineofc@gmail.com con oggetto &quot;Partnership\/Pubblicit\u00e0&quot;. Il nostro team di marketing ti contatter\u00e0 per discutere come possiamo lavorare insieme.<\/p>\n\n\n\n<p><strong>Supporto<\/strong><\/p>\n\n\n\n<p>Per supporto tecnico relativo al sito Web o difficolt\u00e0 nell&#039;accesso alle applicazioni consigliate, contattaci via e-mail all&#039;indirizzo Buscalineofc@gmail.com con oggetto &quot;Supporto&quot;. Faremo del nostro meglio per aiutare a risolvere qualsiasi problema il pi\u00f9 rapidamente possibile.<\/p>\n\n\n\n<p>Apprezziamo il tuo interesse e il tuo supporto per IP8BLOG. La tua partecipazione attiva \u00e8 ci\u00f2 che rende la nostra comunit\u00e0 cos\u00ec speciale. Non vediamo l&#039;ora di sentire la tua opinione!<\/p>","protected":false},"excerpt":{"rendered":"<p>Contato &#8211; IP8BLOG Adorar\u00edamos ouvir voc\u00ea! Se voc\u00ea tem perguntas, sugest\u00f5es, ou gostaria de compartilhar seu aplicativo gratuito favorito conosco, n\u00e3o hesite em entrar em contato. Aqui no IP8BLOG, valorizamos a conex\u00e3o com nossos leitores e estamos sempre em busca de novas ideias e feedback para melhorar nossa plataforma e conte\u00fado. Fale Conosco E-mail: buscalineofc@gmail.com [&hellip;]<\/p>","protected":false},"author":1,"featured_media":0,"parent":0,"menu_order":0,"comment_status":"closed","ping_status":"closed","template":"","meta":{"footnotes":""},"class_list":["post-26","page","type-page","status-publish","hentry","entry"],"yoast_head":"<!-- This site is optimized with the Yoast SEO Premium plugin v20.5 (Yoast SEO v23.1) - https:\/\/yoast.com\/wordpress\/plugins\/seo\/ -->\n<title>Contato - Portal Not\u00edcias<\/title>\n<meta name=\"robots\" content=\"index, follow, max-snippet:-1, max-image-preview:large, max-video-preview:-1\" \/>\n<link rel=\"canonical\" href=\"https:\/\/app.ip7blog.com\/it\/contattaci\/\" \/>\n<meta property=\"og:locale\" content=\"it_IT\" \/>\n<meta property=\"og:type\" content=\"article\" \/>\n<meta property=\"og:title\" content=\"Contato\" \/>\n<meta property=\"og:description\" content=\"Contato &#8211; IP8BLOG Adorar\u00edamos ouvir voc\u00ea! Se voc\u00ea tem perguntas, sugest\u00f5es, ou gostaria de compartilhar seu aplicativo gratuito favorito conosco, n\u00e3o hesite em entrar em contato. Aqui no IP8BLOG, valorizamos a conex\u00e3o com nossos leitores e estamos sempre em busca de novas ideias e feedback para melhorar nossa plataforma e conte\u00fado. Fale Conosco E-mail: buscalineofc@gmail.com [&hellip;]\" \/>\n<meta property=\"og:url\" content=\"https:\/\/app.ip7blog.com\/it\/contattaci\/\" \/>\n<meta property=\"og:site_name\" content=\"Portal Not\u00edcias\" \/>\n<meta property=\"article:publisher\" content=\"https:\/\/www.facebook.com\/ErndsOf\/\" \/>\n<meta property=\"article:modified_time\" content=\"2024-02-21T01:55:38+00:00\" \/>\n<meta name=\"twitter:card\" content=\"summary_large_image\" \/>\n<meta name=\"twitter:label1\" content=\"Tempo di lettura stimato\" \/>\n\t<meta name=\"twitter:data1\" content=\"2 minuti\" \/>\n<script type=\"application\/ld+json\" class=\"yoast-schema-graph\">{\"@context\":\"https:\/\/schema.org\",\"@graph\":[{\"@type\":\"WebPage\",\"@id\":\"https:\/\/app.ip7blog.com\/contact-us\/\",\"url\":\"https:\/\/app.ip7blog.com\/contact-us\/\",\"name\":\"Contato - Portal Not\u00edcias\",\"isPartOf\":{\"@id\":\"https:\/\/app.ip7blog.com\/#website\"},\"datePublished\":\"2023-08-19T18:20:00+00:00\",\"dateModified\":\"2024-02-21T01:55:38+00:00\",\"breadcrumb\":{\"@id\":\"https:\/\/app.ip7blog.com\/contact-us\/#breadcrumb\"},\"inLanguage\":\"it-IT\",\"potentialAction\":[{\"@type\":\"ReadAction\",\"target\":[\"https:\/\/app.ip7blog.com\/contact-us\/\"]}]},{\"@type\":\"BreadcrumbList\",\"@id\":\"https:\/\/app.ip7blog.com\/contact-us\/#breadcrumb\",\"itemListElement\":[{\"@type\":\"ListItem\",\"position\":1,\"name\":\"In\u00edcio\",\"item\":\"https:\/\/app.ip7blog.com\/\"},{\"@type\":\"ListItem\",\"position\":2,\"name\":\"Contato\"}]},{\"@type\":\"WebSite\",\"@id\":\"https:\/\/app.ip7blog.com\/#website\",\"url\":\"https:\/\/app.ip7blog.com\/\",\"name\":\"Portal Not\u00edcias\",\"description\":\"Oportunidades de empregos, cursos onlines e muito mais\",\"potentialAction\":[{\"@type\":\"SearchAction\",\"target\":{\"@type\":\"EntryPoint\",\"urlTemplate\":\"https:\/\/app.ip7blog.com\/?s={search_term_string}\"},\"query-input\":\"required name=search_term_string\"}],\"inLanguage\":\"it-IT\"}]}<\/script>\n<!-- \/ Yoast SEO Premium plugin. -->","yoast_head_json":{"title":"Contato - Portal Not\u00edcias","robots":{"index":"index","follow":"follow","max-snippet":"max-snippet:-1","max-image-preview":"max-image-preview:large","max-video-preview":"max-video-preview:-1"},"canonical":"https:\/\/app.ip7blog.com\/it\/contattaci\/","og_locale":"it_IT","og_type":"article","og_title":"Contato","og_description":"Contato &#8211; IP8BLOG Adorar\u00edamos ouvir voc\u00ea! Se voc\u00ea tem perguntas, sugest\u00f5es, ou gostaria de compartilhar seu aplicativo gratuito favorito conosco, n\u00e3o hesite em entrar em contato. Aqui no IP8BLOG, valorizamos a conex\u00e3o com nossos leitores e estamos sempre em busca de novas ideias e feedback para melhorar nossa plataforma e conte\u00fado. Fale Conosco E-mail: buscalineofc@gmail.com [&hellip;]","og_url":"https:\/\/app.ip7blog.com\/it\/contattaci\/","og_site_name":"Portal Not\u00edcias","article_publisher":"https:\/\/www.facebook.com\/ErndsOf\/","article_modified_time":"2024-02-21T01:55:38+00:00","twitter_card":"summary_large_image","twitter_misc":{"Tempo di lettura stimato":"2 minuti"},"schema":{"@context":"https:\/\/schema.org","@graph":[{"@type":"WebPage","@id":"https:\/\/app.ip7blog.com\/contact-us\/","url":"https:\/\/app.ip7blog.com\/contact-us\/","name":"Contato - Portal Not\u00edcias","isPartOf":{"@id":"https:\/\/app.ip7blog.com\/#website"},"datePublished":"2023-08-19T18:20:00+00:00","dateModified":"2024-02-21T01:55:38+00:00","breadcrumb":{"@id":"https:\/\/app.ip7blog.com\/contact-us\/#breadcrumb"},"inLanguage":"it-IT","potentialAction":[{"@type":"ReadAction","target":["https:\/\/app.ip7blog.com\/contact-us\/"]}]},{"@type":"BreadcrumbList","@id":"https:\/\/app.ip7blog.com\/contact-us\/#breadcrumb","itemListElement":[{"@type":"ListItem","position":1,"name":"In\u00edcio","item":"https:\/\/app.ip7blog.com\/"},{"@type":"ListItem","position":2,"name":"Contato"}]},{"@type":"WebSite","@id":"https:\/\/app.ip7blog.com\/#website","url":"https:\/\/app.ip7blog.com\/","name":"Portal Not\u00edcias","description":"Oportunidades de empregos, cursos onlines e muito mais","potentialAction":[{"@type":"SearchAction","target":{"@type":"EntryPoint","urlTemplate":"https:\/\/app.ip7blog.com\/?s={search_term_string}"},"query-input":"required name=search_term_string"}],"inLanguage":"it-IT"}]}},"_links":{"self":[{"href":"https:\/\/app.ip7blog.com\/it\/wp-json\/wp\/v2\/pages\/26","targetHints":{"allow":["GET"]}}],"collection":[{"href":"https:\/\/app.ip7blog.com\/it\/wp-json\/wp\/v2\/pages"}],"about":[{"href":"https:\/\/app.ip7blog.com\/it\/wp-json\/wp\/v2\/types\/page"}],"author":[{"embeddable":true,"href":"https:\/\/app.ip7blog.com\/it\/wp-json\/wp\/v2\/users\/1"}],"replies":[{"embeddable":true,"href":"https:\/\/app.ip7blog.com\/it\/wp-json\/wp\/v2\/comments?post=26"}],"version-history":[{"count":0,"href":"https:\/\/app.ip7blog.com\/it\/wp-json\/wp\/v2\/pages\/26\/revisions"}],"wp:attachment":[{"href":"https:\/\/app.ip7blog.com\/it\/wp-json\/wp\/v2\/media?parent=26"}],"curies":[{"name":"wp","href":"https:\/\/api.w.org\/{rel}","templated":true}]}}