{"id":24,"date":"2023-08-19T18:19:39","date_gmt":"2023-08-19T18:19:39","guid":{"rendered":"https:\/\/casacelular.com.br\/?page_id=24"},"modified":"2024-02-20T22:57:13","modified_gmt":"2024-02-21T01:57:13","slug":"disclaimer","status":"publish","type":"page","link":"https:\/\/app.ip7blog.com\/it\/disclaimer\/","title":{"rendered":"Disclaimer"},"content":{"rendered":"<p><strong>Dichiarazione di non responsabilit\u00e0 \u2013 IP8BLOG<\/strong><\/p>\n\n\n\n<p>IP8BLOG \u00e8 uno spazio dedicato alla condivisione di informazioni, analisi e consigli sulle applicazioni di intrattenimento gratuite. \u00c8 importante sottolineare che le opinioni espresse in questo blog sono esclusivamente quelle degli autori e non riflettono necessariamente le opinioni di alcuna organizzazione o azienda associata.<\/p>\n\n\n\n<p><strong>Informazioni sui contenuti pubblicati<\/strong><\/p>\n\n\n\n<ol class=\"wp-block-list\">\n<li><strong>Raccomandazioni per l&#039;applicazione:<\/strong> I consigli e le recensioni delle app presenti su IP8BLOG si basano sulla nostra esperienza e ricerca. Sebbene ci impegniamo a fornire informazioni accurate e aggiornate, non possiamo garantire che tutte le informazioni siano sempre complete o aggiornate. Gli utenti dovrebbero sempre controllare le informazioni e le recensioni delle applicazioni sulle piattaforme ufficiali prima di scaricarle.<\/li>\n\n\n\n<li><strong>Link esterno:<\/strong> IP8BLOG pu\u00f2 contenere collegamenti a siti Web esterni che non sono gestiti o controllati da noi. Questi collegamenti sono forniti per comodit\u00e0 e non implicano approvazione. Non siamo responsabili del contenuto o delle pratiche sulla privacy dei siti Web esterni.<\/li>\n\n\n\n<li><strong>Pubblicit\u00e0 e partnership:<\/strong> Potremmo visualizzare pubblicit\u00e0 di terze parti o contenuti sponsorizzati come un modo per supportare il blog. Sebbene la pubblicit\u00e0 possa influenzare la posizione e la presenza di tali annunci, non influisce sulle recensioni e sui pareri delle applicazioni consigliate. Qualsiasi contenuto sponsorizzato sar\u00e0 chiaramente identificato come tale.<\/li>\n<\/ol>\n\n\n\n<p><strong>Dichiarazione di non responsabilit\u00e0 legale<\/strong><\/p>\n\n\n\n<p>Il contenuto fornito da IP8BLOG \u00e8 offerto &quot;cos\u00ec com&#039;\u00e8&quot;, senza garanzie di alcun tipo, esplicite o implicite. Non garantiamo che il blog sar\u00e0 privo di errori, sicuro o disponibile ininterrottamente. Non siamo responsabili per eventuali danni o perdite derivanti dall&#039;uso o dall&#039;impossibilit\u00e0 di utilizzare il blog, dall&#039;affidamento sulle informazioni qui contenute o da qualsiasi condotta di terzi sul blog.<\/p>\n\n\n\n<p><strong>Diritto d&#039;autore<\/strong><\/p>\n\n\n\n<p>Tutti i contenuti pubblicati su IP8BLOG, inclusi testi, grafica, loghi, icone, immagini e raccolte di dati, sono di propriet\u00e0 di IP8BLOG o dei fornitori di contenuti ed sono protetti dalle leggi brasiliane e internazionali sul copyright. L&#039;uso non autorizzato di qualsiasi materiale trovato su questo blog pu\u00f2 violare le leggi sul copyright, sui marchi e altre leggi.<\/p>\n\n\n\n<p><strong>Modifiche alla Dichiarazione di non responsabilit\u00e0<\/strong><\/p>\n\n\n\n<p>Ci riserviamo il diritto di modificare il presente disclaimer in qualsiasi momento. Raccomandiamo ai visitatori di rivedere regolarmente questa pagina per rimanere informati su eventuali modifiche.<\/p>\n\n\n\n<p><strong>Contatto<\/strong><\/p>\n\n\n\n<p>Per qualsiasi domanda o dubbio su questa clausola di esclusione della responsabilit\u00e0, contattaci all&#039;indirizzo Buscalineofc@gmail.com.<\/p>\n\n\n\n<p>Ti ringraziamo per la comprensione e il continuo supporto di IP8BLOG. La nostra missione \u00e8 fornire intrattenimento di qualit\u00e0 in modo accessibile, promuovendo un&#039;esperienza online arricchente e sicura per tutti.<\/p>","protected":false},"excerpt":{"rendered":"<p>Disclaimer &#8211; IP8BLOG O IP8BLOG \u00e9 um espa\u00e7o dedicado a compartilhar informa\u00e7\u00f5es, an\u00e1lises e recomenda\u00e7\u00f5es sobre aplicativos gratuitos de entretenimento. \u00c9 importante destacar que as opini\u00f5es expressas neste blog s\u00e3o exclusivamente dos autores e n\u00e3o refletem necessariamente as opini\u00f5es de qualquer organiza\u00e7\u00e3o ou empresa associada. Sobre o Conte\u00fado Publicado Isen\u00e7\u00e3o de Responsabilidade Legal O conte\u00fado [&hellip;]<\/p>","protected":false},"author":1,"featured_media":0,"parent":0,"menu_order":0,"comment_status":"closed","ping_status":"closed","template":"","meta":{"footnotes":""},"class_list":["post-24","page","type-page","status-publish","hentry","entry"],"yoast_head":"<!-- This site is optimized with the Yoast SEO Premium plugin v20.5 (Yoast SEO v23.1) - https:\/\/yoast.com\/wordpress\/plugins\/seo\/ -->\n<title>Disclaimer - Portal Not\u00edcias<\/title>\n<meta name=\"robots\" content=\"index, follow, max-snippet:-1, max-image-preview:large, max-video-preview:-1\" \/>\n<link rel=\"canonical\" href=\"https:\/\/app.ip7blog.com\/it\/disclaimer\/\" \/>\n<meta property=\"og:locale\" content=\"it_IT\" \/>\n<meta property=\"og:type\" content=\"article\" \/>\n<meta property=\"og:title\" content=\"Disclaimer\" \/>\n<meta property=\"og:description\" content=\"Disclaimer &#8211; IP8BLOG O IP8BLOG \u00e9 um espa\u00e7o dedicado a compartilhar informa\u00e7\u00f5es, an\u00e1lises e recomenda\u00e7\u00f5es sobre aplicativos gratuitos de entretenimento. \u00c9 importante destacar que as opini\u00f5es expressas neste blog s\u00e3o exclusivamente dos autores e n\u00e3o refletem necessariamente as opini\u00f5es de qualquer organiza\u00e7\u00e3o ou empresa associada. Sobre o Conte\u00fado Publicado Isen\u00e7\u00e3o de Responsabilidade Legal O conte\u00fado [&hellip;]\" \/>\n<meta property=\"og:url\" content=\"https:\/\/app.ip7blog.com\/it\/disclaimer\/\" \/>\n<meta property=\"og:site_name\" content=\"Portal Not\u00edcias\" \/>\n<meta property=\"article:publisher\" content=\"https:\/\/www.facebook.com\/ErndsOf\/\" \/>\n<meta property=\"article:modified_time\" content=\"2024-02-21T01:57:13+00:00\" \/>\n<meta name=\"twitter:card\" content=\"summary_large_image\" \/>\n<meta name=\"twitter:label1\" content=\"Tempo di lettura stimato\" \/>\n\t<meta name=\"twitter:data1\" content=\"2 minuti\" \/>\n<script type=\"application\/ld+json\" class=\"yoast-schema-graph\">{\"@context\":\"https:\/\/schema.org\",\"@graph\":[{\"@type\":\"WebPage\",\"@id\":\"https:\/\/app.ip7blog.com\/disclaimer\/\",\"url\":\"https:\/\/app.ip7blog.com\/disclaimer\/\",\"name\":\"Disclaimer - Portal Not\u00edcias\",\"isPartOf\":{\"@id\":\"https:\/\/app.ip7blog.com\/#website\"},\"datePublished\":\"2023-08-19T18:19:39+00:00\",\"dateModified\":\"2024-02-21T01:57:13+00:00\",\"breadcrumb\":{\"@id\":\"https:\/\/app.ip7blog.com\/disclaimer\/#breadcrumb\"},\"inLanguage\":\"it-IT\",\"potentialAction\":[{\"@type\":\"ReadAction\",\"target\":[\"https:\/\/app.ip7blog.com\/disclaimer\/\"]}]},{\"@type\":\"BreadcrumbList\",\"@id\":\"https:\/\/app.ip7blog.com\/disclaimer\/#breadcrumb\",\"itemListElement\":[{\"@type\":\"ListItem\",\"position\":1,\"name\":\"In\u00edcio\",\"item\":\"https:\/\/app.ip7blog.com\/\"},{\"@type\":\"ListItem\",\"position\":2,\"name\":\"Disclaimer\"}]},{\"@type\":\"WebSite\",\"@id\":\"https:\/\/app.ip7blog.com\/#website\",\"url\":\"https:\/\/app.ip7blog.com\/\",\"name\":\"Portal Not\u00edcias\",\"description\":\"Oportunidades de empregos, cursos onlines e muito mais\",\"potentialAction\":[{\"@type\":\"SearchAction\",\"target\":{\"@type\":\"EntryPoint\",\"urlTemplate\":\"https:\/\/app.ip7blog.com\/?s={search_term_string}\"},\"query-input\":\"required name=search_term_string\"}],\"inLanguage\":\"it-IT\"}]}<\/script>\n<!-- \/ Yoast SEO Premium plugin. -->","yoast_head_json":{"title":"Disclaimer - Portal Not\u00edcias","robots":{"index":"index","follow":"follow","max-snippet":"max-snippet:-1","max-image-preview":"max-image-preview:large","max-video-preview":"max-video-preview:-1"},"canonical":"https:\/\/app.ip7blog.com\/it\/disclaimer\/","og_locale":"it_IT","og_type":"article","og_title":"Disclaimer","og_description":"Disclaimer &#8211; IP8BLOG O IP8BLOG \u00e9 um espa\u00e7o dedicado a compartilhar informa\u00e7\u00f5es, an\u00e1lises e recomenda\u00e7\u00f5es sobre aplicativos gratuitos de entretenimento. \u00c9 importante destacar que as opini\u00f5es expressas neste blog s\u00e3o exclusivamente dos autores e n\u00e3o refletem necessariamente as opini\u00f5es de qualquer organiza\u00e7\u00e3o ou empresa associada. Sobre o Conte\u00fado Publicado Isen\u00e7\u00e3o de Responsabilidade Legal O conte\u00fado [&hellip;]","og_url":"https:\/\/app.ip7blog.com\/it\/disclaimer\/","og_site_name":"Portal Not\u00edcias","article_publisher":"https:\/\/www.facebook.com\/ErndsOf\/","article_modified_time":"2024-02-21T01:57:13+00:00","twitter_card":"summary_large_image","twitter_misc":{"Tempo di lettura stimato":"2 minuti"},"schema":{"@context":"https:\/\/schema.org","@graph":[{"@type":"WebPage","@id":"https:\/\/app.ip7blog.com\/disclaimer\/","url":"https:\/\/app.ip7blog.com\/disclaimer\/","name":"Disclaimer - Portal Not\u00edcias","isPartOf":{"@id":"https:\/\/app.ip7blog.com\/#website"},"datePublished":"2023-08-19T18:19:39+00:00","dateModified":"2024-02-21T01:57:13+00:00","breadcrumb":{"@id":"https:\/\/app.ip7blog.com\/disclaimer\/#breadcrumb"},"inLanguage":"it-IT","potentialAction":[{"@type":"ReadAction","target":["https:\/\/app.ip7blog.com\/disclaimer\/"]}]},{"@type":"BreadcrumbList","@id":"https:\/\/app.ip7blog.com\/disclaimer\/#breadcrumb","itemListElement":[{"@type":"ListItem","position":1,"name":"In\u00edcio","item":"https:\/\/app.ip7blog.com\/"},{"@type":"ListItem","position":2,"name":"Disclaimer"}]},{"@type":"WebSite","@id":"https:\/\/app.ip7blog.com\/#website","url":"https:\/\/app.ip7blog.com\/","name":"Portal Not\u00edcias","description":"Oportunidades de empregos, cursos onlines e muito mais","potentialAction":[{"@type":"SearchAction","target":{"@type":"EntryPoint","urlTemplate":"https:\/\/app.ip7blog.com\/?s={search_term_string}"},"query-input":"required name=search_term_string"}],"inLanguage":"it-IT"}]}},"_links":{"self":[{"href":"https:\/\/app.ip7blog.com\/it\/wp-json\/wp\/v2\/pages\/24","targetHints":{"allow":["GET"]}}],"collection":[{"href":"https:\/\/app.ip7blog.com\/it\/wp-json\/wp\/v2\/pages"}],"about":[{"href":"https:\/\/app.ip7blog.com\/it\/wp-json\/wp\/v2\/types\/page"}],"author":[{"embeddable":true,"href":"https:\/\/app.ip7blog.com\/it\/wp-json\/wp\/v2\/users\/1"}],"replies":[{"embeddable":true,"href":"https:\/\/app.ip7blog.com\/it\/wp-json\/wp\/v2\/comments?post=24"}],"version-history":[{"count":0,"href":"https:\/\/app.ip7blog.com\/it\/wp-json\/wp\/v2\/pages\/24\/revisions"}],"wp:attachment":[{"href":"https:\/\/app.ip7blog.com\/it\/wp-json\/wp\/v2\/media?parent=24"}],"curies":[{"name":"wp","href":"https:\/\/api.w.org\/{rel}","templated":true}]}}