{"id":3,"date":"2023-08-19T17:19:57","date_gmt":"2023-08-19T17:19:57","guid":{"rendered":"http:\/\/casacelular.com.br\/?page_id=3"},"modified":"2024-03-14T11:04:25","modified_gmt":"2024-03-14T14:04:25","slug":"privacy-policy","status":"publish","type":"page","link":"https:\/\/app.ip7blog.com\/fr\/politique-de-confidentialite\/","title":{"rendered":"politique de confidentialit\u00e9"},"content":{"rendered":"<p><strong>\u00daltima Atualiza\u00e7\u00e3o: <\/strong>14\/03\/2024<\/p>\n\n\n\n<p>Bem-vindo ao IP8BLOG.COM, um recurso dedicado a fornecer informa\u00e7\u00f5es valiosas e an\u00e1lises sobre aplicativos para celular, al\u00e9m de apresentar an\u00fancios selecionados para melhorar sua experi\u00eancia de navega\u00e7\u00e3o. A sua privacidade \u00e9 de suma import\u00e2ncia para n\u00f3s, e esta Pol\u00edtica de Privacidade detalha as pr\u00e1ticas de coleta, uso, manuten\u00e7\u00e3o e divulga\u00e7\u00e3o de informa\u00e7\u00f5es coletadas dos usu\u00e1rios (cada um, um &#8220;Usu\u00e1rio&#8221;) do site IP8BLOG.COM (&#8220;Site&#8221;).<\/p>\n\n\n\n<h2 class=\"wp-block-heading\" id=\"h-1-coleta-de-informacoes\">1. Coleta de Informa\u00e7\u00f5es<\/h2>\n\n\n\n<h3 class=\"wp-block-heading\" id=\"h-1-1-informacoes-pessoais\">1.1. Informa\u00e7\u00f5es Pessoais<\/h3>\n\n\n\n<p>Podemos coletar informa\u00e7\u00f5es pessoais dos Usu\u00e1rios de v\u00e1rias maneiras, incluindo, mas n\u00e3o se limitando a, quando os Usu\u00e1rios visitam nosso site, se registram no site, preenchem um formul\u00e1rio, respondem a uma pesquisa, e em conex\u00e3o com outras atividades, servi\u00e7os, recursos ou recursos que disponibilizamos em nosso Site. Os Usu\u00e1rios podem ser solicitados a fornecer, conforme apropriado, nome, endere\u00e7o de e-mail, endere\u00e7o postal e n\u00famero de telefone. No entanto, os Usu\u00e1rios podem visitar nosso Site anonimamente. Coletamos informa\u00e7\u00f5es pessoais dos Usu\u00e1rios apenas se eles voluntariamente nos enviarem tais informa\u00e7\u00f5es. Os Usu\u00e1rios podem sempre se recusar a fornecer informa\u00e7\u00f5es pessoais, exceto que isso pode impedi-los de se engajar em certas atividades relacionadas ao Site.<\/p>\n\n\n\n<h3 class=\"wp-block-heading\" id=\"h-1-2-informacoes-nao-pessoais\">1.2. Informa\u00e7\u00f5es N\u00e3o Pessoais<\/h3>\n\n\n\n<p>Coletamos informa\u00e7\u00f5es n\u00e3o pessoais sobre Usu\u00e1rios sempre que eles interagem com nosso Site. As informa\u00e7\u00f5es n\u00e3o pessoais podem incluir o nome do navegador, o tipo de computador e informa\u00e7\u00f5es t\u00e9cnicas sobre os meios de conex\u00e3o dos Usu\u00e1rios ao nosso Site, como o sistema operacional e os provedores de servi\u00e7os de Internet utilizados e outras informa\u00e7\u00f5es semelhantes.<\/p>\n\n\n\n<h3 class=\"wp-block-heading\" id=\"h-1-3-cookies-e-rastreamento\">1.3. Cookies e Rastreamento<\/h3>\n\n\n\n<p>Nosso Site pode usar &#8220;cookies&#8221; para melhorar a experi\u00eancia do Usu\u00e1rio. O navegador da web do Usu\u00e1rio coloca cookies em seu disco r\u00edgido para fins de manuten\u00e7\u00e3o de registros e, \u00e0s vezes, para rastrear informa\u00e7\u00f5es sobre eles. Os Usu\u00e1rios podem escolher configurar seu navegador da web para recusar cookies ou para alert\u00e1-los quando os cookies est\u00e3o sendo enviados. Se fizerem isso, observe que algumas partes do Site podem n\u00e3o funcionar corretamente.<\/p>\n\n\n\n<h2 class=\"wp-block-heading\" id=\"h-2-uso-de-informacoes-coletadas\">2. Uso de Informa\u00e7\u00f5es Coletadas<\/h2>\n\n\n\n<p>O IP8BLOG.COM pode coletar e usar as informa\u00e7\u00f5es pessoais dos Usu\u00e1rios para os seguintes prop\u00f3sitos:<\/p>\n\n\n\n<ul class=\"wp-block-list\">\n<li><strong>Para melhorar o atendimento ao cliente<\/strong>: As informa\u00e7\u00f5es que voc\u00ea fornece nos ajudam a responder \u00e0s suas solicita\u00e7\u00f5es de atendimento ao cliente e \u00e0s necessidades de suporte de forma mais eficiente.<\/li>\n\n\n\n<li><strong>Para personalizar a experi\u00eancia do usu\u00e1rio<\/strong>: Podemos usar informa\u00e7\u00f5es no agregado para entender como nossos Usu\u00e1rios como um grupo usam os servi\u00e7os e recursos fornecidos em nosso Site.<\/li>\n\n\n\n<li><strong>Para melhorar nosso Site<\/strong>: Podemos usar o feedback que voc\u00ea fornece para melhorar nossos produtos e servi\u00e7os.<\/li>\n\n\n\n<li><strong>Para enviar e-mails peri\u00f3dicos<\/strong>: Podemos usar o endere\u00e7o de e-mail para enviar informa\u00e7\u00f5es do Usu\u00e1rio e atualiza\u00e7\u00f5es relacionadas ao seu pedido. Ele tamb\u00e9m pode ser usado para responder \u00e0s suas perguntas, perguntas e\/ou outros pedidos. Se o Usu\u00e1rio decidir optar por nossa lista de correspond\u00eancia, ele receber\u00e1 e-mails que podem incluir not\u00edcias da empresa, atualiza\u00e7\u00f5es, informa\u00e7\u00f5es relacionadas ao produto ou servi\u00e7o, etc. Se a qualquer momento o Usu\u00e1rio desejar cancelar o recebimento de futuros e-mails, inclu\u00edmos instru\u00e7\u00f5es detalhadas de cancelamento de inscri\u00e7\u00e3o na parte inferior de cada e-mail.<\/li>\n<\/ul>\n\n\n\n<h2 class=\"wp-block-heading\" id=\"h-3-protecao-de-suas-informacoes\">3. Prote\u00e7\u00e3o de Suas Informa\u00e7\u00f5es<\/h2>\n\n\n\n<p>Adotamos pr\u00e1ticas adequadas de coleta, armazenamento e processamento de dados e medidas de seguran\u00e7a para proteger contra acesso n\u00e3o autorizado, altera\u00e7\u00e3o, divulga\u00e7\u00e3o ou destrui\u00e7\u00e3o de suas informa\u00e7\u00f5es pessoais, nome de usu\u00e1rio, senha, informa\u00e7\u00f5es de transa\u00e7\u00e3o e dados armazenados em nosso Site.<\/p>\n\n\n\n<p>Nossa troca de dados sens\u00edveis e privados entre o Site e seus Usu\u00e1rios ocorre em um canal de comunica\u00e7\u00e3o SSL protegido e \u00e9 criptografada e protegida com assinaturas digitais.<\/p>\n\n\n\n<h2 class=\"wp-block-heading\" id=\"h-4-compartilhamento-de-suas-informacoes-pessoais\">4. Compartilhamento de Suas Informa\u00e7\u00f5es Pessoais<\/h2>\n\n\n\n<p>N\u00e3o vendemos, comercializamos ou alugamos as informa\u00e7\u00f5es de identifica\u00e7\u00e3o pessoal dos Usu\u00e1rios a terceiros. Podemos compartilhar informa\u00e7\u00f5es demogr\u00e1ficas agregadas gen\u00e9ricas n\u00e3o vinculadas a qualquer informa\u00e7\u00e3o de identifica\u00e7\u00e3o pessoal sobre visitantes e usu\u00e1rios com nossos parceiros de neg\u00f3cios, afiliadas confi\u00e1veis e anunciantes para os prop\u00f3sitos descritos acima.<\/p>\n\n\n\n<h2 class=\"wp-block-heading\" id=\"h-5-sites-de-terceiros\">5. Sites de Terceiros<\/h2>\n\n\n\n<p>Os Usu\u00e1rios podem encontrar publicidade ou outro conte\u00fado em nosso Site que se vincule aos sites e servi\u00e7os de nossos parceiros, fornecedores, anunciantes, patrocinadores, licenciadores e outros terceiros. N\u00e3o controlamos o conte\u00fado ou os links que aparecem nesses sites e n\u00e3o somos respons\u00e1veis pelas pr\u00e1ticas empregadas por sites vinculados ao nosso Site. Al\u00e9m disso, esses sites ou servi\u00e7os, incluindo seu conte\u00fado e links, podem estar constantemente mudando. Esses sites e servi\u00e7os podem ter suas pr\u00f3prias pol\u00edticas de privacidade e pol\u00edticas de atendimento ao cliente. A navega\u00e7\u00e3o e intera\u00e7\u00e3o em qualquer outro site, incluindo sites que t\u00eam um link para o nosso Site, est\u00e3o sujeitas aos pr\u00f3prios termos e pol\u00edticas desse site.<\/p>\n\n\n\n<h3 class=\"wp-block-heading\">5.1 <strong>Uso do Google AdSense<\/strong><\/h3>\n\n\n\n<p>O IP8BLOG.COM utiliza o Google AdSense, um servi\u00e7o de an\u00fancios oferecido pelo Google que permite a exibi\u00e7\u00e3o de an\u00fancios em sites. O Google AdSense utiliza cookies para exibir an\u00fancios baseados nas visitas anteriores de um usu\u00e1rio ao nosso site ou a outros sites na Internet.<\/p>\n\n\n\n<h3 class=\"wp-block-heading\">5.2 Cookies e An\u00fancios Personalizados<\/h3>\n\n\n\n<p>O Google utiliza cookies para servir an\u00fancios baseados nas visitas anteriores dos usu\u00e1rios ao nosso site e a outros sites na Internet. Esses cookies permitem que o Google e seus parceiros exibam an\u00fancios com base nas visitas dos usu\u00e1rios ao IP8BLOG.COM e\/ou a outros sites na Internet.<\/p>\n\n\n\n<p>Os usu\u00e1rios podem optar por desativar a publicidade personalizada visitando as Configura\u00e7\u00f5es de An\u00fancios do Google. Al\u00e9m disso, os usu\u00e1rios podem optar por desativar o uso de cookies por terceiros para publicidade personalizada acessando <a href=\"http:\/\/www.aboutads.info\/\">www.aboutads.info<\/a>.<\/p>\n\n\n\n<h3 class=\"wp-block-heading\">5.3 Coleta e Uso de Dados pelo Google<\/h3>\n\n\n\n<p>Ao usar o Google AdSense, informa\u00e7\u00f5es sobre os usu\u00e1rios, incluindo dados como cliques em an\u00fancios, endere\u00e7o IP e outras informa\u00e7\u00f5es semelhantes, podem ser transferidas para o Google. Essas informa\u00e7\u00f5es s\u00e3o utilizadas para otimizar a efic\u00e1cia da publicidade e para fornecer an\u00fancios mais relevantes para os usu\u00e1rios.<\/p>\n\n\n\n<p>O uso de cookies pelo Google permite que ele e seus parceiros sirvam an\u00fancios para os usu\u00e1rios do nosso site com base em suas visitas ao IP8BLOG.COM e\/ou a outros sites na Internet.<\/p>\n\n\n\n<h3 class=\"wp-block-heading\">5.4 Prote\u00e7\u00e3o de Dados e Escolhas do Usu\u00e1rio<\/h3>\n\n\n\n<p>Entendemos a import\u00e2ncia da privacidade dos nossos usu\u00e1rios e fornecemos op\u00e7\u00f5es para controlar como as informa\u00e7\u00f5es s\u00e3o coletadas e utilizadas em rela\u00e7\u00e3o \u00e0 publicidade. Recomendamos que os usu\u00e1rios revisem as configura\u00e7\u00f5es de privacidade e an\u00fancios do Google para entender melhor suas op\u00e7\u00f5es e controlar como os dados s\u00e3o utilizados.<\/p>\n\n\n\n<p>Para mais informa\u00e7\u00f5es sobre como o Google coleta, usa e protege suas informa\u00e7\u00f5es, consulte a Pol\u00edtica de Privacidade do Google.<\/p>\n\n\n\n<h2 class=\"wp-block-heading\" id=\"h-6-alteracoes-nesta-politica-de-privacidade\">6. Altera\u00e7\u00f5es nesta Pol\u00edtica de Privacidade<\/h2>\n\n\n\n<p>O IP8BLOG.COM tem o discernimento de atualizar esta pol\u00edtica de privacidade a qualquer momento. Quando fizermos, revisaremos a data de atualiza\u00e7\u00e3o no in\u00edcio desta p\u00e1gina. Encorajamos os Usu\u00e1rios a verificar frequentemente esta p\u00e1gina para quaisquer altera\u00e7\u00f5es e permanecerem informados sobre como estamos ajudando a proteger as informa\u00e7\u00f5es pessoais que coletamos. Voc\u00ea reconhece e concorda que \u00e9 sua responsabilidade revisar esta pol\u00edtica de privacidade periodicamente e tomar conhecimento de modifica\u00e7\u00f5es.<\/p>\n\n\n\n<h2 class=\"wp-block-heading\" id=\"h-7-sua-aceitacao-destes-termos\">7. Sua Aceita\u00e7\u00e3o destes Termos<\/h2>\n\n\n\n<p>Ao usar este Site, voc\u00ea sinaliza sua aceita\u00e7\u00e3o desta pol\u00edtica. Se voc\u00ea n\u00e3o concordar com esta pol\u00edtica, por favor, n\u00e3o use nosso Site. Seu uso cont\u00ednuo do Site ap\u00f3s a postagem de altera\u00e7\u00f5es a esta pol\u00edtica ser\u00e1 considerado sua aceita\u00e7\u00e3o dessas altera\u00e7\u00f5es.<\/p>\n\n\n\n<h2 class=\"wp-block-heading\" id=\"h-8-contato\">8. Contato<\/h2>\n\n\n\n<p>Se voc\u00ea tiver alguma d\u00favida sobre esta Pol\u00edtica de Privacidade, as pr\u00e1ticas deste site ou suas rela\u00e7\u00f5es com este site, entre em contato conosco em:<\/p>\n\n\n\n<p>E-mail: <a>searchlineofc@gmail.com<\/a><\/p>","protected":false},"excerpt":{"rendered":"<p>\u00daltima Atualiza\u00e7\u00e3o: 14\/03\/2024 Bem-vindo ao IP8BLOG.COM, um recurso dedicado a fornecer informa\u00e7\u00f5es valiosas e an\u00e1lises sobre aplicativos para celular, al\u00e9m de apresentar an\u00fancios selecionados para melhorar sua experi\u00eancia de navega\u00e7\u00e3o. A sua privacidade \u00e9 de suma import\u00e2ncia para n\u00f3s, e esta Pol\u00edtica de Privacidade detalha as pr\u00e1ticas de coleta, uso, manuten\u00e7\u00e3o e divulga\u00e7\u00e3o de informa\u00e7\u00f5es [&hellip;]<\/p>","protected":false},"author":1,"featured_media":0,"parent":0,"menu_order":0,"comment_status":"closed","ping_status":"open","template":"","meta":{"footnotes":""},"class_list":["post-3","page","type-page","status-publish","hentry","entry"],"yoast_head":"<!-- This site is optimized with the Yoast SEO Premium plugin v20.5 (Yoast SEO v23.1) - https:\/\/yoast.com\/wordpress\/plugins\/seo\/ -->\n<title>Pol\u00edtica de Privacidade - Portal Not\u00edcias<\/title>\n<meta name=\"robots\" content=\"index, follow, max-snippet:-1, max-image-preview:large, max-video-preview:-1\" \/>\n<link rel=\"canonical\" href=\"https:\/\/app.ip7blog.com\/fr\/politique-de-confidentialite\/\" \/>\n<meta property=\"og:locale\" content=\"fr_FR\" \/>\n<meta property=\"og:type\" content=\"article\" \/>\n<meta property=\"og:title\" content=\"Pol\u00edtica de Privacidade\" \/>\n<meta property=\"og:description\" content=\"\u00daltima Atualiza\u00e7\u00e3o: 14\/03\/2024 Bem-vindo ao IP8BLOG.COM, um recurso dedicado a fornecer informa\u00e7\u00f5es valiosas e an\u00e1lises sobre aplicativos para celular, al\u00e9m de apresentar an\u00fancios selecionados para melhorar sua experi\u00eancia de navega\u00e7\u00e3o. A sua privacidade \u00e9 de suma import\u00e2ncia para n\u00f3s, e esta Pol\u00edtica de Privacidade detalha as pr\u00e1ticas de coleta, uso, manuten\u00e7\u00e3o e divulga\u00e7\u00e3o de informa\u00e7\u00f5es [&hellip;]\" \/>\n<meta property=\"og:url\" content=\"https:\/\/app.ip7blog.com\/fr\/politique-de-confidentialite\/\" \/>\n<meta property=\"og:site_name\" content=\"Portal Not\u00edcias\" \/>\n<meta property=\"article:publisher\" content=\"https:\/\/www.facebook.com\/ErndsOf\/\" \/>\n<meta property=\"article:modified_time\" content=\"2024-03-14T14:04:25+00:00\" \/>\n<meta name=\"twitter:card\" content=\"summary_large_image\" \/>\n<meta name=\"twitter:label1\" content=\"Dur\u00e9e de lecture estim\u00e9e\" \/>\n\t<meta name=\"twitter:data1\" content=\"7 minutes\" \/>\n<script type=\"application\/ld+json\" class=\"yoast-schema-graph\">{\"@context\":\"https:\/\/schema.org\",\"@graph\":[{\"@type\":\"WebPage\",\"@id\":\"https:\/\/app.ip7blog.com\/privacy-policy\/\",\"url\":\"https:\/\/app.ip7blog.com\/privacy-policy\/\",\"name\":\"Pol\u00edtica de Privacidade - Portal Not\u00edcias\",\"isPartOf\":{\"@id\":\"https:\/\/app.ip7blog.com\/#website\"},\"datePublished\":\"2023-08-19T17:19:57+00:00\",\"dateModified\":\"2024-03-14T14:04:25+00:00\",\"breadcrumb\":{\"@id\":\"https:\/\/app.ip7blog.com\/privacy-policy\/#breadcrumb\"},\"inLanguage\":\"fr-FR\",\"potentialAction\":[{\"@type\":\"ReadAction\",\"target\":[\"https:\/\/app.ip7blog.com\/privacy-policy\/\"]}]},{\"@type\":\"BreadcrumbList\",\"@id\":\"https:\/\/app.ip7blog.com\/privacy-policy\/#breadcrumb\",\"itemListElement\":[{\"@type\":\"ListItem\",\"position\":1,\"name\":\"In\u00edcio\",\"item\":\"https:\/\/app.ip7blog.com\/\"},{\"@type\":\"ListItem\",\"position\":2,\"name\":\"Pol\u00edtica de Privacidade\"}]},{\"@type\":\"WebSite\",\"@id\":\"https:\/\/app.ip7blog.com\/#website\",\"url\":\"https:\/\/app.ip7blog.com\/\",\"name\":\"Portal Not\u00edcias\",\"description\":\"Oportunidades de empregos, cursos onlines e muito mais\",\"potentialAction\":[{\"@type\":\"SearchAction\",\"target\":{\"@type\":\"EntryPoint\",\"urlTemplate\":\"https:\/\/app.ip7blog.com\/?s={search_term_string}\"},\"query-input\":\"required name=search_term_string\"}],\"inLanguage\":\"fr-FR\"}]}<\/script>\n<!-- \/ Yoast SEO Premium plugin. -->","yoast_head_json":{"title":"Pol\u00edtica de Privacidade - Portal Not\u00edcias","robots":{"index":"index","follow":"follow","max-snippet":"max-snippet:-1","max-image-preview":"max-image-preview:large","max-video-preview":"max-video-preview:-1"},"canonical":"https:\/\/app.ip7blog.com\/fr\/politique-de-confidentialite\/","og_locale":"fr_FR","og_type":"article","og_title":"Pol\u00edtica de Privacidade","og_description":"\u00daltima Atualiza\u00e7\u00e3o: 14\/03\/2024 Bem-vindo ao IP8BLOG.COM, um recurso dedicado a fornecer informa\u00e7\u00f5es valiosas e an\u00e1lises sobre aplicativos para celular, al\u00e9m de apresentar an\u00fancios selecionados para melhorar sua experi\u00eancia de navega\u00e7\u00e3o. A sua privacidade \u00e9 de suma import\u00e2ncia para n\u00f3s, e esta Pol\u00edtica de Privacidade detalha as pr\u00e1ticas de coleta, uso, manuten\u00e7\u00e3o e divulga\u00e7\u00e3o de informa\u00e7\u00f5es [&hellip;]","og_url":"https:\/\/app.ip7blog.com\/fr\/politique-de-confidentialite\/","og_site_name":"Portal Not\u00edcias","article_publisher":"https:\/\/www.facebook.com\/ErndsOf\/","article_modified_time":"2024-03-14T14:04:25+00:00","twitter_card":"summary_large_image","twitter_misc":{"Dur\u00e9e de lecture estim\u00e9e":"7 minutes"},"schema":{"@context":"https:\/\/schema.org","@graph":[{"@type":"WebPage","@id":"https:\/\/app.ip7blog.com\/privacy-policy\/","url":"https:\/\/app.ip7blog.com\/privacy-policy\/","name":"Pol\u00edtica de Privacidade - Portal Not\u00edcias","isPartOf":{"@id":"https:\/\/app.ip7blog.com\/#website"},"datePublished":"2023-08-19T17:19:57+00:00","dateModified":"2024-03-14T14:04:25+00:00","breadcrumb":{"@id":"https:\/\/app.ip7blog.com\/privacy-policy\/#breadcrumb"},"inLanguage":"fr-FR","potentialAction":[{"@type":"ReadAction","target":["https:\/\/app.ip7blog.com\/privacy-policy\/"]}]},{"@type":"BreadcrumbList","@id":"https:\/\/app.ip7blog.com\/privacy-policy\/#breadcrumb","itemListElement":[{"@type":"ListItem","position":1,"name":"In\u00edcio","item":"https:\/\/app.ip7blog.com\/"},{"@type":"ListItem","position":2,"name":"Pol\u00edtica de Privacidade"}]},{"@type":"WebSite","@id":"https:\/\/app.ip7blog.com\/#website","url":"https:\/\/app.ip7blog.com\/","name":"Portal Not\u00edcias","description":"Oportunidades de empregos, cursos onlines e muito mais","potentialAction":[{"@type":"SearchAction","target":{"@type":"EntryPoint","urlTemplate":"https:\/\/app.ip7blog.com\/?s={search_term_string}"},"query-input":"required name=search_term_string"}],"inLanguage":"fr-FR"}]}},"_links":{"self":[{"href":"https:\/\/app.ip7blog.com\/fr\/wp-json\/wp\/v2\/pages\/3","targetHints":{"allow":["GET"]}}],"collection":[{"href":"https:\/\/app.ip7blog.com\/fr\/wp-json\/wp\/v2\/pages"}],"about":[{"href":"https:\/\/app.ip7blog.com\/fr\/wp-json\/wp\/v2\/types\/page"}],"author":[{"embeddable":true,"href":"https:\/\/app.ip7blog.com\/fr\/wp-json\/wp\/v2\/users\/1"}],"replies":[{"embeddable":true,"href":"https:\/\/app.ip7blog.com\/fr\/wp-json\/wp\/v2\/comments?post=3"}],"version-history":[{"count":2,"href":"https:\/\/app.ip7blog.com\/fr\/wp-json\/wp\/v2\/pages\/3\/revisions"}],"predecessor-version":[{"id":287714,"href":"https:\/\/app.ip7blog.com\/fr\/wp-json\/wp\/v2\/pages\/3\/revisions\/287714"}],"wp:attachment":[{"href":"https:\/\/app.ip7blog.com\/fr\/wp-json\/wp\/v2\/media?parent=3"}],"curies":[{"name":"wp","href":"https:\/\/api.w.org\/{rel}","templated":true}]}}