{"id":26,"date":"2023-08-19T18:20:00","date_gmt":"2023-08-19T18:20:00","guid":{"rendered":"https:\/\/casacelular.com.br\/?page_id=26"},"modified":"2024-02-20T22:55:38","modified_gmt":"2024-02-21T01:55:38","slug":"contact-us","status":"publish","type":"page","link":"https:\/\/app.ip7blog.com\/fr\/contactez-nous\/","title":{"rendered":"Contact"},"content":{"rendered":"<p><strong>Contact \u2013 IP8BLOG<\/strong><\/p>\n\n\n\n<p>Nous aimerions recevoir de vos nouvelles! Si vous avez des questions, des suggestions ou si vous souhaitez partager avec nous votre application gratuite pr\u00e9f\u00e9r\u00e9e, n&#039;h\u00e9sitez pas \u00e0 nous contacter. Chez IP8BLOG, nous appr\u00e9cions la connexion avec nos lecteurs et sommes toujours \u00e0 la recherche de nouvelles id\u00e9es et de commentaires pour am\u00e9liorer notre plateforme et notre contenu.<\/p>\n\n\n\n<p><strong>Contactez-nous<\/strong><\/p>\n\n\n\n<p><strong>E-mail:<\/strong> searchlineofc@gmail.com<\/p>\n\n\n\n<p>Notre \u00e9quipe s&#039;efforce de r\u00e9pondre \u00e0 tous les e-mails avec rapidit\u00e9 et attention. Que vous ayez besoin d&#039;une simple question ou d&#039;un retour d\u00e9taill\u00e9, nous sommes l\u00e0 pour vous \u00e9couter.<\/p>\n\n\n\n<p><strong>R\u00e9seaux sociaux<\/strong><\/p>\n\n\n\n<p>Suivez-nous et interagissez avec nous via nos r\u00e9seaux sociaux. Nous sommes actifs sur Instagram, Twitter et Facebook @ip8blog. Vous y trouverez des mises \u00e0 jour r\u00e9guli\u00e8res, des conseils sur les applications et pourrez faire partie de notre communaut\u00e9 de passionn\u00e9s de technologie et de divertissement.<\/p>\n\n\n\n<p><strong>Instagram\u00a0:<\/strong> <a href=\"https:\/\/instagram.com\/ip8blog\">@ip8blog<\/a><br><strong>Twitter:<\/strong> <a href=\"https:\/\/twitter.com\/ip8blog\">@ip8blog<\/a><br><strong>Facebook:<\/strong> <a href=\"https:\/\/facebook.com\/ip8blog\">BLOG IP8<\/a><\/p>\n\n\n\n<p><strong>Code Postal<\/strong><\/p>\n\n\n\n<p>Pour une correspondance physique, vous pouvez nous envoyer des lettres, des suggestions de candidatures sur support physique, ou encore des cadeaux promotionnels pour \u00e9valuation et \u00e9ventuelle publication sur notre blog :<\/p>\n\n\n\n<p>BLOG IP8<br>A\/C\u00a0: \u00e9quipe de r\u00e9daction<br>S\u00e3o Paulo, Br\u00e9sil<\/p>\n\n\n\n<p><strong>Partenariats et publicit\u00e9<\/strong><\/p>\n\n\n\n<p>Si vous \u00eates int\u00e9ress\u00e9 \u00e0 former des partenariats, \u00e0 mener des campagnes publicitaires sur IP8BLOG ou si vous souhaitez discuter d&#039;opportunit\u00e9s de collaboration, veuillez envoyer un e-mail d\u00e9taill\u00e9 \u00e0 Buscalineofc@gmail.com avec le sujet \u00ab\u00a0Partenariat\/Publicit\u00e9\u00a0\u00bb. Notre \u00e9quipe marketing vous contactera pour discuter de la mani\u00e8re dont nous pouvons travailler ensemble.<\/p>\n\n\n\n<p><strong>Soutien<\/strong><\/p>\n\n\n\n<p>Pour une assistance technique li\u00e9e au site Web ou des difficult\u00e9s d&#039;acc\u00e8s aux applications recommand\u00e9es, veuillez nous contacter par e-mail \u00e0 Buscalineofc@gmail.com avec le sujet \u00ab Support \u00bb. Nous ferons de notre mieux pour vous aider \u00e0 r\u00e9soudre tout probl\u00e8me le plus rapidement possible.<\/p>\n\n\n\n<p>Nous appr\u00e9cions votre int\u00e9r\u00eat et votre soutien pour IP8BLOG. Votre participation active est ce qui rend notre communaut\u00e9 si sp\u00e9ciale. Nous sommes impatients de vous entendre\u00a0!<\/p>","protected":false},"excerpt":{"rendered":"<p>Contato &#8211; IP8BLOG Adorar\u00edamos ouvir voc\u00ea! Se voc\u00ea tem perguntas, sugest\u00f5es, ou gostaria de compartilhar seu aplicativo gratuito favorito conosco, n\u00e3o hesite em entrar em contato. Aqui no IP8BLOG, valorizamos a conex\u00e3o com nossos leitores e estamos sempre em busca de novas ideias e feedback para melhorar nossa plataforma e conte\u00fado. Fale Conosco E-mail: buscalineofc@gmail.com [&hellip;]<\/p>","protected":false},"author":1,"featured_media":0,"parent":0,"menu_order":0,"comment_status":"closed","ping_status":"closed","template":"","meta":{"footnotes":""},"class_list":["post-26","page","type-page","status-publish","hentry","entry"],"yoast_head":"<!-- This site is optimized with the Yoast SEO Premium plugin v20.5 (Yoast SEO v23.1) - https:\/\/yoast.com\/wordpress\/plugins\/seo\/ -->\n<title>Contato - Portal Not\u00edcias<\/title>\n<meta name=\"robots\" content=\"index, follow, max-snippet:-1, max-image-preview:large, max-video-preview:-1\" \/>\n<link rel=\"canonical\" href=\"https:\/\/app.ip7blog.com\/fr\/contactez-nous\/\" \/>\n<meta property=\"og:locale\" content=\"fr_FR\" \/>\n<meta property=\"og:type\" content=\"article\" \/>\n<meta property=\"og:title\" content=\"Contato\" \/>\n<meta property=\"og:description\" content=\"Contato &#8211; IP8BLOG Adorar\u00edamos ouvir voc\u00ea! Se voc\u00ea tem perguntas, sugest\u00f5es, ou gostaria de compartilhar seu aplicativo gratuito favorito conosco, n\u00e3o hesite em entrar em contato. Aqui no IP8BLOG, valorizamos a conex\u00e3o com nossos leitores e estamos sempre em busca de novas ideias e feedback para melhorar nossa plataforma e conte\u00fado. Fale Conosco E-mail: buscalineofc@gmail.com [&hellip;]\" \/>\n<meta property=\"og:url\" content=\"https:\/\/app.ip7blog.com\/fr\/contactez-nous\/\" \/>\n<meta property=\"og:site_name\" content=\"Portal Not\u00edcias\" \/>\n<meta property=\"article:publisher\" content=\"https:\/\/www.facebook.com\/ErndsOf\/\" \/>\n<meta property=\"article:modified_time\" content=\"2024-02-21T01:55:38+00:00\" \/>\n<meta name=\"twitter:card\" content=\"summary_large_image\" \/>\n<meta name=\"twitter:label1\" content=\"Dur\u00e9e de lecture estim\u00e9e\" \/>\n\t<meta name=\"twitter:data1\" content=\"2 minutes\" \/>\n<script type=\"application\/ld+json\" class=\"yoast-schema-graph\">{\"@context\":\"https:\/\/schema.org\",\"@graph\":[{\"@type\":\"WebPage\",\"@id\":\"https:\/\/app.ip7blog.com\/contact-us\/\",\"url\":\"https:\/\/app.ip7blog.com\/contact-us\/\",\"name\":\"Contato - Portal Not\u00edcias\",\"isPartOf\":{\"@id\":\"https:\/\/app.ip7blog.com\/#website\"},\"datePublished\":\"2023-08-19T18:20:00+00:00\",\"dateModified\":\"2024-02-21T01:55:38+00:00\",\"breadcrumb\":{\"@id\":\"https:\/\/app.ip7blog.com\/contact-us\/#breadcrumb\"},\"inLanguage\":\"fr-FR\",\"potentialAction\":[{\"@type\":\"ReadAction\",\"target\":[\"https:\/\/app.ip7blog.com\/contact-us\/\"]}]},{\"@type\":\"BreadcrumbList\",\"@id\":\"https:\/\/app.ip7blog.com\/contact-us\/#breadcrumb\",\"itemListElement\":[{\"@type\":\"ListItem\",\"position\":1,\"name\":\"In\u00edcio\",\"item\":\"https:\/\/app.ip7blog.com\/\"},{\"@type\":\"ListItem\",\"position\":2,\"name\":\"Contato\"}]},{\"@type\":\"WebSite\",\"@id\":\"https:\/\/app.ip7blog.com\/#website\",\"url\":\"https:\/\/app.ip7blog.com\/\",\"name\":\"Portal Not\u00edcias\",\"description\":\"Oportunidades de empregos, cursos onlines e muito mais\",\"potentialAction\":[{\"@type\":\"SearchAction\",\"target\":{\"@type\":\"EntryPoint\",\"urlTemplate\":\"https:\/\/app.ip7blog.com\/?s={search_term_string}\"},\"query-input\":\"required name=search_term_string\"}],\"inLanguage\":\"fr-FR\"}]}<\/script>\n<!-- \/ Yoast SEO Premium plugin. -->","yoast_head_json":{"title":"Contato - Portal Not\u00edcias","robots":{"index":"index","follow":"follow","max-snippet":"max-snippet:-1","max-image-preview":"max-image-preview:large","max-video-preview":"max-video-preview:-1"},"canonical":"https:\/\/app.ip7blog.com\/fr\/contactez-nous\/","og_locale":"fr_FR","og_type":"article","og_title":"Contato","og_description":"Contato &#8211; IP8BLOG Adorar\u00edamos ouvir voc\u00ea! Se voc\u00ea tem perguntas, sugest\u00f5es, ou gostaria de compartilhar seu aplicativo gratuito favorito conosco, n\u00e3o hesite em entrar em contato. Aqui no IP8BLOG, valorizamos a conex\u00e3o com nossos leitores e estamos sempre em busca de novas ideias e feedback para melhorar nossa plataforma e conte\u00fado. Fale Conosco E-mail: buscalineofc@gmail.com [&hellip;]","og_url":"https:\/\/app.ip7blog.com\/fr\/contactez-nous\/","og_site_name":"Portal Not\u00edcias","article_publisher":"https:\/\/www.facebook.com\/ErndsOf\/","article_modified_time":"2024-02-21T01:55:38+00:00","twitter_card":"summary_large_image","twitter_misc":{"Dur\u00e9e de lecture estim\u00e9e":"2 minutes"},"schema":{"@context":"https:\/\/schema.org","@graph":[{"@type":"WebPage","@id":"https:\/\/app.ip7blog.com\/contact-us\/","url":"https:\/\/app.ip7blog.com\/contact-us\/","name":"Contato - Portal Not\u00edcias","isPartOf":{"@id":"https:\/\/app.ip7blog.com\/#website"},"datePublished":"2023-08-19T18:20:00+00:00","dateModified":"2024-02-21T01:55:38+00:00","breadcrumb":{"@id":"https:\/\/app.ip7blog.com\/contact-us\/#breadcrumb"},"inLanguage":"fr-FR","potentialAction":[{"@type":"ReadAction","target":["https:\/\/app.ip7blog.com\/contact-us\/"]}]},{"@type":"BreadcrumbList","@id":"https:\/\/app.ip7blog.com\/contact-us\/#breadcrumb","itemListElement":[{"@type":"ListItem","position":1,"name":"In\u00edcio","item":"https:\/\/app.ip7blog.com\/"},{"@type":"ListItem","position":2,"name":"Contato"}]},{"@type":"WebSite","@id":"https:\/\/app.ip7blog.com\/#website","url":"https:\/\/app.ip7blog.com\/","name":"Portal Not\u00edcias","description":"Oportunidades de empregos, cursos onlines e muito mais","potentialAction":[{"@type":"SearchAction","target":{"@type":"EntryPoint","urlTemplate":"https:\/\/app.ip7blog.com\/?s={search_term_string}"},"query-input":"required name=search_term_string"}],"inLanguage":"fr-FR"}]}},"_links":{"self":[{"href":"https:\/\/app.ip7blog.com\/fr\/wp-json\/wp\/v2\/pages\/26","targetHints":{"allow":["GET"]}}],"collection":[{"href":"https:\/\/app.ip7blog.com\/fr\/wp-json\/wp\/v2\/pages"}],"about":[{"href":"https:\/\/app.ip7blog.com\/fr\/wp-json\/wp\/v2\/types\/page"}],"author":[{"embeddable":true,"href":"https:\/\/app.ip7blog.com\/fr\/wp-json\/wp\/v2\/users\/1"}],"replies":[{"embeddable":true,"href":"https:\/\/app.ip7blog.com\/fr\/wp-json\/wp\/v2\/comments?post=26"}],"version-history":[{"count":0,"href":"https:\/\/app.ip7blog.com\/fr\/wp-json\/wp\/v2\/pages\/26\/revisions"}],"wp:attachment":[{"href":"https:\/\/app.ip7blog.com\/fr\/wp-json\/wp\/v2\/media?parent=26"}],"curies":[{"name":"wp","href":"https:\/\/api.w.org\/{rel}","templated":true}]}}