{"id":24,"date":"2023-08-19T18:19:39","date_gmt":"2023-08-19T18:19:39","guid":{"rendered":"https:\/\/casacelular.com.br\/?page_id=24"},"modified":"2024-02-20T22:57:13","modified_gmt":"2024-02-21T01:57:13","slug":"disclaimer","status":"publish","type":"page","link":"https:\/\/app.ip7blog.com\/fr\/clause-de-non-responsabilite\/","title":{"rendered":"Clause de non-responsabilit\u00e9"},"content":{"rendered":"<p><strong>Avis de non-responsabilit\u00e9 \u2013 IP8BLOG<\/strong><\/p>\n\n\n\n<p>IP8BLOG est un espace d\u00e9di\u00e9 au partage d&#039;informations, d&#039;analyses et de recommandations sur les applications de divertissement gratuites. Il est important de souligner que les opinions exprim\u00e9es dans ce blog sont uniquement celles des auteurs et ne refl\u00e8tent pas n\u00e9cessairement les opinions d&#039;une organisation ou d&#039;une entreprise associ\u00e9e.<\/p>\n\n\n\n<p><strong>\u00c0 propos du contenu publi\u00e9<\/strong><\/p>\n\n\n\n<ol class=\"wp-block-list\">\n<li><strong>Recommandations d&#039;application\u00a0:<\/strong> Les recommandations et avis d&#039;applications pr\u00e9sents sur IP8BLOG sont bas\u00e9s sur notre propre exp\u00e9rience et recherche. Bien que nous nous efforcions de fournir des informations exactes et \u00e0 jour, nous ne pouvons garantir que toutes les informations sont toujours compl\u00e8tes ou \u00e0 jour. Les utilisateurs doivent toujours v\u00e9rifier les informations et les avis sur les applications sur les plateformes officielles avant de t\u00e9l\u00e9charger quoi que ce soit.<\/li>\n\n\n\n<li><strong>Liens externes:<\/strong> IP8BLOG peut contenir des liens vers des sites Web externes qui ne sont pas exploit\u00e9s ou contr\u00f4l\u00e9s par nous. Ces liens sont fournis \u00e0 titre de commodit\u00e9 et n\u2019impliquent aucune approbation. Nous ne sommes pas responsables du contenu ou des pratiques de confidentialit\u00e9 des sites Web externes.<\/li>\n\n\n\n<li><strong>Publicit\u00e9 et partenariats\u00a0:<\/strong> Nous pouvons afficher des publicit\u00e9s de tiers ou du contenu sponsoris\u00e9 afin de soutenir le blog. Bien que la publicit\u00e9 puisse influencer l&#039;emplacement et la pr\u00e9sence de ces publicit\u00e9s, elle n&#039;affecte pas les avis et opinions sur les applications recommand\u00e9es. Tout contenu sponsoris\u00e9 sera clairement identifi\u00e9 comme tel.<\/li>\n<\/ol>\n\n\n\n<p><strong>Avertissement l\u00e9gal<\/strong><\/p>\n\n\n\n<p>Le contenu fourni par IP8BLOG est propos\u00e9 \u00ab tel quel \u00bb, sans garantie d&#039;aucune sorte, expresse ou implicite. Nous ne garantissons pas que le blog sera sans erreur, s\u00e9curis\u00e9 ou disponible sans interruption. Nous ne sommes pas responsables des dommages ou pertes r\u00e9sultant de l&#039;utilisation ou de l&#039;impossibilit\u00e9 d&#039;utiliser le blog, de la confiance accord\u00e9e aux informations contenues ici ou de toute conduite de tiers sur le blog.<\/p>\n\n\n\n<p><strong>droits d&#039;auteur<\/strong><\/p>\n\n\n\n<p>Tout le contenu publi\u00e9 sur IP8BLOG, y compris les textes, graphiques, logos, ic\u00f4nes, images et compilations de donn\u00e9es, est la propri\u00e9t\u00e9 d&#039;IP8BLOG ou des fournisseurs de contenu et est prot\u00e9g\u00e9 par les lois br\u00e9siliennes et internationales sur le droit d&#039;auteur. L&#039;utilisation non autoris\u00e9e de tout \u00e9l\u00e9ment trouv\u00e9 sur ce blog peut violer les lois sur les droits d&#039;auteur, les marques d\u00e9pos\u00e9es et autres.<\/p>\n\n\n\n<p><strong>Modifications de la clause de non-responsabilit\u00e9<\/strong><\/p>\n\n\n\n<p>Nous nous r\u00e9servons le droit de modifier cette clause de non-responsabilit\u00e9 \u00e0 tout moment. Nous recommandons aux visiteurs de consulter r\u00e9guli\u00e8rement cette page pour rester inform\u00e9s de tout changement.<\/p>\n\n\n\n<p><strong>Contact<\/strong><\/p>\n\n\n\n<p>Pour toute question ou pr\u00e9occupation concernant cette clause de non-responsabilit\u00e9, veuillez nous contacter \u00e0 Buscalineofc@gmail.com.<\/p>\n\n\n\n<p>Nous vous remercions de votre compr\u00e9hension et de votre soutien continu \u00e0 IP8BLOG. Notre mission est de fournir un divertissement de qualit\u00e9 de mani\u00e8re accessible, en promouvant une exp\u00e9rience en ligne enrichissante et s\u00fbre pour tous.<\/p>","protected":false},"excerpt":{"rendered":"<p>Disclaimer &#8211; IP8BLOG O IP8BLOG \u00e9 um espa\u00e7o dedicado a compartilhar informa\u00e7\u00f5es, an\u00e1lises e recomenda\u00e7\u00f5es sobre aplicativos gratuitos de entretenimento. \u00c9 importante destacar que as opini\u00f5es expressas neste blog s\u00e3o exclusivamente dos autores e n\u00e3o refletem necessariamente as opini\u00f5es de qualquer organiza\u00e7\u00e3o ou empresa associada. Sobre o Conte\u00fado Publicado Isen\u00e7\u00e3o de Responsabilidade Legal O conte\u00fado [&hellip;]<\/p>","protected":false},"author":1,"featured_media":0,"parent":0,"menu_order":0,"comment_status":"closed","ping_status":"closed","template":"","meta":{"footnotes":""},"class_list":["post-24","page","type-page","status-publish","hentry","entry"],"yoast_head":"<!-- This site is optimized with the Yoast SEO Premium plugin v20.5 (Yoast SEO v23.1) - https:\/\/yoast.com\/wordpress\/plugins\/seo\/ -->\n<title>Disclaimer - Portal Not\u00edcias<\/title>\n<meta name=\"robots\" content=\"index, follow, max-snippet:-1, max-image-preview:large, max-video-preview:-1\" \/>\n<link rel=\"canonical\" href=\"https:\/\/app.ip7blog.com\/fr\/clause-de-non-responsabilite\/\" \/>\n<meta property=\"og:locale\" content=\"fr_FR\" \/>\n<meta property=\"og:type\" content=\"article\" \/>\n<meta property=\"og:title\" content=\"Disclaimer\" \/>\n<meta property=\"og:description\" content=\"Disclaimer &#8211; IP8BLOG O IP8BLOG \u00e9 um espa\u00e7o dedicado a compartilhar informa\u00e7\u00f5es, an\u00e1lises e recomenda\u00e7\u00f5es sobre aplicativos gratuitos de entretenimento. \u00c9 importante destacar que as opini\u00f5es expressas neste blog s\u00e3o exclusivamente dos autores e n\u00e3o refletem necessariamente as opini\u00f5es de qualquer organiza\u00e7\u00e3o ou empresa associada. Sobre o Conte\u00fado Publicado Isen\u00e7\u00e3o de Responsabilidade Legal O conte\u00fado [&hellip;]\" \/>\n<meta property=\"og:url\" content=\"https:\/\/app.ip7blog.com\/fr\/clause-de-non-responsabilite\/\" \/>\n<meta property=\"og:site_name\" content=\"Portal Not\u00edcias\" \/>\n<meta property=\"article:publisher\" content=\"https:\/\/www.facebook.com\/ErndsOf\/\" \/>\n<meta property=\"article:modified_time\" content=\"2024-02-21T01:57:13+00:00\" \/>\n<meta name=\"twitter:card\" content=\"summary_large_image\" \/>\n<meta name=\"twitter:label1\" content=\"Dur\u00e9e de lecture estim\u00e9e\" \/>\n\t<meta name=\"twitter:data1\" content=\"2 minutes\" \/>\n<script type=\"application\/ld+json\" class=\"yoast-schema-graph\">{\"@context\":\"https:\/\/schema.org\",\"@graph\":[{\"@type\":\"WebPage\",\"@id\":\"https:\/\/app.ip7blog.com\/disclaimer\/\",\"url\":\"https:\/\/app.ip7blog.com\/disclaimer\/\",\"name\":\"Disclaimer - Portal Not\u00edcias\",\"isPartOf\":{\"@id\":\"https:\/\/app.ip7blog.com\/#website\"},\"datePublished\":\"2023-08-19T18:19:39+00:00\",\"dateModified\":\"2024-02-21T01:57:13+00:00\",\"breadcrumb\":{\"@id\":\"https:\/\/app.ip7blog.com\/disclaimer\/#breadcrumb\"},\"inLanguage\":\"fr-FR\",\"potentialAction\":[{\"@type\":\"ReadAction\",\"target\":[\"https:\/\/app.ip7blog.com\/disclaimer\/\"]}]},{\"@type\":\"BreadcrumbList\",\"@id\":\"https:\/\/app.ip7blog.com\/disclaimer\/#breadcrumb\",\"itemListElement\":[{\"@type\":\"ListItem\",\"position\":1,\"name\":\"In\u00edcio\",\"item\":\"https:\/\/app.ip7blog.com\/\"},{\"@type\":\"ListItem\",\"position\":2,\"name\":\"Disclaimer\"}]},{\"@type\":\"WebSite\",\"@id\":\"https:\/\/app.ip7blog.com\/#website\",\"url\":\"https:\/\/app.ip7blog.com\/\",\"name\":\"Portal Not\u00edcias\",\"description\":\"Oportunidades de empregos, cursos onlines e muito mais\",\"potentialAction\":[{\"@type\":\"SearchAction\",\"target\":{\"@type\":\"EntryPoint\",\"urlTemplate\":\"https:\/\/app.ip7blog.com\/?s={search_term_string}\"},\"query-input\":\"required name=search_term_string\"}],\"inLanguage\":\"fr-FR\"}]}<\/script>\n<!-- \/ Yoast SEO Premium plugin. -->","yoast_head_json":{"title":"Disclaimer - Portal Not\u00edcias","robots":{"index":"index","follow":"follow","max-snippet":"max-snippet:-1","max-image-preview":"max-image-preview:large","max-video-preview":"max-video-preview:-1"},"canonical":"https:\/\/app.ip7blog.com\/fr\/clause-de-non-responsabilite\/","og_locale":"fr_FR","og_type":"article","og_title":"Disclaimer","og_description":"Disclaimer &#8211; IP8BLOG O IP8BLOG \u00e9 um espa\u00e7o dedicado a compartilhar informa\u00e7\u00f5es, an\u00e1lises e recomenda\u00e7\u00f5es sobre aplicativos gratuitos de entretenimento. \u00c9 importante destacar que as opini\u00f5es expressas neste blog s\u00e3o exclusivamente dos autores e n\u00e3o refletem necessariamente as opini\u00f5es de qualquer organiza\u00e7\u00e3o ou empresa associada. Sobre o Conte\u00fado Publicado Isen\u00e7\u00e3o de Responsabilidade Legal O conte\u00fado [&hellip;]","og_url":"https:\/\/app.ip7blog.com\/fr\/clause-de-non-responsabilite\/","og_site_name":"Portal Not\u00edcias","article_publisher":"https:\/\/www.facebook.com\/ErndsOf\/","article_modified_time":"2024-02-21T01:57:13+00:00","twitter_card":"summary_large_image","twitter_misc":{"Dur\u00e9e de lecture estim\u00e9e":"2 minutes"},"schema":{"@context":"https:\/\/schema.org","@graph":[{"@type":"WebPage","@id":"https:\/\/app.ip7blog.com\/disclaimer\/","url":"https:\/\/app.ip7blog.com\/disclaimer\/","name":"Disclaimer - Portal Not\u00edcias","isPartOf":{"@id":"https:\/\/app.ip7blog.com\/#website"},"datePublished":"2023-08-19T18:19:39+00:00","dateModified":"2024-02-21T01:57:13+00:00","breadcrumb":{"@id":"https:\/\/app.ip7blog.com\/disclaimer\/#breadcrumb"},"inLanguage":"fr-FR","potentialAction":[{"@type":"ReadAction","target":["https:\/\/app.ip7blog.com\/disclaimer\/"]}]},{"@type":"BreadcrumbList","@id":"https:\/\/app.ip7blog.com\/disclaimer\/#breadcrumb","itemListElement":[{"@type":"ListItem","position":1,"name":"In\u00edcio","item":"https:\/\/app.ip7blog.com\/"},{"@type":"ListItem","position":2,"name":"Disclaimer"}]},{"@type":"WebSite","@id":"https:\/\/app.ip7blog.com\/#website","url":"https:\/\/app.ip7blog.com\/","name":"Portal Not\u00edcias","description":"Oportunidades de empregos, cursos onlines e muito mais","potentialAction":[{"@type":"SearchAction","target":{"@type":"EntryPoint","urlTemplate":"https:\/\/app.ip7blog.com\/?s={search_term_string}"},"query-input":"required name=search_term_string"}],"inLanguage":"fr-FR"}]}},"_links":{"self":[{"href":"https:\/\/app.ip7blog.com\/fr\/wp-json\/wp\/v2\/pages\/24","targetHints":{"allow":["GET"]}}],"collection":[{"href":"https:\/\/app.ip7blog.com\/fr\/wp-json\/wp\/v2\/pages"}],"about":[{"href":"https:\/\/app.ip7blog.com\/fr\/wp-json\/wp\/v2\/types\/page"}],"author":[{"embeddable":true,"href":"https:\/\/app.ip7blog.com\/fr\/wp-json\/wp\/v2\/users\/1"}],"replies":[{"embeddable":true,"href":"https:\/\/app.ip7blog.com\/fr\/wp-json\/wp\/v2\/comments?post=24"}],"version-history":[{"count":0,"href":"https:\/\/app.ip7blog.com\/fr\/wp-json\/wp\/v2\/pages\/24\/revisions"}],"wp:attachment":[{"href":"https:\/\/app.ip7blog.com\/fr\/wp-json\/wp\/v2\/media?parent=24"}],"curies":[{"name":"wp","href":"https:\/\/api.w.org\/{rel}","templated":true}]}}