{"id":22,"date":"2023-08-19T18:19:11","date_gmt":"2023-08-19T18:19:11","guid":{"rendered":"https:\/\/casacelular.com.br\/?page_id=22"},"modified":"2024-02-20T22:54:11","modified_gmt":"2024-02-21T01:54:11","slug":"about-us","status":"publish","type":"page","link":"https:\/\/app.ip7blog.com\/fr\/a-propos-de-nous\/","title":{"rendered":"\u00c0 propos de nous"},"content":{"rendered":"<p><strong>\u00c0 propos de nous \u2013 IP8BLOG<\/strong><\/p>\n\n\n\n<p>Bienvenue sur IP8BLOG, votre destination ultime pour d\u00e9couvrir les meilleures applications de divertissement gratuites. Nous sommes une \u00e9quipe passionn\u00e9e de technologie et de divertissement, d\u00e9di\u00e9e \u00e0 l&#039;exploration du vaste univers num\u00e9rique pour vous pr\u00e9senter les joyaux cach\u00e9s de l&#039;App Store et de Google Play.<\/p>\n\n\n\n<p>Fond\u00e9e \u00e0 S\u00e3o Paulo, au Br\u00e9sil, IP8BLOG est n\u00e9e du d\u00e9sir de partager des d\u00e9couvertes incroyables qui peuvent rendre chaque instant de votre journ\u00e9e plus amusant et int\u00e9ressant, sans frais. Nous pensons que l&#039;acc\u00e8s \u00e0 un divertissement de qualit\u00e9 ne devrait pas \u00eatre limit\u00e9 par des barri\u00e8res financi\u00e8res, c&#039;est pourquoi nous nous engageons \u00e0 rechercher et \u00e0 \u00e9valuer les meilleures applications gratuites disponibles.<\/p>\n\n\n\n<p><strong>Notre mission<\/strong><\/p>\n\n\n\n<p>Notre mission est simple : garantir que vous ne soyez jamais \u00e0 court d&#039;options de divertissement de qualit\u00e9. Que vous soyez un passionn\u00e9 de jeux vid\u00e9o, un amateur de podcasts ou quelqu&#039;un \u00e0 la recherche d&#039;applications \u00e9ducatives amusantes, IP8BLOG a quelque chose pour tout le monde. Notre objectif est de vous aider \u00e0 explorer le monde num\u00e9rique de mani\u00e8re s\u00fbre et satisfaisante en introduisant des applications qui enrichissent votre vie sans vider votre portefeuille.<\/p>\n\n\n\n<p><strong>Comment on fait<\/strong><\/p>\n\n\n\n<p>Chaque semaine, notre \u00e9quipe parcourt m\u00e9ticuleusement les magasins d&#039;applications \u00e0 la recherche des meilleures versions gratuites. Nous \u00e9valuons chaque application sur la base de crit\u00e8res rigoureux, notamment la convivialit\u00e9, l&#039;innovation, la qualit\u00e9 du contenu et, bien s\u00fbr, le facteur plaisir. Nous recommandons uniquement les applications que nous aimons et utilisons, afin que vous receviez uniquement des suggestions de haute qualit\u00e9.<\/p>\n\n\n\n<p><strong>Connecte-toi avec nous<\/strong><\/p>\n\n\n\n<p>La communaut\u00e9 IP8BLOG est le c\u0153ur de notre blog. Nous appr\u00e9cions vos suggestions, commentaires et id\u00e9es. Nous voulons conna\u00eetre vos applications pr\u00e9f\u00e9r\u00e9es et comment elles ont \u00e9gay\u00e9 vos journ\u00e9es. Contactez-nous par e-mail \u00e0 Buscalineofc@gmail.com et suivez-nous sur les r\u00e9seaux sociaux @ip8blog pour rester au courant des derni\u00e8res nouvelles et interagir avec d&#039;autres passionn\u00e9s d&#039;applications gratuites.<\/p>\n\n\n\n<p>Que vous soyez de S\u00e3o Paulo ou de n&#039;importe o\u00f9 dans le monde, IP8BLOG est votre compagnon id\u00e9al pour d\u00e9couvrir un divertissement gratuit de qualit\u00e9. Rejoignez-nous dans ce voyage num\u00e9rique et transformez chaque instant libre en une aventure passionnante.<\/p>\n\n\n\n<p><strong>Emplacement<\/strong><\/p>\n\n\n\n<p>S\u00e3o Paulo, Br\u00e9sil<\/p>\n\n\n\n<p>Merci d&#039;avoir choisi IP8BLOG comme guide dans le monde des applications de divertissement gratuites. Nous esp\u00e9rons que vous trouverez ici de nouvelles fa\u00e7ons de vous amuser et d\u2019inspirer. Explorez, t\u00e9l\u00e9chargez et profitez \u2013 le monde num\u00e9rique est \u00e0 vous de le d\u00e9couvrir.<\/p>\n\n\n\n<p>Votre \u00e9quipe, IP8BLOG.<\/p>","protected":false},"excerpt":{"rendered":"<p>Sobre N\u00f3s &#8211; IP8BLOG Bem-vindo ao IP8BLOG, seu destino definitivo para descobrir os melhores aplicativos gratuitos de entretenimento. Somos uma equipe apaixonada por tecnologia e divers\u00e3o, dedicada a explorar o vasto universo digital para trazer at\u00e9 voc\u00ea as joias ocultas da App Store e do Google Play. Fundado em S\u00e3o Paulo, Brasil, o IP8BLOG nasceu [&hellip;]<\/p>","protected":false},"author":1,"featured_media":0,"parent":0,"menu_order":0,"comment_status":"closed","ping_status":"closed","template":"","meta":{"footnotes":""},"class_list":["post-22","page","type-page","status-publish","hentry","entry"],"yoast_head":"<!-- This site is optimized with the Yoast SEO Premium plugin v20.5 (Yoast SEO v23.1) - https:\/\/yoast.com\/wordpress\/plugins\/seo\/ -->\n<title>Sobre n\u00f3s - Portal Not\u00edcias<\/title>\n<meta name=\"robots\" content=\"index, follow, max-snippet:-1, max-image-preview:large, max-video-preview:-1\" \/>\n<link rel=\"canonical\" href=\"https:\/\/app.ip7blog.com\/fr\/a-propos-de-nous\/\" \/>\n<meta property=\"og:locale\" content=\"fr_FR\" \/>\n<meta property=\"og:type\" content=\"article\" \/>\n<meta property=\"og:title\" content=\"Sobre n\u00f3s\" \/>\n<meta property=\"og:description\" content=\"Sobre N\u00f3s &#8211; IP8BLOG Bem-vindo ao IP8BLOG, seu destino definitivo para descobrir os melhores aplicativos gratuitos de entretenimento. Somos uma equipe apaixonada por tecnologia e divers\u00e3o, dedicada a explorar o vasto universo digital para trazer at\u00e9 voc\u00ea as joias ocultas da App Store e do Google Play. Fundado em S\u00e3o Paulo, Brasil, o IP8BLOG nasceu [&hellip;]\" \/>\n<meta property=\"og:url\" content=\"https:\/\/app.ip7blog.com\/fr\/a-propos-de-nous\/\" \/>\n<meta property=\"og:site_name\" content=\"Portal Not\u00edcias\" \/>\n<meta property=\"article:publisher\" content=\"https:\/\/www.facebook.com\/ErndsOf\/\" \/>\n<meta property=\"article:modified_time\" content=\"2024-02-21T01:54:11+00:00\" \/>\n<meta name=\"twitter:card\" content=\"summary_large_image\" \/>\n<meta name=\"twitter:label1\" content=\"Dur\u00e9e de lecture estim\u00e9e\" \/>\n\t<meta name=\"twitter:data1\" content=\"2 minutes\" \/>\n<script type=\"application\/ld+json\" class=\"yoast-schema-graph\">{\"@context\":\"https:\/\/schema.org\",\"@graph\":[{\"@type\":\"WebPage\",\"@id\":\"https:\/\/app.ip7blog.com\/about-us\/\",\"url\":\"https:\/\/app.ip7blog.com\/about-us\/\",\"name\":\"Sobre n\u00f3s - Portal Not\u00edcias\",\"isPartOf\":{\"@id\":\"https:\/\/app.ip7blog.com\/#website\"},\"datePublished\":\"2023-08-19T18:19:11+00:00\",\"dateModified\":\"2024-02-21T01:54:11+00:00\",\"breadcrumb\":{\"@id\":\"https:\/\/app.ip7blog.com\/about-us\/#breadcrumb\"},\"inLanguage\":\"fr-FR\",\"potentialAction\":[{\"@type\":\"ReadAction\",\"target\":[\"https:\/\/app.ip7blog.com\/about-us\/\"]}]},{\"@type\":\"BreadcrumbList\",\"@id\":\"https:\/\/app.ip7blog.com\/about-us\/#breadcrumb\",\"itemListElement\":[{\"@type\":\"ListItem\",\"position\":1,\"name\":\"In\u00edcio\",\"item\":\"https:\/\/app.ip7blog.com\/\"},{\"@type\":\"ListItem\",\"position\":2,\"name\":\"Sobre n\u00f3s\"}]},{\"@type\":\"WebSite\",\"@id\":\"https:\/\/app.ip7blog.com\/#website\",\"url\":\"https:\/\/app.ip7blog.com\/\",\"name\":\"Portal Not\u00edcias\",\"description\":\"Oportunidades de empregos, cursos onlines e muito mais\",\"potentialAction\":[{\"@type\":\"SearchAction\",\"target\":{\"@type\":\"EntryPoint\",\"urlTemplate\":\"https:\/\/app.ip7blog.com\/?s={search_term_string}\"},\"query-input\":\"required name=search_term_string\"}],\"inLanguage\":\"fr-FR\"}]}<\/script>\n<!-- \/ Yoast SEO Premium plugin. -->","yoast_head_json":{"title":"Sobre n\u00f3s - Portal Not\u00edcias","robots":{"index":"index","follow":"follow","max-snippet":"max-snippet:-1","max-image-preview":"max-image-preview:large","max-video-preview":"max-video-preview:-1"},"canonical":"https:\/\/app.ip7blog.com\/fr\/a-propos-de-nous\/","og_locale":"fr_FR","og_type":"article","og_title":"Sobre n\u00f3s","og_description":"Sobre N\u00f3s &#8211; IP8BLOG Bem-vindo ao IP8BLOG, seu destino definitivo para descobrir os melhores aplicativos gratuitos de entretenimento. Somos uma equipe apaixonada por tecnologia e divers\u00e3o, dedicada a explorar o vasto universo digital para trazer at\u00e9 voc\u00ea as joias ocultas da App Store e do Google Play. Fundado em S\u00e3o Paulo, Brasil, o IP8BLOG nasceu [&hellip;]","og_url":"https:\/\/app.ip7blog.com\/fr\/a-propos-de-nous\/","og_site_name":"Portal Not\u00edcias","article_publisher":"https:\/\/www.facebook.com\/ErndsOf\/","article_modified_time":"2024-02-21T01:54:11+00:00","twitter_card":"summary_large_image","twitter_misc":{"Dur\u00e9e de lecture estim\u00e9e":"2 minutes"},"schema":{"@context":"https:\/\/schema.org","@graph":[{"@type":"WebPage","@id":"https:\/\/app.ip7blog.com\/about-us\/","url":"https:\/\/app.ip7blog.com\/about-us\/","name":"Sobre n\u00f3s - Portal Not\u00edcias","isPartOf":{"@id":"https:\/\/app.ip7blog.com\/#website"},"datePublished":"2023-08-19T18:19:11+00:00","dateModified":"2024-02-21T01:54:11+00:00","breadcrumb":{"@id":"https:\/\/app.ip7blog.com\/about-us\/#breadcrumb"},"inLanguage":"fr-FR","potentialAction":[{"@type":"ReadAction","target":["https:\/\/app.ip7blog.com\/about-us\/"]}]},{"@type":"BreadcrumbList","@id":"https:\/\/app.ip7blog.com\/about-us\/#breadcrumb","itemListElement":[{"@type":"ListItem","position":1,"name":"In\u00edcio","item":"https:\/\/app.ip7blog.com\/"},{"@type":"ListItem","position":2,"name":"Sobre n\u00f3s"}]},{"@type":"WebSite","@id":"https:\/\/app.ip7blog.com\/#website","url":"https:\/\/app.ip7blog.com\/","name":"Portal Not\u00edcias","description":"Oportunidades de empregos, cursos onlines e muito mais","potentialAction":[{"@type":"SearchAction","target":{"@type":"EntryPoint","urlTemplate":"https:\/\/app.ip7blog.com\/?s={search_term_string}"},"query-input":"required name=search_term_string"}],"inLanguage":"fr-FR"}]}},"_links":{"self":[{"href":"https:\/\/app.ip7blog.com\/fr\/wp-json\/wp\/v2\/pages\/22","targetHints":{"allow":["GET"]}}],"collection":[{"href":"https:\/\/app.ip7blog.com\/fr\/wp-json\/wp\/v2\/pages"}],"about":[{"href":"https:\/\/app.ip7blog.com\/fr\/wp-json\/wp\/v2\/types\/page"}],"author":[{"embeddable":true,"href":"https:\/\/app.ip7blog.com\/fr\/wp-json\/wp\/v2\/users\/1"}],"replies":[{"embeddable":true,"href":"https:\/\/app.ip7blog.com\/fr\/wp-json\/wp\/v2\/comments?post=22"}],"version-history":[{"count":0,"href":"https:\/\/app.ip7blog.com\/fr\/wp-json\/wp\/v2\/pages\/22\/revisions"}],"wp:attachment":[{"href":"https:\/\/app.ip7blog.com\/fr\/wp-json\/wp\/v2\/media?parent=22"}],"curies":[{"name":"wp","href":"https:\/\/api.w.org\/{rel}","templated":true}]}}