{"id":3,"date":"2023-08-19T17:19:57","date_gmt":"2023-08-19T17:19:57","guid":{"rendered":"http:\/\/casacelular.com.br\/?page_id=3"},"modified":"2024-03-14T11:04:25","modified_gmt":"2024-03-14T14:04:25","slug":"privacy-policy","status":"publish","type":"page","link":"https:\/\/app.ip7blog.com\/es\/politica-de-privacidad\/","title":{"rendered":"Pol\u00edtica de privacidad"},"content":{"rendered":"<p><strong>\u00daltima actualizaci\u00f3n: <\/strong>14\/03\/2024<\/p>\n\n\n\n<p>Bienvenido a IP8BLOG.COM, un recurso dedicado a brindar informaci\u00f3n valiosa y rese\u00f1as sobre aplicaciones m\u00f3viles, adem\u00e1s de presentar anuncios seleccionados para mejorar su experiencia de navegaci\u00f3n. Su privacidad es de suma importancia para nosotros, y esta Pol\u00edtica de Privacidad detalla las pr\u00e1cticas de recopilaci\u00f3n, uso, mantenimiento y divulgaci\u00f3n de la informaci\u00f3n recopilada de los usuarios (cada uno, un &quot;Usuario&quot;) del sitio web IP8BLOG.COM (&quot;Sitio&quot;).<\/p>\n\n\n\n<h2 class=\"wp-block-heading\" id=\"h-1-coleta-de-informacoes\">1. Recopilaci\u00f3n de informaci\u00f3n<\/h2>\n\n\n\n<h3 class=\"wp-block-heading\" id=\"h-1-1-informacoes-pessoais\">1.1. Informaciones personales<\/h3>\n\n\n\n<p>Podemos recopilar informaci\u00f3n personal de los Usuarios de diversas maneras, incluidas, entre otras, cuando los Usuarios visitan nuestro sitio web, se registran en el sitio web, completan un formulario, responden a una encuesta y en conexi\u00f3n con otras actividades, servicios, caracter\u00edsticas o recursos que ponemos a disposici\u00f3n en nuestro Sitio. Se podr\u00e1 solicitar a los Usuarios que proporcionen, seg\u00fan corresponda, nombre, direcci\u00f3n de correo electr\u00f3nico, direcci\u00f3n postal y n\u00famero de tel\u00e9fono. Sin embargo, los Usuarios pueden visitar nuestro Sitio de forma an\u00f3nima. Recopilamos informaci\u00f3n personal de los Usuarios solo si nos la env\u00edan voluntariamente. Los usuarios siempre pueden negarse a proporcionar informaci\u00f3n personal, excepto que hacerlo pueda impedirles participar en ciertas actividades relacionadas con el Sitio.<\/p>\n\n\n\n<h3 class=\"wp-block-heading\" id=\"h-1-2-informacoes-nao-pessoais\">1.2. Informaci\u00f3n no personal<\/h3>\n\n\n\n<p>Recopilamos informaci\u00f3n no personal sobre los Usuarios cada vez que interact\u00faan con nuestro Sitio. La informaci\u00f3n no personal puede incluir el nombre del navegador, el tipo de computadora e informaci\u00f3n t\u00e9cnica sobre los medios de conexi\u00f3n de los Usuarios a nuestro Sitio, como el sistema operativo y los proveedores de servicios de Internet utilizados y otra informaci\u00f3n similar.<\/p>\n\n\n\n<h3 class=\"wp-block-heading\" id=\"h-1-3-cookies-e-rastreamento\">1.3. Cookies y seguimiento<\/h3>\n\n\n\n<p>Nuestro Sitio puede utilizar \u201ccookies\u201d para mejorar la experiencia del Usuario. El navegador web del Usuario coloca cookies en su disco duro con fines de mantenimiento de registros y, en ocasiones, para rastrear informaci\u00f3n sobre ellos. Los usuarios pueden optar por configurar su navegador web para que rechace las cookies o para que les avise cuando se env\u00eden cookies. Si lo hacen, tenga en cuenta que es posible que algunas partes del Sitio no funcionen correctamente.<\/p>\n\n\n\n<h2 class=\"wp-block-heading\" id=\"h-2-uso-de-informacoes-coletadas\">2. Uso de la informaci\u00f3n recopilada<\/h2>\n\n\n\n<p>IP8BLOG.COM puede recopilar y utilizar la informaci\u00f3n personal de los Usuarios para los siguientes fines:<\/p>\n\n\n\n<ul class=\"wp-block-list\">\n<li><strong>Para mejorar el servicio al cliente<\/strong>: La informaci\u00f3n que usted proporciona nos ayuda a responder a sus solicitudes de servicio al cliente y necesidades de soporte de manera m\u00e1s eficiente.<\/li>\n\n\n\n<li><strong>Para personalizar la experiencia del usuario<\/strong>: Podemos utilizar informaci\u00f3n en conjunto para comprender c\u00f3mo nuestros Usuarios como grupo utilizan los servicios y recursos proporcionados en nuestro Sitio.<\/li>\n\n\n\n<li><strong>Para mejorar nuestro sitio<\/strong>: Podemos utilizar los comentarios que nos proporcione para mejorar nuestros productos y servicios.<\/li>\n\n\n\n<li><strong>Para enviar correos electr\u00f3nicos peri\u00f3dicos<\/strong>: Podemos utilizar la direcci\u00f3n de correo electr\u00f3nico para enviar informaci\u00f3n del Usuario y actualizaciones relacionadas con su pedido. Tambi\u00e9n podr\u00e1 utilizarse para responder a sus preguntas, consultas y\/u otras solicitudes. Si el Usuario decide suscribirse a nuestra lista de correo, recibir\u00e1 correos electr\u00f3nicos que pueden incluir noticias de la empresa, actualizaciones, informaci\u00f3n relacionada con el producto o servicio, etc. Si en alg\u00fan momento el Usuario desea cancelar su suscripci\u00f3n para no recibir futuros correos electr\u00f3nicos, incluimos instrucciones detalladas para cancelar la suscripci\u00f3n en la parte inferior de cada correo electr\u00f3nico.<\/li>\n<\/ul>\n\n\n\n<h2 class=\"wp-block-heading\" id=\"h-3-protecao-de-suas-informacoes\">3. Protecci\u00f3n de su informaci\u00f3n<\/h2>\n\n\n\n<p>Adoptamos pr\u00e1cticas apropiadas de recopilaci\u00f3n, almacenamiento y procesamiento de datos y medidas de seguridad para proteger contra el acceso no autorizado, alteraci\u00f3n, divulgaci\u00f3n o destrucci\u00f3n de su informaci\u00f3n personal, nombre de usuario, contrase\u00f1a, informaci\u00f3n de transacciones y datos almacenados en nuestro Sitio.<\/p>\n\n\n\n<p>Nuestro intercambio de datos confidenciales y privados entre el Sitio y sus Usuarios se realiza a trav\u00e9s de un canal de comunicaci\u00f3n SSL seguro y est\u00e1 cifrado y protegido con firmas digitales.<\/p>\n\n\n\n<h2 class=\"wp-block-heading\" id=\"h-4-compartilhamento-de-suas-informacoes-pessoais\">4. Compartir su informaci\u00f3n personal<\/h2>\n\n\n\n<p>No vendemos, comercializamos ni alquilamos la informaci\u00f3n de identificaci\u00f3n personal de los Usuarios a terceros. Podemos compartir informaci\u00f3n demogr\u00e1fica agregada gen\u00e9rica no vinculada a ninguna informaci\u00f3n de identificaci\u00f3n personal sobre visitantes y usuarios con nuestros socios comerciales, afiliados de confianza y anunciantes para los fines descritos anteriormente.<\/p>\n\n\n\n<h2 class=\"wp-block-heading\" id=\"h-5-sites-de-terceiros\">5. Sitios de terceros<\/h2>\n\n\n\n<p>Los usuarios pueden encontrar publicidad u otro contenido en nuestro Sitio que enlace a los sitios y servicios de nuestros socios, proveedores, anunciantes, patrocinadores, licenciantes y otros terceros. No controlamos el contenido o los enlaces que aparecen en estos sitios y no somos responsables de las pr\u00e1cticas empleadas por los sitios vinculados a nuestro Sitio. Adem\u00e1s, estos sitios o servicios, incluido su contenido y enlaces, pueden cambiar constantemente. Estos sitios y servicios pueden tener sus propias pol\u00edticas de privacidad y pol\u00edticas de servicio al cliente. La navegaci\u00f3n y la interacci\u00f3n en cualquier otro sitio web, incluidos los sitios web que tienen un enlace a nuestro Sitio, est\u00e1n sujetas a los t\u00e9rminos y pol\u00edticas propios de ese sitio web.<\/p>\n\n\n\n<h3 class=\"wp-block-heading\">5.1 <strong>Usando Google AdSense<\/strong><\/h3>\n\n\n\n<p>IP8BLOG.COM utiliza Google AdSense, un servicio publicitario ofrecido por Google que permite mostrar anuncios en sitios web. Google AdSense utiliza cookies para publicar anuncios basados en las visitas anteriores de un usuario a nuestro sitio web u otros sitios en Internet.<\/p>\n\n\n\n<h3 class=\"wp-block-heading\">5.2 Cookies y anuncios personalizados<\/h3>\n\n\n\n<p>Google utiliza cookies para publicar anuncios basados en las visitas anteriores de los usuarios a nuestro sitio y a otros sitios en Internet. Estas cookies permiten a Google y sus socios publicar anuncios basados en las visitas de los usuarios a IP8BLOG.COM y\/u otros sitios en Internet.<\/p>\n\n\n\n<p>Los usuarios pueden optar por no recibir publicidad personalizada visitando la Configuraci\u00f3n de anuncios de Google. Adem\u00e1s, los usuarios pueden optar por no utilizar cookies por parte de terceros para publicidad personalizada visitando <a href=\"http:\/\/www.aboutads.info\/\">www.aboutads.info<\/a>.<\/p>\n\n\n\n<h3 class=\"wp-block-heading\">5.3 Recopilaci\u00f3n y uso de datos por parte de Google<\/h3>\n\n\n\n<p>Al utilizar Google AdSense, es posible que se transfiera a Google informaci\u00f3n sobre los usuarios, incluidos datos como clics en anuncios, direcci\u00f3n IP y otra informaci\u00f3n similar. Esta informaci\u00f3n se utiliza para optimizar la eficacia de la publicidad y proporcionar a los usuarios anuncios m\u00e1s relevantes.<\/p>\n\n\n\n<p>El uso de cookies por parte de Google le permite a \u00e9l y a sus socios publicar anuncios para los usuarios de nuestro sitio en funci\u00f3n de su visita a IP8BLOG.COM y\/u otros sitios en Internet.<\/p>\n\n\n\n<h3 class=\"wp-block-heading\">5.4 Protecci\u00f3n de datos y opciones del usuario<\/h3>\n\n\n\n<p>Entendemos la importancia de la privacidad de nuestros usuarios y brindamos opciones para controlar c\u00f3mo se recopila y utiliza la informaci\u00f3n en relaci\u00f3n con la publicidad. Recomendamos que los usuarios revisen su configuraci\u00f3n de publicidad y privacidad de Google para comprender mejor sus opciones y controlar c\u00f3mo se utilizan sus datos.<\/p>\n\n\n\n<p>Para obtener m\u00e1s informaci\u00f3n sobre c\u00f3mo Google recopila, utiliza y protege su informaci\u00f3n, consulte la Pol\u00edtica de privacidad de Google.<\/p>\n\n\n\n<h2 class=\"wp-block-heading\" id=\"h-6-alteracoes-nesta-politica-de-privacidade\">6. Cambios a esta Pol\u00edtica de Privacidad<\/h2>\n\n\n\n<p>IP8BLOG.COM tiene la discreci\u00f3n de actualizar esta pol\u00edtica de privacidad en cualquier momento. Cuando lo hagamos, revisaremos la fecha actualizada en la parte superior de esta p\u00e1gina. Alentamos a los usuarios a que consulten con frecuencia esta p\u00e1gina para detectar cambios y a mantenerse informados sobre c\u00f3mo estamos ayudando a proteger la informaci\u00f3n personal que recopilamos. Usted reconoce y acepta que es su responsabilidad revisar esta pol\u00edtica de privacidad peri\u00f3dicamente y estar al tanto de las modificaciones.<\/p>\n\n\n\n<h2 class=\"wp-block-heading\" id=\"h-7-sua-aceitacao-destes-termos\">7. Su aceptaci\u00f3n de estos T\u00e9rminos<\/h2>\n\n\n\n<p>Al utilizar este Sitio, usted manifiesta su aceptaci\u00f3n de esta pol\u00edtica. Si no est\u00e1 de acuerdo con esta pol\u00edtica, no utilice nuestro Sitio. Su uso continuado del Sitio despu\u00e9s de la publicaci\u00f3n de cambios a esta pol\u00edtica se considerar\u00e1 su aceptaci\u00f3n de dichos cambios.<\/p>\n\n\n\n<h2 class=\"wp-block-heading\" id=\"h-8-contato\">8. Contacto<\/h2>\n\n\n\n<p>Si tiene alguna pregunta sobre esta Pol\u00edtica de Privacidad, las pr\u00e1cticas de este sitio o sus relaciones con este sitio, cont\u00e1ctenos en:<\/p>\n\n\n\n<p>Correo electr\u00f3nico: <a>searchlineofc@gmail.com<\/a><\/p>","protected":false},"excerpt":{"rendered":"<p>\u00daltima Atualiza\u00e7\u00e3o: 14\/03\/2024 Bem-vindo ao IP8BLOG.COM, um recurso dedicado a fornecer informa\u00e7\u00f5es valiosas e an\u00e1lises sobre aplicativos para celular, al\u00e9m de apresentar an\u00fancios selecionados para melhorar sua experi\u00eancia de navega\u00e7\u00e3o. A sua privacidade \u00e9 de suma import\u00e2ncia para n\u00f3s, e esta Pol\u00edtica de Privacidade detalha as pr\u00e1ticas de coleta, uso, manuten\u00e7\u00e3o e divulga\u00e7\u00e3o de informa\u00e7\u00f5es [&hellip;]<\/p>","protected":false},"author":1,"featured_media":0,"parent":0,"menu_order":0,"comment_status":"closed","ping_status":"open","template":"","meta":{"footnotes":""},"class_list":["post-3","page","type-page","status-publish","hentry","entry"],"yoast_head":"<!-- This site is optimized with the Yoast SEO Premium plugin v20.5 (Yoast SEO v23.1) - https:\/\/yoast.com\/wordpress\/plugins\/seo\/ -->\n<title>Pol\u00edtica de Privacidade - Portal Not\u00edcias<\/title>\n<meta name=\"robots\" content=\"index, follow, max-snippet:-1, max-image-preview:large, max-video-preview:-1\" \/>\n<link rel=\"canonical\" href=\"https:\/\/app.ip7blog.com\/es\/politica-de-privacidad\/\" \/>\n<meta property=\"og:locale\" content=\"es_ES\" \/>\n<meta property=\"og:type\" content=\"article\" \/>\n<meta property=\"og:title\" content=\"Pol\u00edtica de Privacidade\" \/>\n<meta property=\"og:description\" content=\"\u00daltima Atualiza\u00e7\u00e3o: 14\/03\/2024 Bem-vindo ao IP8BLOG.COM, um recurso dedicado a fornecer informa\u00e7\u00f5es valiosas e an\u00e1lises sobre aplicativos para celular, al\u00e9m de apresentar an\u00fancios selecionados para melhorar sua experi\u00eancia de navega\u00e7\u00e3o. A sua privacidade \u00e9 de suma import\u00e2ncia para n\u00f3s, e esta Pol\u00edtica de Privacidade detalha as pr\u00e1ticas de coleta, uso, manuten\u00e7\u00e3o e divulga\u00e7\u00e3o de informa\u00e7\u00f5es [&hellip;]\" \/>\n<meta property=\"og:url\" content=\"https:\/\/app.ip7blog.com\/es\/politica-de-privacidad\/\" \/>\n<meta property=\"og:site_name\" content=\"Portal Not\u00edcias\" \/>\n<meta property=\"article:publisher\" content=\"https:\/\/www.facebook.com\/ErndsOf\/\" \/>\n<meta property=\"article:modified_time\" content=\"2024-03-14T14:04:25+00:00\" \/>\n<meta name=\"twitter:card\" content=\"summary_large_image\" \/>\n<meta name=\"twitter:label1\" content=\"Tiempo de lectura\" \/>\n\t<meta name=\"twitter:data1\" content=\"7 minutos\" \/>\n<script type=\"application\/ld+json\" class=\"yoast-schema-graph\">{\"@context\":\"https:\/\/schema.org\",\"@graph\":[{\"@type\":\"WebPage\",\"@id\":\"https:\/\/app.ip7blog.com\/privacy-policy\/\",\"url\":\"https:\/\/app.ip7blog.com\/privacy-policy\/\",\"name\":\"Pol\u00edtica de Privacidade - Portal Not\u00edcias\",\"isPartOf\":{\"@id\":\"https:\/\/app.ip7blog.com\/#website\"},\"datePublished\":\"2023-08-19T17:19:57+00:00\",\"dateModified\":\"2024-03-14T14:04:25+00:00\",\"breadcrumb\":{\"@id\":\"https:\/\/app.ip7blog.com\/privacy-policy\/#breadcrumb\"},\"inLanguage\":\"es\",\"potentialAction\":[{\"@type\":\"ReadAction\",\"target\":[\"https:\/\/app.ip7blog.com\/privacy-policy\/\"]}]},{\"@type\":\"BreadcrumbList\",\"@id\":\"https:\/\/app.ip7blog.com\/privacy-policy\/#breadcrumb\",\"itemListElement\":[{\"@type\":\"ListItem\",\"position\":1,\"name\":\"In\u00edcio\",\"item\":\"https:\/\/app.ip7blog.com\/\"},{\"@type\":\"ListItem\",\"position\":2,\"name\":\"Pol\u00edtica de Privacidade\"}]},{\"@type\":\"WebSite\",\"@id\":\"https:\/\/app.ip7blog.com\/#website\",\"url\":\"https:\/\/app.ip7blog.com\/\",\"name\":\"Portal Not\u00edcias\",\"description\":\"Oportunidades de empregos, cursos onlines e muito mais\",\"potentialAction\":[{\"@type\":\"SearchAction\",\"target\":{\"@type\":\"EntryPoint\",\"urlTemplate\":\"https:\/\/app.ip7blog.com\/?s={search_term_string}\"},\"query-input\":\"required name=search_term_string\"}],\"inLanguage\":\"es\"}]}<\/script>\n<!-- \/ Yoast SEO Premium plugin. -->","yoast_head_json":{"title":"Pol\u00edtica de Privacidade - Portal Not\u00edcias","robots":{"index":"index","follow":"follow","max-snippet":"max-snippet:-1","max-image-preview":"max-image-preview:large","max-video-preview":"max-video-preview:-1"},"canonical":"https:\/\/app.ip7blog.com\/es\/politica-de-privacidad\/","og_locale":"es_ES","og_type":"article","og_title":"Pol\u00edtica de Privacidade","og_description":"\u00daltima Atualiza\u00e7\u00e3o: 14\/03\/2024 Bem-vindo ao IP8BLOG.COM, um recurso dedicado a fornecer informa\u00e7\u00f5es valiosas e an\u00e1lises sobre aplicativos para celular, al\u00e9m de apresentar an\u00fancios selecionados para melhorar sua experi\u00eancia de navega\u00e7\u00e3o. A sua privacidade \u00e9 de suma import\u00e2ncia para n\u00f3s, e esta Pol\u00edtica de Privacidade detalha as pr\u00e1ticas de coleta, uso, manuten\u00e7\u00e3o e divulga\u00e7\u00e3o de informa\u00e7\u00f5es [&hellip;]","og_url":"https:\/\/app.ip7blog.com\/es\/politica-de-privacidad\/","og_site_name":"Portal Not\u00edcias","article_publisher":"https:\/\/www.facebook.com\/ErndsOf\/","article_modified_time":"2024-03-14T14:04:25+00:00","twitter_card":"summary_large_image","twitter_misc":{"Tiempo de lectura":"7 minutos"},"schema":{"@context":"https:\/\/schema.org","@graph":[{"@type":"WebPage","@id":"https:\/\/app.ip7blog.com\/privacy-policy\/","url":"https:\/\/app.ip7blog.com\/privacy-policy\/","name":"Pol\u00edtica de Privacidade - Portal Not\u00edcias","isPartOf":{"@id":"https:\/\/app.ip7blog.com\/#website"},"datePublished":"2023-08-19T17:19:57+00:00","dateModified":"2024-03-14T14:04:25+00:00","breadcrumb":{"@id":"https:\/\/app.ip7blog.com\/privacy-policy\/#breadcrumb"},"inLanguage":"es","potentialAction":[{"@type":"ReadAction","target":["https:\/\/app.ip7blog.com\/privacy-policy\/"]}]},{"@type":"BreadcrumbList","@id":"https:\/\/app.ip7blog.com\/privacy-policy\/#breadcrumb","itemListElement":[{"@type":"ListItem","position":1,"name":"In\u00edcio","item":"https:\/\/app.ip7blog.com\/"},{"@type":"ListItem","position":2,"name":"Pol\u00edtica de Privacidade"}]},{"@type":"WebSite","@id":"https:\/\/app.ip7blog.com\/#website","url":"https:\/\/app.ip7blog.com\/","name":"Portal Not\u00edcias","description":"Oportunidades de empregos, cursos onlines e muito mais","potentialAction":[{"@type":"SearchAction","target":{"@type":"EntryPoint","urlTemplate":"https:\/\/app.ip7blog.com\/?s={search_term_string}"},"query-input":"required name=search_term_string"}],"inLanguage":"es"}]}},"_links":{"self":[{"href":"https:\/\/app.ip7blog.com\/es\/wp-json\/wp\/v2\/pages\/3","targetHints":{"allow":["GET"]}}],"collection":[{"href":"https:\/\/app.ip7blog.com\/es\/wp-json\/wp\/v2\/pages"}],"about":[{"href":"https:\/\/app.ip7blog.com\/es\/wp-json\/wp\/v2\/types\/page"}],"author":[{"embeddable":true,"href":"https:\/\/app.ip7blog.com\/es\/wp-json\/wp\/v2\/users\/1"}],"replies":[{"embeddable":true,"href":"https:\/\/app.ip7blog.com\/es\/wp-json\/wp\/v2\/comments?post=3"}],"version-history":[{"count":2,"href":"https:\/\/app.ip7blog.com\/es\/wp-json\/wp\/v2\/pages\/3\/revisions"}],"predecessor-version":[{"id":287714,"href":"https:\/\/app.ip7blog.com\/es\/wp-json\/wp\/v2\/pages\/3\/revisions\/287714"}],"wp:attachment":[{"href":"https:\/\/app.ip7blog.com\/es\/wp-json\/wp\/v2\/media?parent=3"}],"curies":[{"name":"wp","href":"https:\/\/api.w.org\/{rel}","templated":true}]}}