{"id":26,"date":"2023-08-19T18:20:00","date_gmt":"2023-08-19T18:20:00","guid":{"rendered":"https:\/\/casacelular.com.br\/?page_id=26"},"modified":"2024-02-20T22:55:38","modified_gmt":"2024-02-21T01:55:38","slug":"contact-us","status":"publish","type":"page","link":"https:\/\/app.ip7blog.com\/es\/contactenos\/","title":{"rendered":"Contacto"},"content":{"rendered":"<p><strong>Contacto \u2013 IP8BLOG<\/strong><\/p>\n\n\n\n<p>\u00a1Nos encantar\u00eda saber de usted! Si tienes preguntas, sugerencias o te gustar\u00eda compartir tu aplicaci\u00f3n gratuita favorita con nosotros, no dudes en ponerte en contacto. Aqu\u00ed en IP8BLOG, valoramos conectarnos con nuestros lectores y siempre estamos buscando nuevas ideas y comentarios para mejorar nuestra plataforma y contenido.<\/p>\n\n\n\n<p><strong>Hable con nosotros<\/strong><\/p>\n\n\n\n<p><strong>Correo electr\u00f3nico:<\/strong> searchlineofc@gmail.com<\/p>\n\n\n\n<p>Nuestro equipo se esfuerza por responder a todos los correos electr\u00f3nicos de forma r\u00e1pida y atenta. Ya sea que necesite una pregunta simple o comentarios detallados, estamos aqu\u00ed para escucharlo.<\/p>\n\n\n\n<p><strong>Redes sociales<\/strong><\/p>\n\n\n\n<p>S\u00edguenos e interact\u00faa con nosotros a trav\u00e9s de nuestras redes sociales. Estamos activos en Instagram, Twitter y Facebook @ip8blog. All\u00ed encontrar\u00e1 actualizaciones peri\u00f3dicas, consejos sobre aplicaciones y podr\u00e1 ser parte de nuestra comunidad de entusiastas de la tecnolog\u00eda y el entretenimiento.<\/p>\n\n\n\n<p><strong>Instagram:<\/strong> <a href=\"https:\/\/instagram.com\/ip8blog\">@ip8blog<\/a><br><strong>Gorjeo:<\/strong> <a href=\"https:\/\/twitter.com\/ip8blog\">@ip8blog<\/a><br><strong>Facebook:<\/strong> <a href=\"https:\/\/facebook.com\/ip8blog\">IP8BLOG<\/a><\/p>\n\n\n\n<p><strong>C\u00f3digo Postal<\/strong><\/p>\n\n\n\n<p>Para correspondencia f\u00edsica, puedes enviarnos cartas, sugerencias de aplicaciones en soporte f\u00edsico, o incluso obsequios promocionales para su evaluaci\u00f3n y posible publicaci\u00f3n en nuestro blog:<\/p>\n\n\n\n<p>IP8BLOG<br>Aire acondicionado: equipo de redacci\u00f3n<br>Sao Paulo Brasil<\/p>\n\n\n\n<p><strong>Asociaciones y publicidad<\/strong><\/p>\n\n\n\n<p>Si est\u00e1 interesado en formar asociaciones, ejecutar campa\u00f1as publicitarias en IP8BLOG o desea analizar oportunidades de colaboraci\u00f3n, env\u00ede un correo electr\u00f3nico detallado a Buscalineofc@gmail.com con el asunto &quot;Asociaci\u00f3n\/Publicidad&quot;. Nuestro equipo de marketing se pondr\u00e1 en contacto para analizar c\u00f3mo podemos trabajar juntos.<\/p>\n\n\n\n<p><strong>Soporte<\/strong><\/p>\n\n\n\n<p>Para soporte t\u00e9cnico relacionado con el sitio web o dificultades para acceder a las aplicaciones recomendadas, cont\u00e1ctenos por correo electr\u00f3nico a Buscalineofc@gmail.com con el asunto &quot;Soporte&quot;. Haremos todo lo posible para ayudar a resolver cualquier problema lo m\u00e1s r\u00e1pido posible.<\/p>\n\n\n\n<p>Agradecemos su inter\u00e9s y apoyo a IP8BLOG. Su participaci\u00f3n activa es lo que hace que nuestra comunidad sea tan especial. \u00a1Esperamos tener noticias suyas!<\/p>","protected":false},"excerpt":{"rendered":"<p>Contato &#8211; IP8BLOG Adorar\u00edamos ouvir voc\u00ea! Se voc\u00ea tem perguntas, sugest\u00f5es, ou gostaria de compartilhar seu aplicativo gratuito favorito conosco, n\u00e3o hesite em entrar em contato. Aqui no IP8BLOG, valorizamos a conex\u00e3o com nossos leitores e estamos sempre em busca de novas ideias e feedback para melhorar nossa plataforma e conte\u00fado. Fale Conosco E-mail: buscalineofc@gmail.com [&hellip;]<\/p>","protected":false},"author":1,"featured_media":0,"parent":0,"menu_order":0,"comment_status":"closed","ping_status":"closed","template":"","meta":{"footnotes":""},"class_list":["post-26","page","type-page","status-publish","hentry","entry"],"yoast_head":"<!-- This site is optimized with the Yoast SEO Premium plugin v20.5 (Yoast SEO v23.1) - https:\/\/yoast.com\/wordpress\/plugins\/seo\/ -->\n<title>Contato - Portal Not\u00edcias<\/title>\n<meta name=\"robots\" content=\"index, follow, max-snippet:-1, max-image-preview:large, max-video-preview:-1\" \/>\n<link rel=\"canonical\" href=\"https:\/\/app.ip7blog.com\/es\/contactenos\/\" \/>\n<meta property=\"og:locale\" content=\"es_ES\" \/>\n<meta property=\"og:type\" content=\"article\" \/>\n<meta property=\"og:title\" content=\"Contato\" \/>\n<meta property=\"og:description\" content=\"Contato &#8211; IP8BLOG Adorar\u00edamos ouvir voc\u00ea! Se voc\u00ea tem perguntas, sugest\u00f5es, ou gostaria de compartilhar seu aplicativo gratuito favorito conosco, n\u00e3o hesite em entrar em contato. Aqui no IP8BLOG, valorizamos a conex\u00e3o com nossos leitores e estamos sempre em busca de novas ideias e feedback para melhorar nossa plataforma e conte\u00fado. Fale Conosco E-mail: buscalineofc@gmail.com [&hellip;]\" \/>\n<meta property=\"og:url\" content=\"https:\/\/app.ip7blog.com\/es\/contactenos\/\" \/>\n<meta property=\"og:site_name\" content=\"Portal Not\u00edcias\" \/>\n<meta property=\"article:publisher\" content=\"https:\/\/www.facebook.com\/ErndsOf\/\" \/>\n<meta property=\"article:modified_time\" content=\"2024-02-21T01:55:38+00:00\" \/>\n<meta name=\"twitter:card\" content=\"summary_large_image\" \/>\n<meta name=\"twitter:label1\" content=\"Tiempo de lectura\" \/>\n\t<meta name=\"twitter:data1\" content=\"2 minutos\" \/>\n<script type=\"application\/ld+json\" class=\"yoast-schema-graph\">{\"@context\":\"https:\/\/schema.org\",\"@graph\":[{\"@type\":\"WebPage\",\"@id\":\"https:\/\/app.ip7blog.com\/contact-us\/\",\"url\":\"https:\/\/app.ip7blog.com\/contact-us\/\",\"name\":\"Contato - Portal Not\u00edcias\",\"isPartOf\":{\"@id\":\"https:\/\/app.ip7blog.com\/#website\"},\"datePublished\":\"2023-08-19T18:20:00+00:00\",\"dateModified\":\"2024-02-21T01:55:38+00:00\",\"breadcrumb\":{\"@id\":\"https:\/\/app.ip7blog.com\/contact-us\/#breadcrumb\"},\"inLanguage\":\"es\",\"potentialAction\":[{\"@type\":\"ReadAction\",\"target\":[\"https:\/\/app.ip7blog.com\/contact-us\/\"]}]},{\"@type\":\"BreadcrumbList\",\"@id\":\"https:\/\/app.ip7blog.com\/contact-us\/#breadcrumb\",\"itemListElement\":[{\"@type\":\"ListItem\",\"position\":1,\"name\":\"In\u00edcio\",\"item\":\"https:\/\/app.ip7blog.com\/\"},{\"@type\":\"ListItem\",\"position\":2,\"name\":\"Contato\"}]},{\"@type\":\"WebSite\",\"@id\":\"https:\/\/app.ip7blog.com\/#website\",\"url\":\"https:\/\/app.ip7blog.com\/\",\"name\":\"Portal Not\u00edcias\",\"description\":\"Oportunidades de empregos, cursos onlines e muito mais\",\"potentialAction\":[{\"@type\":\"SearchAction\",\"target\":{\"@type\":\"EntryPoint\",\"urlTemplate\":\"https:\/\/app.ip7blog.com\/?s={search_term_string}\"},\"query-input\":\"required name=search_term_string\"}],\"inLanguage\":\"es\"}]}<\/script>\n<!-- \/ Yoast SEO Premium plugin. -->","yoast_head_json":{"title":"Contato - Portal Not\u00edcias","robots":{"index":"index","follow":"follow","max-snippet":"max-snippet:-1","max-image-preview":"max-image-preview:large","max-video-preview":"max-video-preview:-1"},"canonical":"https:\/\/app.ip7blog.com\/es\/contactenos\/","og_locale":"es_ES","og_type":"article","og_title":"Contato","og_description":"Contato &#8211; IP8BLOG Adorar\u00edamos ouvir voc\u00ea! Se voc\u00ea tem perguntas, sugest\u00f5es, ou gostaria de compartilhar seu aplicativo gratuito favorito conosco, n\u00e3o hesite em entrar em contato. Aqui no IP8BLOG, valorizamos a conex\u00e3o com nossos leitores e estamos sempre em busca de novas ideias e feedback para melhorar nossa plataforma e conte\u00fado. Fale Conosco E-mail: buscalineofc@gmail.com [&hellip;]","og_url":"https:\/\/app.ip7blog.com\/es\/contactenos\/","og_site_name":"Portal Not\u00edcias","article_publisher":"https:\/\/www.facebook.com\/ErndsOf\/","article_modified_time":"2024-02-21T01:55:38+00:00","twitter_card":"summary_large_image","twitter_misc":{"Tiempo de lectura":"2 minutos"},"schema":{"@context":"https:\/\/schema.org","@graph":[{"@type":"WebPage","@id":"https:\/\/app.ip7blog.com\/contact-us\/","url":"https:\/\/app.ip7blog.com\/contact-us\/","name":"Contato - Portal Not\u00edcias","isPartOf":{"@id":"https:\/\/app.ip7blog.com\/#website"},"datePublished":"2023-08-19T18:20:00+00:00","dateModified":"2024-02-21T01:55:38+00:00","breadcrumb":{"@id":"https:\/\/app.ip7blog.com\/contact-us\/#breadcrumb"},"inLanguage":"es","potentialAction":[{"@type":"ReadAction","target":["https:\/\/app.ip7blog.com\/contact-us\/"]}]},{"@type":"BreadcrumbList","@id":"https:\/\/app.ip7blog.com\/contact-us\/#breadcrumb","itemListElement":[{"@type":"ListItem","position":1,"name":"In\u00edcio","item":"https:\/\/app.ip7blog.com\/"},{"@type":"ListItem","position":2,"name":"Contato"}]},{"@type":"WebSite","@id":"https:\/\/app.ip7blog.com\/#website","url":"https:\/\/app.ip7blog.com\/","name":"Portal Not\u00edcias","description":"Oportunidades de empregos, cursos onlines e muito mais","potentialAction":[{"@type":"SearchAction","target":{"@type":"EntryPoint","urlTemplate":"https:\/\/app.ip7blog.com\/?s={search_term_string}"},"query-input":"required name=search_term_string"}],"inLanguage":"es"}]}},"_links":{"self":[{"href":"https:\/\/app.ip7blog.com\/es\/wp-json\/wp\/v2\/pages\/26","targetHints":{"allow":["GET"]}}],"collection":[{"href":"https:\/\/app.ip7blog.com\/es\/wp-json\/wp\/v2\/pages"}],"about":[{"href":"https:\/\/app.ip7blog.com\/es\/wp-json\/wp\/v2\/types\/page"}],"author":[{"embeddable":true,"href":"https:\/\/app.ip7blog.com\/es\/wp-json\/wp\/v2\/users\/1"}],"replies":[{"embeddable":true,"href":"https:\/\/app.ip7blog.com\/es\/wp-json\/wp\/v2\/comments?post=26"}],"version-history":[{"count":0,"href":"https:\/\/app.ip7blog.com\/es\/wp-json\/wp\/v2\/pages\/26\/revisions"}],"wp:attachment":[{"href":"https:\/\/app.ip7blog.com\/es\/wp-json\/wp\/v2\/media?parent=26"}],"curies":[{"name":"wp","href":"https:\/\/api.w.org\/{rel}","templated":true}]}}