{"id":24,"date":"2023-08-19T18:19:39","date_gmt":"2023-08-19T18:19:39","guid":{"rendered":"https:\/\/casacelular.com.br\/?page_id=24"},"modified":"2024-02-20T22:57:13","modified_gmt":"2024-02-21T01:57:13","slug":"disclaimer","status":"publish","type":"page","link":"https:\/\/app.ip7blog.com\/es\/descargo-de-responsabilidad\/","title":{"rendered":"Descargo de responsabilidad"},"content":{"rendered":"<p><strong>Descargo de responsabilidad \u2013 IP8BLOG<\/strong><\/p>\n\n\n\n<p>IP8BLOG es un espacio dedicado a compartir informaci\u00f3n, an\u00e1lisis y recomendaciones sobre aplicaciones de entretenimiento gratuitas. Es importante resaltar que las opiniones expresadas en este blog son \u00fanicamente de los autores y no reflejan necesariamente las opiniones de ninguna organizaci\u00f3n o empresa asociada.<\/p>\n\n\n\n<p><strong>Acerca del contenido publicado<\/strong><\/p>\n\n\n\n<ol class=\"wp-block-list\">\n<li><strong>Recomendaciones de aplicaci\u00f3n:<\/strong> Las recomendaciones y rese\u00f1as de aplicaciones presentes en IP8BLOG se basan en nuestra propia experiencia e investigaci\u00f3n. Aunque nos esforzamos por proporcionar informaci\u00f3n precisa y actualizada, no podemos garantizar que toda la informaci\u00f3n est\u00e9 siempre completa o actualizada. Los usuarios siempre deben consultar la informaci\u00f3n y las rese\u00f1as de las aplicaciones en las plataformas oficiales antes de descargarlas.<\/li>\n\n\n\n<li><strong>Enlaces externos:<\/strong> IP8BLOG puede contener enlaces a sitios web externos que no son operados ni controlados por nosotros. Estos enlaces se proporcionan para su comodidad y no implican respaldo. No somos responsables del contenido o las pr\u00e1cticas de privacidad de sitios web externos.<\/li>\n\n\n\n<li><strong>Publicidad y asociaciones:<\/strong> Podemos mostrar anuncios de terceros o contenido patrocinado como una forma de respaldar el blog. Aunque la publicidad puede influir en la ubicaci\u00f3n y presencia de dichos anuncios, no afecta las rese\u00f1as ni opiniones de las aplicaciones recomendadas. Cualquier contenido patrocinado estar\u00e1 claramente identificado como tal.<\/li>\n<\/ol>\n\n\n\n<p><strong>Nota legal<\/strong><\/p>\n\n\n\n<p>El contenido proporcionado por IP8BLOG se ofrece &quot;tal cual&quot;, sin garant\u00edas de ning\u00fan tipo, ya sea expresa o impl\u00edcita. No garantizamos que el blog est\u00e9 libre de errores, sea seguro o est\u00e9 disponible ininterrumpidamente. No somos responsables de ning\u00fan da\u00f1o o p\u00e9rdida que resulte del uso o la imposibilidad de usar el blog, la confianza en la informaci\u00f3n contenida en este documento o cualquier conducta de terceros en el blog.<\/p>\n\n\n\n<p><strong>Derechos de autor<\/strong><\/p>\n\n\n\n<p>Todo el contenido publicado en IP8BLOG, incluidos textos, gr\u00e1ficos, logotipos, \u00edconos, im\u00e1genes y compilaciones de datos, es propiedad de IP8BLOG o de los proveedores de contenido y est\u00e1 protegido por las leyes de derechos de autor brasile\u00f1as e internacionales. El uso no autorizado de cualquier material que se encuentre en este blog puede violar los derechos de autor, las marcas registradas y otras leyes.<\/p>\n\n\n\n<p><strong>Cambios al descargo de responsabilidad<\/strong><\/p>\n\n\n\n<p>Nos reservamos el derecho de modificar este descargo de responsabilidad en cualquier momento. Recomendamos que los visitantes revisen peri\u00f3dicamente esta p\u00e1gina para mantenerse informados de cualquier cambio.<\/p>\n\n\n\n<p><strong>Contacto<\/strong><\/p>\n\n\n\n<p>Si tiene alguna pregunta o inquietud sobre este descargo de responsabilidad, cont\u00e1ctenos en Buscalineofc@gmail.com.<\/p>\n\n\n\n<p>Le agradecemos su comprensi\u00f3n y continuo apoyo a IP8BLOG. Nuestra misi\u00f3n es brindar entretenimiento de calidad de manera accesible, promoviendo una experiencia en l\u00ednea enriquecedora y segura para todos.<\/p>","protected":false},"excerpt":{"rendered":"<p>Disclaimer &#8211; IP8BLOG O IP8BLOG \u00e9 um espa\u00e7o dedicado a compartilhar informa\u00e7\u00f5es, an\u00e1lises e recomenda\u00e7\u00f5es sobre aplicativos gratuitos de entretenimento. \u00c9 importante destacar que as opini\u00f5es expressas neste blog s\u00e3o exclusivamente dos autores e n\u00e3o refletem necessariamente as opini\u00f5es de qualquer organiza\u00e7\u00e3o ou empresa associada. Sobre o Conte\u00fado Publicado Isen\u00e7\u00e3o de Responsabilidade Legal O conte\u00fado [&hellip;]<\/p>","protected":false},"author":1,"featured_media":0,"parent":0,"menu_order":0,"comment_status":"closed","ping_status":"closed","template":"","meta":{"footnotes":""},"class_list":["post-24","page","type-page","status-publish","hentry","entry"],"yoast_head":"<!-- This site is optimized with the Yoast SEO Premium plugin v20.5 (Yoast SEO v23.1) - https:\/\/yoast.com\/wordpress\/plugins\/seo\/ -->\n<title>Disclaimer - Portal Not\u00edcias<\/title>\n<meta name=\"robots\" content=\"index, follow, max-snippet:-1, max-image-preview:large, max-video-preview:-1\" \/>\n<link rel=\"canonical\" href=\"https:\/\/app.ip7blog.com\/es\/descargo-de-responsabilidad\/\" \/>\n<meta property=\"og:locale\" content=\"es_ES\" \/>\n<meta property=\"og:type\" content=\"article\" \/>\n<meta property=\"og:title\" content=\"Disclaimer\" \/>\n<meta property=\"og:description\" content=\"Disclaimer &#8211; IP8BLOG O IP8BLOG \u00e9 um espa\u00e7o dedicado a compartilhar informa\u00e7\u00f5es, an\u00e1lises e recomenda\u00e7\u00f5es sobre aplicativos gratuitos de entretenimento. \u00c9 importante destacar que as opini\u00f5es expressas neste blog s\u00e3o exclusivamente dos autores e n\u00e3o refletem necessariamente as opini\u00f5es de qualquer organiza\u00e7\u00e3o ou empresa associada. Sobre o Conte\u00fado Publicado Isen\u00e7\u00e3o de Responsabilidade Legal O conte\u00fado [&hellip;]\" \/>\n<meta property=\"og:url\" content=\"https:\/\/app.ip7blog.com\/es\/descargo-de-responsabilidad\/\" \/>\n<meta property=\"og:site_name\" content=\"Portal Not\u00edcias\" \/>\n<meta property=\"article:publisher\" content=\"https:\/\/www.facebook.com\/ErndsOf\/\" \/>\n<meta property=\"article:modified_time\" content=\"2024-02-21T01:57:13+00:00\" \/>\n<meta name=\"twitter:card\" content=\"summary_large_image\" \/>\n<meta name=\"twitter:label1\" content=\"Tiempo de lectura\" \/>\n\t<meta name=\"twitter:data1\" content=\"2 minutos\" \/>\n<script type=\"application\/ld+json\" class=\"yoast-schema-graph\">{\"@context\":\"https:\/\/schema.org\",\"@graph\":[{\"@type\":\"WebPage\",\"@id\":\"https:\/\/app.ip7blog.com\/disclaimer\/\",\"url\":\"https:\/\/app.ip7blog.com\/disclaimer\/\",\"name\":\"Disclaimer - Portal Not\u00edcias\",\"isPartOf\":{\"@id\":\"https:\/\/app.ip7blog.com\/#website\"},\"datePublished\":\"2023-08-19T18:19:39+00:00\",\"dateModified\":\"2024-02-21T01:57:13+00:00\",\"breadcrumb\":{\"@id\":\"https:\/\/app.ip7blog.com\/disclaimer\/#breadcrumb\"},\"inLanguage\":\"es\",\"potentialAction\":[{\"@type\":\"ReadAction\",\"target\":[\"https:\/\/app.ip7blog.com\/disclaimer\/\"]}]},{\"@type\":\"BreadcrumbList\",\"@id\":\"https:\/\/app.ip7blog.com\/disclaimer\/#breadcrumb\",\"itemListElement\":[{\"@type\":\"ListItem\",\"position\":1,\"name\":\"In\u00edcio\",\"item\":\"https:\/\/app.ip7blog.com\/\"},{\"@type\":\"ListItem\",\"position\":2,\"name\":\"Disclaimer\"}]},{\"@type\":\"WebSite\",\"@id\":\"https:\/\/app.ip7blog.com\/#website\",\"url\":\"https:\/\/app.ip7blog.com\/\",\"name\":\"Portal Not\u00edcias\",\"description\":\"Oportunidades de empregos, cursos onlines e muito mais\",\"potentialAction\":[{\"@type\":\"SearchAction\",\"target\":{\"@type\":\"EntryPoint\",\"urlTemplate\":\"https:\/\/app.ip7blog.com\/?s={search_term_string}\"},\"query-input\":\"required name=search_term_string\"}],\"inLanguage\":\"es\"}]}<\/script>\n<!-- \/ Yoast SEO Premium plugin. -->","yoast_head_json":{"title":"Disclaimer - Portal Not\u00edcias","robots":{"index":"index","follow":"follow","max-snippet":"max-snippet:-1","max-image-preview":"max-image-preview:large","max-video-preview":"max-video-preview:-1"},"canonical":"https:\/\/app.ip7blog.com\/es\/descargo-de-responsabilidad\/","og_locale":"es_ES","og_type":"article","og_title":"Disclaimer","og_description":"Disclaimer &#8211; IP8BLOG O IP8BLOG \u00e9 um espa\u00e7o dedicado a compartilhar informa\u00e7\u00f5es, an\u00e1lises e recomenda\u00e7\u00f5es sobre aplicativos gratuitos de entretenimento. \u00c9 importante destacar que as opini\u00f5es expressas neste blog s\u00e3o exclusivamente dos autores e n\u00e3o refletem necessariamente as opini\u00f5es de qualquer organiza\u00e7\u00e3o ou empresa associada. Sobre o Conte\u00fado Publicado Isen\u00e7\u00e3o de Responsabilidade Legal O conte\u00fado [&hellip;]","og_url":"https:\/\/app.ip7blog.com\/es\/descargo-de-responsabilidad\/","og_site_name":"Portal Not\u00edcias","article_publisher":"https:\/\/www.facebook.com\/ErndsOf\/","article_modified_time":"2024-02-21T01:57:13+00:00","twitter_card":"summary_large_image","twitter_misc":{"Tiempo de lectura":"2 minutos"},"schema":{"@context":"https:\/\/schema.org","@graph":[{"@type":"WebPage","@id":"https:\/\/app.ip7blog.com\/disclaimer\/","url":"https:\/\/app.ip7blog.com\/disclaimer\/","name":"Disclaimer - Portal Not\u00edcias","isPartOf":{"@id":"https:\/\/app.ip7blog.com\/#website"},"datePublished":"2023-08-19T18:19:39+00:00","dateModified":"2024-02-21T01:57:13+00:00","breadcrumb":{"@id":"https:\/\/app.ip7blog.com\/disclaimer\/#breadcrumb"},"inLanguage":"es","potentialAction":[{"@type":"ReadAction","target":["https:\/\/app.ip7blog.com\/disclaimer\/"]}]},{"@type":"BreadcrumbList","@id":"https:\/\/app.ip7blog.com\/disclaimer\/#breadcrumb","itemListElement":[{"@type":"ListItem","position":1,"name":"In\u00edcio","item":"https:\/\/app.ip7blog.com\/"},{"@type":"ListItem","position":2,"name":"Disclaimer"}]},{"@type":"WebSite","@id":"https:\/\/app.ip7blog.com\/#website","url":"https:\/\/app.ip7blog.com\/","name":"Portal Not\u00edcias","description":"Oportunidades de empregos, cursos onlines e muito mais","potentialAction":[{"@type":"SearchAction","target":{"@type":"EntryPoint","urlTemplate":"https:\/\/app.ip7blog.com\/?s={search_term_string}"},"query-input":"required name=search_term_string"}],"inLanguage":"es"}]}},"_links":{"self":[{"href":"https:\/\/app.ip7blog.com\/es\/wp-json\/wp\/v2\/pages\/24","targetHints":{"allow":["GET"]}}],"collection":[{"href":"https:\/\/app.ip7blog.com\/es\/wp-json\/wp\/v2\/pages"}],"about":[{"href":"https:\/\/app.ip7blog.com\/es\/wp-json\/wp\/v2\/types\/page"}],"author":[{"embeddable":true,"href":"https:\/\/app.ip7blog.com\/es\/wp-json\/wp\/v2\/users\/1"}],"replies":[{"embeddable":true,"href":"https:\/\/app.ip7blog.com\/es\/wp-json\/wp\/v2\/comments?post=24"}],"version-history":[{"count":0,"href":"https:\/\/app.ip7blog.com\/es\/wp-json\/wp\/v2\/pages\/24\/revisions"}],"wp:attachment":[{"href":"https:\/\/app.ip7blog.com\/es\/wp-json\/wp\/v2\/media?parent=24"}],"curies":[{"name":"wp","href":"https:\/\/api.w.org\/{rel}","templated":true}]}}