{"id":22,"date":"2023-08-19T18:19:11","date_gmt":"2023-08-19T18:19:11","guid":{"rendered":"https:\/\/casacelular.com.br\/?page_id=22"},"modified":"2024-02-20T22:54:11","modified_gmt":"2024-02-21T01:54:11","slug":"about-us","status":"publish","type":"page","link":"https:\/\/app.ip7blog.com\/en\/about-us\/","title":{"rendered":"About Us"},"content":{"rendered":"<p><strong>About Us \u2013 IP8BLOG<\/strong><\/p>\n\n\n\n<p>Welcome to IP8BLOG, your ultimate destination to discover the best free entertainment apps. We&#039;re a team passionate about technology and fun, dedicated to exploring the vast digital universe to bring you the hidden gems of the App Store and Google Play.<\/p>\n\n\n\n<p>Founded in S\u00e3o Paulo, Brazil, IP8BLOG was born from the desire to share incredible discoveries that can make every moment of your day more fun and interesting, at no cost. We believe that access to quality fun shouldn&#039;t be limited by financial barriers, which is why we&#039;re dedicated to finding and reviewing the best free apps available.<\/p>\n\n\n\n<p><strong>Our mission<\/strong><\/p>\n\n\n\n<p>Our mission is simple: to ensure you never run out of quality entertainment options. Whether you&#039;re a gaming aficionado, a podcast lover, or someone looking for fun educational apps, IP8BLOG has something for everyone. Our goal is to help you explore the digital world in a safe and satisfying way by introducing apps that enrich your life without emptying your wallet.<\/p>\n\n\n\n<p><strong>How we do<\/strong><\/p>\n\n\n\n<p>Each week, our team meticulously scours the app stores for the best free releases. We evaluate each app based on rigorous criteria, including usability, innovation, content quality and, of course, the fun factor. We only recommend apps we love and use, ensuring you only receive high-quality suggestions.<\/p>\n\n\n\n<p><strong>Connect with Us<\/strong><\/p>\n\n\n\n<p>The IP8BLOG community is the heart of our blog. We value your suggestions, feedback and ideas. We want to hear about your favorite apps and how they&#039;ve brightened up your days. Contact us via email at Buscalineofc@gmail.com and follow us on social media @ip8blog to stay up to date with the latest news and interact with other free app enthusiasts.<\/p>\n\n\n\n<p>Whether you are from S\u00e3o Paulo or anywhere else in the world, IP8BLOG is your ideal companion in discovering quality free entertainment. Join us on this digital journey and turn every free moment into an exciting adventure.<\/p>\n\n\n\n<p><strong>Location<\/strong><\/p>\n\n\n\n<p>S\u00e3o Paulo Brazil<\/p>\n\n\n\n<p>Thank you for choosing IP8BLOG as your guide into the world of free entertainment apps. We hope you find new ways of fun and inspiration here. Explore, download and enjoy \u2013 the digital world is yours to discover.<\/p>\n\n\n\n<p>Your team, IP8BLOG.<\/p>","protected":false},"excerpt":{"rendered":"<p>Sobre N\u00f3s &#8211; IP8BLOG Bem-vindo ao IP8BLOG, seu destino definitivo para descobrir os melhores aplicativos gratuitos de entretenimento. Somos uma equipe apaixonada por tecnologia e divers\u00e3o, dedicada a explorar o vasto universo digital para trazer at\u00e9 voc\u00ea as joias ocultas da App Store e do Google Play. Fundado em S\u00e3o Paulo, Brasil, o IP8BLOG nasceu [&hellip;]<\/p>","protected":false},"author":1,"featured_media":0,"parent":0,"menu_order":0,"comment_status":"closed","ping_status":"closed","template":"","meta":{"footnotes":""},"class_list":["post-22","page","type-page","status-publish","hentry","entry"],"yoast_head":"<!-- This site is optimized with the Yoast SEO Premium plugin v20.5 (Yoast SEO v23.1) - https:\/\/yoast.com\/wordpress\/plugins\/seo\/ -->\n<title>Sobre n\u00f3s - Portal Not\u00edcias<\/title>\n<meta name=\"robots\" content=\"index, follow, max-snippet:-1, max-image-preview:large, max-video-preview:-1\" \/>\n<link rel=\"canonical\" href=\"https:\/\/app.ip7blog.com\/en\/about-us\/\" \/>\n<meta property=\"og:locale\" content=\"en_US\" \/>\n<meta property=\"og:type\" content=\"article\" \/>\n<meta property=\"og:title\" content=\"Sobre n\u00f3s\" \/>\n<meta property=\"og:description\" content=\"Sobre N\u00f3s &#8211; IP8BLOG Bem-vindo ao IP8BLOG, seu destino definitivo para descobrir os melhores aplicativos gratuitos de entretenimento. Somos uma equipe apaixonada por tecnologia e divers\u00e3o, dedicada a explorar o vasto universo digital para trazer at\u00e9 voc\u00ea as joias ocultas da App Store e do Google Play. Fundado em S\u00e3o Paulo, Brasil, o IP8BLOG nasceu [&hellip;]\" \/>\n<meta property=\"og:url\" content=\"https:\/\/app.ip7blog.com\/en\/about-us\/\" \/>\n<meta property=\"og:site_name\" content=\"Portal Not\u00edcias\" \/>\n<meta property=\"article:publisher\" content=\"https:\/\/www.facebook.com\/ErndsOf\/\" \/>\n<meta property=\"article:modified_time\" content=\"2024-02-21T01:54:11+00:00\" \/>\n<meta name=\"twitter:card\" content=\"summary_large_image\" \/>\n<meta name=\"twitter:label1\" content=\"Est. reading time\" \/>\n\t<meta name=\"twitter:data1\" content=\"2 minutes\" \/>\n<script type=\"application\/ld+json\" class=\"yoast-schema-graph\">{\"@context\":\"https:\/\/schema.org\",\"@graph\":[{\"@type\":\"WebPage\",\"@id\":\"https:\/\/app.ip7blog.com\/about-us\/\",\"url\":\"https:\/\/app.ip7blog.com\/about-us\/\",\"name\":\"Sobre n\u00f3s - Portal Not\u00edcias\",\"isPartOf\":{\"@id\":\"https:\/\/app.ip7blog.com\/#website\"},\"datePublished\":\"2023-08-19T18:19:11+00:00\",\"dateModified\":\"2024-02-21T01:54:11+00:00\",\"breadcrumb\":{\"@id\":\"https:\/\/app.ip7blog.com\/about-us\/#breadcrumb\"},\"inLanguage\":\"en-US\",\"potentialAction\":[{\"@type\":\"ReadAction\",\"target\":[\"https:\/\/app.ip7blog.com\/about-us\/\"]}]},{\"@type\":\"BreadcrumbList\",\"@id\":\"https:\/\/app.ip7blog.com\/about-us\/#breadcrumb\",\"itemListElement\":[{\"@type\":\"ListItem\",\"position\":1,\"name\":\"In\u00edcio\",\"item\":\"https:\/\/app.ip7blog.com\/\"},{\"@type\":\"ListItem\",\"position\":2,\"name\":\"Sobre n\u00f3s\"}]},{\"@type\":\"WebSite\",\"@id\":\"https:\/\/app.ip7blog.com\/#website\",\"url\":\"https:\/\/app.ip7blog.com\/\",\"name\":\"Portal Not\u00edcias\",\"description\":\"Oportunidades de empregos, cursos onlines e muito mais\",\"potentialAction\":[{\"@type\":\"SearchAction\",\"target\":{\"@type\":\"EntryPoint\",\"urlTemplate\":\"https:\/\/app.ip7blog.com\/?s={search_term_string}\"},\"query-input\":\"required name=search_term_string\"}],\"inLanguage\":\"en-US\"}]}<\/script>\n<!-- \/ Yoast SEO Premium plugin. -->","yoast_head_json":{"title":"Sobre n\u00f3s - Portal Not\u00edcias","robots":{"index":"index","follow":"follow","max-snippet":"max-snippet:-1","max-image-preview":"max-image-preview:large","max-video-preview":"max-video-preview:-1"},"canonical":"https:\/\/app.ip7blog.com\/en\/about-us\/","og_locale":"en_US","og_type":"article","og_title":"Sobre n\u00f3s","og_description":"Sobre N\u00f3s &#8211; IP8BLOG Bem-vindo ao IP8BLOG, seu destino definitivo para descobrir os melhores aplicativos gratuitos de entretenimento. Somos uma equipe apaixonada por tecnologia e divers\u00e3o, dedicada a explorar o vasto universo digital para trazer at\u00e9 voc\u00ea as joias ocultas da App Store e do Google Play. Fundado em S\u00e3o Paulo, Brasil, o IP8BLOG nasceu [&hellip;]","og_url":"https:\/\/app.ip7blog.com\/en\/about-us\/","og_site_name":"Portal Not\u00edcias","article_publisher":"https:\/\/www.facebook.com\/ErndsOf\/","article_modified_time":"2024-02-21T01:54:11+00:00","twitter_card":"summary_large_image","twitter_misc":{"Est. reading time":"2 minutes"},"schema":{"@context":"https:\/\/schema.org","@graph":[{"@type":"WebPage","@id":"https:\/\/app.ip7blog.com\/about-us\/","url":"https:\/\/app.ip7blog.com\/about-us\/","name":"Sobre n\u00f3s - Portal Not\u00edcias","isPartOf":{"@id":"https:\/\/app.ip7blog.com\/#website"},"datePublished":"2023-08-19T18:19:11+00:00","dateModified":"2024-02-21T01:54:11+00:00","breadcrumb":{"@id":"https:\/\/app.ip7blog.com\/about-us\/#breadcrumb"},"inLanguage":"en-US","potentialAction":[{"@type":"ReadAction","target":["https:\/\/app.ip7blog.com\/about-us\/"]}]},{"@type":"BreadcrumbList","@id":"https:\/\/app.ip7blog.com\/about-us\/#breadcrumb","itemListElement":[{"@type":"ListItem","position":1,"name":"In\u00edcio","item":"https:\/\/app.ip7blog.com\/"},{"@type":"ListItem","position":2,"name":"Sobre n\u00f3s"}]},{"@type":"WebSite","@id":"https:\/\/app.ip7blog.com\/#website","url":"https:\/\/app.ip7blog.com\/","name":"Portal Not\u00edcias","description":"Oportunidades de empregos, cursos onlines e muito mais","potentialAction":[{"@type":"SearchAction","target":{"@type":"EntryPoint","urlTemplate":"https:\/\/app.ip7blog.com\/?s={search_term_string}"},"query-input":"required name=search_term_string"}],"inLanguage":"en-US"}]}},"_links":{"self":[{"href":"https:\/\/app.ip7blog.com\/en\/wp-json\/wp\/v2\/pages\/22","targetHints":{"allow":["GET"]}}],"collection":[{"href":"https:\/\/app.ip7blog.com\/en\/wp-json\/wp\/v2\/pages"}],"about":[{"href":"https:\/\/app.ip7blog.com\/en\/wp-json\/wp\/v2\/types\/page"}],"author":[{"embeddable":true,"href":"https:\/\/app.ip7blog.com\/en\/wp-json\/wp\/v2\/users\/1"}],"replies":[{"embeddable":true,"href":"https:\/\/app.ip7blog.com\/en\/wp-json\/wp\/v2\/comments?post=22"}],"version-history":[{"count":0,"href":"https:\/\/app.ip7blog.com\/en\/wp-json\/wp\/v2\/pages\/22\/revisions"}],"wp:attachment":[{"href":"https:\/\/app.ip7blog.com\/en\/wp-json\/wp\/v2\/media?parent=22"}],"curies":[{"name":"wp","href":"https:\/\/api.w.org\/{rel}","templated":true}]}}