{"id":26,"date":"2023-08-19T18:20:00","date_gmt":"2023-08-19T18:20:00","guid":{"rendered":"https:\/\/casacelular.com.br\/?page_id=26"},"modified":"2024-02-20T22:55:38","modified_gmt":"2024-02-21T01:55:38","slug":"contact-us","status":"publish","type":"page","link":"https:\/\/app.ip7blog.com\/de\/kontaktiere-uns\/","title":{"rendered":"Kontakt"},"content":{"rendered":"<p><strong>Kontakt \u2013 IP8BLOG<\/strong><\/p>\n\n\n\n<p>Wir w\u00fcrden uns freuen, von Ihnen zu h\u00f6ren! Wenn Sie Fragen oder Anregungen haben oder Ihre kostenlose Lieblings-App mit uns teilen m\u00f6chten, z\u00f6gern Sie nicht, uns zu kontaktieren. Hier bei IP8BLOG legen wir Wert auf den Kontakt zu unseren Lesern und sind stets auf der Suche nach neuen Ideen und Feedback, um unsere Plattform und Inhalte zu verbessern.<\/p>\n\n\n\n<p><strong>Kontaktiere uns<\/strong><\/p>\n\n\n\n<p><strong>Email:<\/strong> Buscalineofc@gmail.com<\/p>\n\n\n\n<p>Unser Team ist bestrebt, alle E-Mails schnell und aufmerksam zu beantworten. Egal, ob Sie eine einfache Frage oder detailliertes Feedback ben\u00f6tigen, wir sind f\u00fcr Sie da.<\/p>\n\n\n\n<p><strong>Sozialen Medien<\/strong><\/p>\n\n\n\n<p>Folgen Sie uns und interagieren Sie mit uns \u00fcber unsere sozialen Netzwerke. Wir sind auf Instagram, Twitter und Facebook @ip8blog aktiv. Dort finden Sie regelm\u00e4\u00dfige Updates, App-Tipps und k\u00f6nnen Teil unserer Community aus Technik- und Entertainment-Enthusiasten werden.<\/p>\n\n\n\n<p><strong>Instagram:<\/strong> <a href=\"https:\/\/instagram.com\/ip8blog\">@ip8blog<\/a><br><strong>Twitter:<\/strong> <a href=\"https:\/\/twitter.com\/ip8blog\">@ip8blog<\/a><br><strong>Facebook:<\/strong> <a href=\"https:\/\/facebook.com\/ip8blog\">IP8BLOG<\/a><\/p>\n\n\n\n<p><strong>Postleitzahl<\/strong><\/p>\n\n\n\n<p>F\u00fcr die physische Korrespondenz k\u00f6nnen Sie uns Briefe, Bewerbungsvorschl\u00e4ge in physischen Medien oder auch Werbegeschenke zur Bewertung und m\u00f6glichen Ver\u00f6ffentlichung auf unserem Blog zukommen lassen:<\/p>\n\n\n\n<p>IP8BLOG<br>A\/C: Schreibteam<br>Sao Paulo, Brasilien<\/p>\n\n\n\n<p><strong>Partnerschaften und Werbung<\/strong><\/p>\n\n\n\n<p>Wenn Sie daran interessiert sind, Partnerschaften einzugehen, Werbekampagnen auf IP8BLOG durchzuf\u00fchren oder Kooperationsm\u00f6glichkeiten zu besprechen, senden Sie bitte eine detaillierte E-Mail an Buscalineofc@gmail.com mit dem Betreff \u201ePartnerschaft\/Werbung\u201c. Unser Marketingteam wird sich mit Ihnen in Verbindung setzen, um zu besprechen, wie wir zusammenarbeiten k\u00f6nnen.<\/p>\n\n\n\n<p><strong>Unterst\u00fctzung<\/strong><\/p>\n\n\n\n<p>F\u00fcr technischen Support im Zusammenhang mit der Website oder Schwierigkeiten beim Zugriff auf empfohlene Anwendungen kontaktieren Sie uns bitte per E-Mail an Buscalineofc@gmail.com mit dem Betreff \u201eSupport\u201c. Wir werden unser Bestes tun, um jedes Problem so schnell wie m\u00f6glich zu l\u00f6sen.<\/p>\n\n\n\n<p>Wir freuen uns \u00fcber Ihr Interesse und Ihre Unterst\u00fctzung f\u00fcr IP8BLOG. Ihre aktive Teilnahme macht unsere Community so besonders. Wir freuen uns auf Ihre Kontaktaufnahme!<\/p>","protected":false},"excerpt":{"rendered":"<p>Contato &#8211; IP8BLOG Adorar\u00edamos ouvir voc\u00ea! Se voc\u00ea tem perguntas, sugest\u00f5es, ou gostaria de compartilhar seu aplicativo gratuito favorito conosco, n\u00e3o hesite em entrar em contato. Aqui no IP8BLOG, valorizamos a conex\u00e3o com nossos leitores e estamos sempre em busca de novas ideias e feedback para melhorar nossa plataforma e conte\u00fado. Fale Conosco E-mail: buscalineofc@gmail.com [&hellip;]<\/p>","protected":false},"author":1,"featured_media":0,"parent":0,"menu_order":0,"comment_status":"closed","ping_status":"closed","template":"","meta":{"footnotes":""},"class_list":["post-26","page","type-page","status-publish","hentry","entry"],"yoast_head":"<!-- This site is optimized with the Yoast SEO Premium plugin v20.5 (Yoast SEO v23.1) - https:\/\/yoast.com\/wordpress\/plugins\/seo\/ -->\n<title>Contato - Portal Not\u00edcias<\/title>\n<meta name=\"robots\" content=\"index, follow, max-snippet:-1, max-image-preview:large, max-video-preview:-1\" \/>\n<link rel=\"canonical\" href=\"https:\/\/app.ip7blog.com\/de\/kontaktiere-uns\/\" \/>\n<meta property=\"og:locale\" content=\"de_DE\" \/>\n<meta property=\"og:type\" content=\"article\" \/>\n<meta property=\"og:title\" content=\"Contato\" \/>\n<meta property=\"og:description\" content=\"Contato &#8211; IP8BLOG Adorar\u00edamos ouvir voc\u00ea! Se voc\u00ea tem perguntas, sugest\u00f5es, ou gostaria de compartilhar seu aplicativo gratuito favorito conosco, n\u00e3o hesite em entrar em contato. Aqui no IP8BLOG, valorizamos a conex\u00e3o com nossos leitores e estamos sempre em busca de novas ideias e feedback para melhorar nossa plataforma e conte\u00fado. Fale Conosco E-mail: buscalineofc@gmail.com [&hellip;]\" \/>\n<meta property=\"og:url\" content=\"https:\/\/app.ip7blog.com\/de\/kontaktiere-uns\/\" \/>\n<meta property=\"og:site_name\" content=\"Portal Not\u00edcias\" \/>\n<meta property=\"article:publisher\" content=\"https:\/\/www.facebook.com\/ErndsOf\/\" \/>\n<meta property=\"article:modified_time\" content=\"2024-02-21T01:55:38+00:00\" \/>\n<meta name=\"twitter:card\" content=\"summary_large_image\" \/>\n<meta name=\"twitter:label1\" content=\"Gesch\u00e4tzte Lesezeit\" \/>\n\t<meta name=\"twitter:data1\" content=\"2\u00a0Minuten\" \/>\n<script type=\"application\/ld+json\" class=\"yoast-schema-graph\">{\"@context\":\"https:\/\/schema.org\",\"@graph\":[{\"@type\":\"WebPage\",\"@id\":\"https:\/\/app.ip7blog.com\/contact-us\/\",\"url\":\"https:\/\/app.ip7blog.com\/contact-us\/\",\"name\":\"Contato - Portal Not\u00edcias\",\"isPartOf\":{\"@id\":\"https:\/\/app.ip7blog.com\/#website\"},\"datePublished\":\"2023-08-19T18:20:00+00:00\",\"dateModified\":\"2024-02-21T01:55:38+00:00\",\"breadcrumb\":{\"@id\":\"https:\/\/app.ip7blog.com\/contact-us\/#breadcrumb\"},\"inLanguage\":\"de\",\"potentialAction\":[{\"@type\":\"ReadAction\",\"target\":[\"https:\/\/app.ip7blog.com\/contact-us\/\"]}]},{\"@type\":\"BreadcrumbList\",\"@id\":\"https:\/\/app.ip7blog.com\/contact-us\/#breadcrumb\",\"itemListElement\":[{\"@type\":\"ListItem\",\"position\":1,\"name\":\"In\u00edcio\",\"item\":\"https:\/\/app.ip7blog.com\/\"},{\"@type\":\"ListItem\",\"position\":2,\"name\":\"Contato\"}]},{\"@type\":\"WebSite\",\"@id\":\"https:\/\/app.ip7blog.com\/#website\",\"url\":\"https:\/\/app.ip7blog.com\/\",\"name\":\"Portal Not\u00edcias\",\"description\":\"Oportunidades de empregos, cursos onlines e muito mais\",\"potentialAction\":[{\"@type\":\"SearchAction\",\"target\":{\"@type\":\"EntryPoint\",\"urlTemplate\":\"https:\/\/app.ip7blog.com\/?s={search_term_string}\"},\"query-input\":\"required name=search_term_string\"}],\"inLanguage\":\"de\"}]}<\/script>\n<!-- \/ Yoast SEO Premium plugin. -->","yoast_head_json":{"title":"Contato - Portal Not\u00edcias","robots":{"index":"index","follow":"follow","max-snippet":"max-snippet:-1","max-image-preview":"max-image-preview:large","max-video-preview":"max-video-preview:-1"},"canonical":"https:\/\/app.ip7blog.com\/de\/kontaktiere-uns\/","og_locale":"de_DE","og_type":"article","og_title":"Contato","og_description":"Contato &#8211; IP8BLOG Adorar\u00edamos ouvir voc\u00ea! Se voc\u00ea tem perguntas, sugest\u00f5es, ou gostaria de compartilhar seu aplicativo gratuito favorito conosco, n\u00e3o hesite em entrar em contato. Aqui no IP8BLOG, valorizamos a conex\u00e3o com nossos leitores e estamos sempre em busca de novas ideias e feedback para melhorar nossa plataforma e conte\u00fado. Fale Conosco E-mail: buscalineofc@gmail.com [&hellip;]","og_url":"https:\/\/app.ip7blog.com\/de\/kontaktiere-uns\/","og_site_name":"Portal Not\u00edcias","article_publisher":"https:\/\/www.facebook.com\/ErndsOf\/","article_modified_time":"2024-02-21T01:55:38+00:00","twitter_card":"summary_large_image","twitter_misc":{"Gesch\u00e4tzte Lesezeit":"2\u00a0Minuten"},"schema":{"@context":"https:\/\/schema.org","@graph":[{"@type":"WebPage","@id":"https:\/\/app.ip7blog.com\/contact-us\/","url":"https:\/\/app.ip7blog.com\/contact-us\/","name":"Contato - Portal Not\u00edcias","isPartOf":{"@id":"https:\/\/app.ip7blog.com\/#website"},"datePublished":"2023-08-19T18:20:00+00:00","dateModified":"2024-02-21T01:55:38+00:00","breadcrumb":{"@id":"https:\/\/app.ip7blog.com\/contact-us\/#breadcrumb"},"inLanguage":"de","potentialAction":[{"@type":"ReadAction","target":["https:\/\/app.ip7blog.com\/contact-us\/"]}]},{"@type":"BreadcrumbList","@id":"https:\/\/app.ip7blog.com\/contact-us\/#breadcrumb","itemListElement":[{"@type":"ListItem","position":1,"name":"In\u00edcio","item":"https:\/\/app.ip7blog.com\/"},{"@type":"ListItem","position":2,"name":"Contato"}]},{"@type":"WebSite","@id":"https:\/\/app.ip7blog.com\/#website","url":"https:\/\/app.ip7blog.com\/","name":"Portal Not\u00edcias","description":"Oportunidades de empregos, cursos onlines e muito mais","potentialAction":[{"@type":"SearchAction","target":{"@type":"EntryPoint","urlTemplate":"https:\/\/app.ip7blog.com\/?s={search_term_string}"},"query-input":"required name=search_term_string"}],"inLanguage":"de"}]}},"_links":{"self":[{"href":"https:\/\/app.ip7blog.com\/de\/wp-json\/wp\/v2\/pages\/26","targetHints":{"allow":["GET"]}}],"collection":[{"href":"https:\/\/app.ip7blog.com\/de\/wp-json\/wp\/v2\/pages"}],"about":[{"href":"https:\/\/app.ip7blog.com\/de\/wp-json\/wp\/v2\/types\/page"}],"author":[{"embeddable":true,"href":"https:\/\/app.ip7blog.com\/de\/wp-json\/wp\/v2\/users\/1"}],"replies":[{"embeddable":true,"href":"https:\/\/app.ip7blog.com\/de\/wp-json\/wp\/v2\/comments?post=26"}],"version-history":[{"count":0,"href":"https:\/\/app.ip7blog.com\/de\/wp-json\/wp\/v2\/pages\/26\/revisions"}],"wp:attachment":[{"href":"https:\/\/app.ip7blog.com\/de\/wp-json\/wp\/v2\/media?parent=26"}],"curies":[{"name":"wp","href":"https:\/\/api.w.org\/{rel}","templated":true}]}}