{"id":24,"date":"2023-08-19T18:19:39","date_gmt":"2023-08-19T18:19:39","guid":{"rendered":"https:\/\/casacelular.com.br\/?page_id=24"},"modified":"2024-02-20T22:57:13","modified_gmt":"2024-02-21T01:57:13","slug":"disclaimer","status":"publish","type":"page","link":"https:\/\/app.ip7blog.com\/de\/haftungsausschluss\/","title":{"rendered":"Haftungsausschluss"},"content":{"rendered":"<p><strong>Haftungsausschluss \u2013 IP8BLOG<\/strong><\/p>\n\n\n\n<p>IP8BLOG ist ein Bereich, der sich dem Austausch von Informationen, Analysen und Empfehlungen zu kostenlosen Unterhaltungsanwendungen widmet. Es ist wichtig hervorzuheben, dass die in diesem Blog ge\u00e4u\u00dferten Meinungen ausschlie\u00dflich die der Autoren sind und nicht unbedingt die Meinungen einer verbundenen Organisation oder eines verbundenen Unternehmens widerspiegeln.<\/p>\n\n\n\n<p><strong>\u00dcber ver\u00f6ffentlichte Inhalte<\/strong><\/p>\n\n\n\n<ol class=\"wp-block-list\">\n<li><strong>Anwendungsempfehlungen:<\/strong> Die auf IP8BLOG pr\u00e4sentierten App-Empfehlungen und Rezensionen basieren auf unseren eigenen Erfahrungen und Recherchen. Obwohl wir uns bem\u00fchen, genaue und aktuelle Informationen bereitzustellen, k\u00f6nnen wir nicht garantieren, dass alle Informationen immer vollst\u00e4ndig und aktuell sind. Benutzer sollten immer die Anwendungsinformationen und Rezensionen auf offiziellen Plattformen pr\u00fcfen, bevor sie sie herunterladen.<\/li>\n\n\n\n<li><strong>Externe Links:<\/strong> IP8BLOG kann Links zu externen Websites enthalten, die nicht von uns betrieben oder kontrolliert werden. Diese Links dienen der Zweckm\u00e4\u00dfigkeit und stellen keine Billigung dar. Wir sind nicht verantwortlich f\u00fcr den Inhalt oder die Datenschutzpraktiken externer Websites.<\/li>\n\n\n\n<li><strong>Werbung und Partnerschaften:<\/strong> Zur Unterst\u00fctzung des Blogs k\u00f6nnen wir Werbung oder gesponserte Inhalte Dritter anzeigen. Obwohl Werbung die Position und Pr\u00e4senz solcher Anzeigen beeinflussen kann, hat sie keinen Einfluss auf Bewertungen und Meinungen zu empfohlenen Anwendungen. Alle gesponserten Inhalte werden deutlich als solche gekennzeichnet.<\/li>\n<\/ol>\n\n\n\n<p><strong>Haftungsausschluss<\/strong><\/p>\n\n\n\n<p>Der von IP8BLOG bereitgestellte Inhalt wird \u201ewie besehen\u201c angeboten, ohne Gew\u00e4hrleistungen jeglicher Art, weder ausdr\u00fccklich noch stillschweigend. Wir garantieren nicht, dass der Blog fehlerfrei, sicher oder ununterbrochen verf\u00fcgbar ist. Wir haften nicht f\u00fcr Sch\u00e4den oder Verluste, die sich aus der Nutzung oder Unm\u00f6glichkeit der Nutzung des Blogs, dem Vertrauen auf die hierin enthaltenen Informationen oder dem Verhalten Dritter im Blog ergeben.<\/p>\n\n\n\n<p><strong>Urheberrechte \u00a9<\/strong><\/p>\n\n\n\n<p>Alle auf IP8BLOG ver\u00f6ffentlichten Inhalte, einschlie\u00dflich Texte, Grafiken, Logos, Symbole, Bilder und Datenzusammenstellungen, sind Eigentum von IP8BLOG oder Inhaltsanbietern und durch brasilianische und internationale Urheberrechtsgesetze gesch\u00fctzt. Die unbefugte Nutzung der in diesem Blog enthaltenen Materialien kann einen Versto\u00df gegen Urheberrechte, Markenrechte und andere Gesetze darstellen.<\/p>\n\n\n\n<p><strong>\u00c4nderungen am Haftungsausschluss<\/strong><\/p>\n\n\n\n<p>Wir behalten uns das Recht vor, diesen Haftungsausschluss jederzeit zu \u00e4ndern. Wir empfehlen Besuchern, diese Seite regelm\u00e4\u00dfig zu \u00fcberpr\u00fcfen, um \u00fcber etwaige \u00c4nderungen auf dem Laufenden zu bleiben.<\/p>\n\n\n\n<p><strong>Kontakt<\/strong><\/p>\n\n\n\n<p>Bei Fragen oder Bedenken zu diesem Haftungsausschluss kontaktieren Sie uns bitte unter Buscalineofc@gmail.com.<\/p>\n\n\n\n<p>Wir danken Ihnen f\u00fcr Ihr Verst\u00e4ndnis und die fortgesetzte Unterst\u00fctzung von IP8BLOG. Unsere Mission ist es, qualitativ hochwertige Unterhaltung auf zug\u00e4ngliche Weise bereitzustellen und so ein bereicherndes und sicheres Online-Erlebnis f\u00fcr alle zu f\u00f6rdern.<\/p>","protected":false},"excerpt":{"rendered":"<p>Disclaimer &#8211; IP8BLOG O IP8BLOG \u00e9 um espa\u00e7o dedicado a compartilhar informa\u00e7\u00f5es, an\u00e1lises e recomenda\u00e7\u00f5es sobre aplicativos gratuitos de entretenimento. \u00c9 importante destacar que as opini\u00f5es expressas neste blog s\u00e3o exclusivamente dos autores e n\u00e3o refletem necessariamente as opini\u00f5es de qualquer organiza\u00e7\u00e3o ou empresa associada. Sobre o Conte\u00fado Publicado Isen\u00e7\u00e3o de Responsabilidade Legal O conte\u00fado [&hellip;]<\/p>","protected":false},"author":1,"featured_media":0,"parent":0,"menu_order":0,"comment_status":"closed","ping_status":"closed","template":"","meta":{"footnotes":""},"class_list":["post-24","page","type-page","status-publish","hentry","entry"],"yoast_head":"<!-- This site is optimized with the Yoast SEO Premium plugin v20.5 (Yoast SEO v23.1) - https:\/\/yoast.com\/wordpress\/plugins\/seo\/ -->\n<title>Disclaimer - Portal Not\u00edcias<\/title>\n<meta name=\"robots\" content=\"index, follow, max-snippet:-1, max-image-preview:large, max-video-preview:-1\" \/>\n<link rel=\"canonical\" href=\"https:\/\/app.ip7blog.com\/de\/haftungsausschluss\/\" \/>\n<meta property=\"og:locale\" content=\"de_DE\" \/>\n<meta property=\"og:type\" content=\"article\" \/>\n<meta property=\"og:title\" content=\"Disclaimer\" \/>\n<meta property=\"og:description\" content=\"Disclaimer &#8211; IP8BLOG O IP8BLOG \u00e9 um espa\u00e7o dedicado a compartilhar informa\u00e7\u00f5es, an\u00e1lises e recomenda\u00e7\u00f5es sobre aplicativos gratuitos de entretenimento. \u00c9 importante destacar que as opini\u00f5es expressas neste blog s\u00e3o exclusivamente dos autores e n\u00e3o refletem necessariamente as opini\u00f5es de qualquer organiza\u00e7\u00e3o ou empresa associada. Sobre o Conte\u00fado Publicado Isen\u00e7\u00e3o de Responsabilidade Legal O conte\u00fado [&hellip;]\" \/>\n<meta property=\"og:url\" content=\"https:\/\/app.ip7blog.com\/de\/haftungsausschluss\/\" \/>\n<meta property=\"og:site_name\" content=\"Portal Not\u00edcias\" \/>\n<meta property=\"article:publisher\" content=\"https:\/\/www.facebook.com\/ErndsOf\/\" \/>\n<meta property=\"article:modified_time\" content=\"2024-02-21T01:57:13+00:00\" \/>\n<meta name=\"twitter:card\" content=\"summary_large_image\" \/>\n<meta name=\"twitter:label1\" content=\"Gesch\u00e4tzte Lesezeit\" \/>\n\t<meta name=\"twitter:data1\" content=\"2\u00a0Minuten\" \/>\n<script type=\"application\/ld+json\" class=\"yoast-schema-graph\">{\"@context\":\"https:\/\/schema.org\",\"@graph\":[{\"@type\":\"WebPage\",\"@id\":\"https:\/\/app.ip7blog.com\/disclaimer\/\",\"url\":\"https:\/\/app.ip7blog.com\/disclaimer\/\",\"name\":\"Disclaimer - Portal Not\u00edcias\",\"isPartOf\":{\"@id\":\"https:\/\/app.ip7blog.com\/#website\"},\"datePublished\":\"2023-08-19T18:19:39+00:00\",\"dateModified\":\"2024-02-21T01:57:13+00:00\",\"breadcrumb\":{\"@id\":\"https:\/\/app.ip7blog.com\/disclaimer\/#breadcrumb\"},\"inLanguage\":\"de\",\"potentialAction\":[{\"@type\":\"ReadAction\",\"target\":[\"https:\/\/app.ip7blog.com\/disclaimer\/\"]}]},{\"@type\":\"BreadcrumbList\",\"@id\":\"https:\/\/app.ip7blog.com\/disclaimer\/#breadcrumb\",\"itemListElement\":[{\"@type\":\"ListItem\",\"position\":1,\"name\":\"In\u00edcio\",\"item\":\"https:\/\/app.ip7blog.com\/\"},{\"@type\":\"ListItem\",\"position\":2,\"name\":\"Disclaimer\"}]},{\"@type\":\"WebSite\",\"@id\":\"https:\/\/app.ip7blog.com\/#website\",\"url\":\"https:\/\/app.ip7blog.com\/\",\"name\":\"Portal Not\u00edcias\",\"description\":\"Oportunidades de empregos, cursos onlines e muito mais\",\"potentialAction\":[{\"@type\":\"SearchAction\",\"target\":{\"@type\":\"EntryPoint\",\"urlTemplate\":\"https:\/\/app.ip7blog.com\/?s={search_term_string}\"},\"query-input\":\"required name=search_term_string\"}],\"inLanguage\":\"de\"}]}<\/script>\n<!-- \/ Yoast SEO Premium plugin. -->","yoast_head_json":{"title":"Disclaimer - Portal Not\u00edcias","robots":{"index":"index","follow":"follow","max-snippet":"max-snippet:-1","max-image-preview":"max-image-preview:large","max-video-preview":"max-video-preview:-1"},"canonical":"https:\/\/app.ip7blog.com\/de\/haftungsausschluss\/","og_locale":"de_DE","og_type":"article","og_title":"Disclaimer","og_description":"Disclaimer &#8211; IP8BLOG O IP8BLOG \u00e9 um espa\u00e7o dedicado a compartilhar informa\u00e7\u00f5es, an\u00e1lises e recomenda\u00e7\u00f5es sobre aplicativos gratuitos de entretenimento. \u00c9 importante destacar que as opini\u00f5es expressas neste blog s\u00e3o exclusivamente dos autores e n\u00e3o refletem necessariamente as opini\u00f5es de qualquer organiza\u00e7\u00e3o ou empresa associada. Sobre o Conte\u00fado Publicado Isen\u00e7\u00e3o de Responsabilidade Legal O conte\u00fado [&hellip;]","og_url":"https:\/\/app.ip7blog.com\/de\/haftungsausschluss\/","og_site_name":"Portal Not\u00edcias","article_publisher":"https:\/\/www.facebook.com\/ErndsOf\/","article_modified_time":"2024-02-21T01:57:13+00:00","twitter_card":"summary_large_image","twitter_misc":{"Gesch\u00e4tzte Lesezeit":"2\u00a0Minuten"},"schema":{"@context":"https:\/\/schema.org","@graph":[{"@type":"WebPage","@id":"https:\/\/app.ip7blog.com\/disclaimer\/","url":"https:\/\/app.ip7blog.com\/disclaimer\/","name":"Disclaimer - Portal Not\u00edcias","isPartOf":{"@id":"https:\/\/app.ip7blog.com\/#website"},"datePublished":"2023-08-19T18:19:39+00:00","dateModified":"2024-02-21T01:57:13+00:00","breadcrumb":{"@id":"https:\/\/app.ip7blog.com\/disclaimer\/#breadcrumb"},"inLanguage":"de","potentialAction":[{"@type":"ReadAction","target":["https:\/\/app.ip7blog.com\/disclaimer\/"]}]},{"@type":"BreadcrumbList","@id":"https:\/\/app.ip7blog.com\/disclaimer\/#breadcrumb","itemListElement":[{"@type":"ListItem","position":1,"name":"In\u00edcio","item":"https:\/\/app.ip7blog.com\/"},{"@type":"ListItem","position":2,"name":"Disclaimer"}]},{"@type":"WebSite","@id":"https:\/\/app.ip7blog.com\/#website","url":"https:\/\/app.ip7blog.com\/","name":"Portal Not\u00edcias","description":"Oportunidades de empregos, cursos onlines e muito mais","potentialAction":[{"@type":"SearchAction","target":{"@type":"EntryPoint","urlTemplate":"https:\/\/app.ip7blog.com\/?s={search_term_string}"},"query-input":"required name=search_term_string"}],"inLanguage":"de"}]}},"_links":{"self":[{"href":"https:\/\/app.ip7blog.com\/de\/wp-json\/wp\/v2\/pages\/24","targetHints":{"allow":["GET"]}}],"collection":[{"href":"https:\/\/app.ip7blog.com\/de\/wp-json\/wp\/v2\/pages"}],"about":[{"href":"https:\/\/app.ip7blog.com\/de\/wp-json\/wp\/v2\/types\/page"}],"author":[{"embeddable":true,"href":"https:\/\/app.ip7blog.com\/de\/wp-json\/wp\/v2\/users\/1"}],"replies":[{"embeddable":true,"href":"https:\/\/app.ip7blog.com\/de\/wp-json\/wp\/v2\/comments?post=24"}],"version-history":[{"count":0,"href":"https:\/\/app.ip7blog.com\/de\/wp-json\/wp\/v2\/pages\/24\/revisions"}],"wp:attachment":[{"href":"https:\/\/app.ip7blog.com\/de\/wp-json\/wp\/v2\/media?parent=24"}],"curies":[{"name":"wp","href":"https:\/\/api.w.org\/{rel}","templated":true}]}}