{"id":22,"date":"2023-08-19T18:19:11","date_gmt":"2023-08-19T18:19:11","guid":{"rendered":"https:\/\/casacelular.com.br\/?page_id=22"},"modified":"2024-02-20T22:54:11","modified_gmt":"2024-02-21T01:54:11","slug":"about-us","status":"publish","type":"page","link":"https:\/\/app.ip7blog.com\/de\/uber-uns\/","title":{"rendered":"\u00dcber uns"},"content":{"rendered":"<p><strong>\u00dcber uns \u2013 IP8BLOG<\/strong><\/p>\n\n\n\n<p>Willkommen bei IP8BLOG, Ihrem ultimativen Ziel, um die besten kostenlosen Unterhaltungs-Apps zu entdecken. Wir sind ein Team, das sich f\u00fcr Technologie und Spa\u00df begeistert und sich der Erkundung des riesigen digitalen Universums widmet, um Ihnen die verborgenen Sch\u00e4tze des App Store und von Google Play zu zeigen.<\/p>\n\n\n\n<p>IP8BLOG wurde in S\u00e3o Paulo, Brasilien, gegr\u00fcndet und entstand aus dem Wunsch heraus, unglaubliche Entdeckungen zu teilen, die jeden Moment Ihres Tages unterhaltsamer und interessanter machen k\u00f6nnen \u2013 und das kostenlos. Wir glauben, dass der Zugang zu qualitativ hochwertigem Spa\u00df nicht durch finanzielle H\u00fcrden eingeschr\u00e4nkt werden sollte. Deshalb widmen wir uns der Suche und \u00dcberpr\u00fcfung der besten verf\u00fcgbaren kostenlosen Apps.<\/p>\n\n\n\n<p><strong>Unsere Aufgabe<\/strong><\/p>\n\n\n\n<p>Unsere Mission ist einfach: sicherzustellen, dass Ihnen die hochwertigen Unterhaltungsm\u00f6glichkeiten nie ausgehen. Egal, ob Sie ein Gaming-Fan, ein Podcast-Liebhaber oder jemand auf der Suche nach unterhaltsamen Lern-Apps sind, IP8BLOG hat f\u00fcr jeden etwas zu bieten. Unser Ziel ist es, Ihnen dabei zu helfen, die digitale Welt auf sichere und zufriedenstellende Weise zu erkunden, indem wir Apps vorstellen, die Ihr Leben bereichern, ohne Ihren Geldbeutel zu belasten.<\/p>\n\n\n\n<p><strong>Wie wir es machen<\/strong><\/p>\n\n\n\n<p>Jede Woche durchsucht unser Team die App Stores akribisch nach den besten kostenlosen Ver\u00f6ffentlichungen. Wir bewerten jede App anhand strenger Kriterien, darunter Benutzerfreundlichkeit, Innovation, Inhaltsqualit\u00e4t und nat\u00fcrlich der Spa\u00dffaktor. Wir empfehlen nur Apps, die wir lieben und verwenden, um sicherzustellen, dass Sie nur qualitativ hochwertige Vorschl\u00e4ge erhalten.<\/p>\n\n\n\n<p><strong>Verbinde dich mit uns<\/strong><\/p>\n\n\n\n<p>Die IP8BLOG-Community ist das Herz unseres Blogs. Wir sch\u00e4tzen Ihre Vorschl\u00e4ge, Ihr Feedback und Ihre Ideen. Wir m\u00f6chten mehr \u00fcber Ihre Lieblings-Apps erfahren und erfahren, wie sie Ihre Tage versch\u00f6nert haben. Kontaktieren Sie uns per E-Mail an Buscalineofc@gmail.com und folgen Sie uns in den sozialen Medien @ip8blog, um \u00fcber die neuesten Nachrichten auf dem Laufenden zu bleiben und mit anderen kostenlosen App-Enthusiasten zu interagieren.<\/p>\n\n\n\n<p>Egal, ob Sie aus S\u00e3o Paulo oder irgendwo anders auf der Welt kommen, IP8BLOG ist Ihr idealer Begleiter bei der Entdeckung hochwertiger kostenloser Unterhaltung. Begleiten Sie uns auf dieser digitalen Reise und verwandeln Sie jeden freien Moment in ein spannendes Abenteuer.<\/p>\n\n\n\n<p><strong>Standort<\/strong><\/p>\n\n\n\n<p>Sao Paulo, Brasilien<\/p>\n\n\n\n<p>Vielen Dank, dass Sie sich f\u00fcr IP8BLOG als Ihren Leitfaden in die Welt der kostenlosen Unterhaltungs-Apps entschieden haben. Wir hoffen, dass Sie hier neue M\u00f6glichkeiten f\u00fcr Spa\u00df und Inspiration finden. Entdecken, herunterladen und genie\u00dfen \u2013 die digitale Welt liegt an Ihnen.<\/p>\n\n\n\n<p>Ihr Team, IP8BLOG.<\/p>","protected":false},"excerpt":{"rendered":"<p>Sobre N\u00f3s &#8211; IP8BLOG Bem-vindo ao IP8BLOG, seu destino definitivo para descobrir os melhores aplicativos gratuitos de entretenimento. Somos uma equipe apaixonada por tecnologia e divers\u00e3o, dedicada a explorar o vasto universo digital para trazer at\u00e9 voc\u00ea as joias ocultas da App Store e do Google Play. Fundado em S\u00e3o Paulo, Brasil, o IP8BLOG nasceu [&hellip;]<\/p>","protected":false},"author":1,"featured_media":0,"parent":0,"menu_order":0,"comment_status":"closed","ping_status":"closed","template":"","meta":{"footnotes":""},"class_list":["post-22","page","type-page","status-publish","hentry","entry"],"yoast_head":"<!-- This site is optimized with the Yoast SEO Premium plugin v20.5 (Yoast SEO v23.1) - https:\/\/yoast.com\/wordpress\/plugins\/seo\/ -->\n<title>Sobre n\u00f3s - Portal Not\u00edcias<\/title>\n<meta name=\"robots\" content=\"index, follow, max-snippet:-1, max-image-preview:large, max-video-preview:-1\" \/>\n<link rel=\"canonical\" href=\"https:\/\/app.ip7blog.com\/de\/uber-uns\/\" \/>\n<meta property=\"og:locale\" content=\"de_DE\" \/>\n<meta property=\"og:type\" content=\"article\" \/>\n<meta property=\"og:title\" content=\"Sobre n\u00f3s\" \/>\n<meta property=\"og:description\" content=\"Sobre N\u00f3s &#8211; IP8BLOG Bem-vindo ao IP8BLOG, seu destino definitivo para descobrir os melhores aplicativos gratuitos de entretenimento. Somos uma equipe apaixonada por tecnologia e divers\u00e3o, dedicada a explorar o vasto universo digital para trazer at\u00e9 voc\u00ea as joias ocultas da App Store e do Google Play. Fundado em S\u00e3o Paulo, Brasil, o IP8BLOG nasceu [&hellip;]\" \/>\n<meta property=\"og:url\" content=\"https:\/\/app.ip7blog.com\/de\/uber-uns\/\" \/>\n<meta property=\"og:site_name\" content=\"Portal Not\u00edcias\" \/>\n<meta property=\"article:publisher\" content=\"https:\/\/www.facebook.com\/ErndsOf\/\" \/>\n<meta property=\"article:modified_time\" content=\"2024-02-21T01:54:11+00:00\" \/>\n<meta name=\"twitter:card\" content=\"summary_large_image\" \/>\n<meta name=\"twitter:label1\" content=\"Gesch\u00e4tzte Lesezeit\" \/>\n\t<meta name=\"twitter:data1\" content=\"2\u00a0Minuten\" \/>\n<script type=\"application\/ld+json\" class=\"yoast-schema-graph\">{\"@context\":\"https:\/\/schema.org\",\"@graph\":[{\"@type\":\"WebPage\",\"@id\":\"https:\/\/app.ip7blog.com\/about-us\/\",\"url\":\"https:\/\/app.ip7blog.com\/about-us\/\",\"name\":\"Sobre n\u00f3s - Portal Not\u00edcias\",\"isPartOf\":{\"@id\":\"https:\/\/app.ip7blog.com\/#website\"},\"datePublished\":\"2023-08-19T18:19:11+00:00\",\"dateModified\":\"2024-02-21T01:54:11+00:00\",\"breadcrumb\":{\"@id\":\"https:\/\/app.ip7blog.com\/about-us\/#breadcrumb\"},\"inLanguage\":\"de\",\"potentialAction\":[{\"@type\":\"ReadAction\",\"target\":[\"https:\/\/app.ip7blog.com\/about-us\/\"]}]},{\"@type\":\"BreadcrumbList\",\"@id\":\"https:\/\/app.ip7blog.com\/about-us\/#breadcrumb\",\"itemListElement\":[{\"@type\":\"ListItem\",\"position\":1,\"name\":\"In\u00edcio\",\"item\":\"https:\/\/app.ip7blog.com\/\"},{\"@type\":\"ListItem\",\"position\":2,\"name\":\"Sobre n\u00f3s\"}]},{\"@type\":\"WebSite\",\"@id\":\"https:\/\/app.ip7blog.com\/#website\",\"url\":\"https:\/\/app.ip7blog.com\/\",\"name\":\"Portal Not\u00edcias\",\"description\":\"Oportunidades de empregos, cursos onlines e muito mais\",\"potentialAction\":[{\"@type\":\"SearchAction\",\"target\":{\"@type\":\"EntryPoint\",\"urlTemplate\":\"https:\/\/app.ip7blog.com\/?s={search_term_string}\"},\"query-input\":\"required name=search_term_string\"}],\"inLanguage\":\"de\"}]}<\/script>\n<!-- \/ Yoast SEO Premium plugin. -->","yoast_head_json":{"title":"Sobre n\u00f3s - Portal Not\u00edcias","robots":{"index":"index","follow":"follow","max-snippet":"max-snippet:-1","max-image-preview":"max-image-preview:large","max-video-preview":"max-video-preview:-1"},"canonical":"https:\/\/app.ip7blog.com\/de\/uber-uns\/","og_locale":"de_DE","og_type":"article","og_title":"Sobre n\u00f3s","og_description":"Sobre N\u00f3s &#8211; IP8BLOG Bem-vindo ao IP8BLOG, seu destino definitivo para descobrir os melhores aplicativos gratuitos de entretenimento. Somos uma equipe apaixonada por tecnologia e divers\u00e3o, dedicada a explorar o vasto universo digital para trazer at\u00e9 voc\u00ea as joias ocultas da App Store e do Google Play. Fundado em S\u00e3o Paulo, Brasil, o IP8BLOG nasceu [&hellip;]","og_url":"https:\/\/app.ip7blog.com\/de\/uber-uns\/","og_site_name":"Portal Not\u00edcias","article_publisher":"https:\/\/www.facebook.com\/ErndsOf\/","article_modified_time":"2024-02-21T01:54:11+00:00","twitter_card":"summary_large_image","twitter_misc":{"Gesch\u00e4tzte Lesezeit":"2\u00a0Minuten"},"schema":{"@context":"https:\/\/schema.org","@graph":[{"@type":"WebPage","@id":"https:\/\/app.ip7blog.com\/about-us\/","url":"https:\/\/app.ip7blog.com\/about-us\/","name":"Sobre n\u00f3s - Portal Not\u00edcias","isPartOf":{"@id":"https:\/\/app.ip7blog.com\/#website"},"datePublished":"2023-08-19T18:19:11+00:00","dateModified":"2024-02-21T01:54:11+00:00","breadcrumb":{"@id":"https:\/\/app.ip7blog.com\/about-us\/#breadcrumb"},"inLanguage":"de","potentialAction":[{"@type":"ReadAction","target":["https:\/\/app.ip7blog.com\/about-us\/"]}]},{"@type":"BreadcrumbList","@id":"https:\/\/app.ip7blog.com\/about-us\/#breadcrumb","itemListElement":[{"@type":"ListItem","position":1,"name":"In\u00edcio","item":"https:\/\/app.ip7blog.com\/"},{"@type":"ListItem","position":2,"name":"Sobre n\u00f3s"}]},{"@type":"WebSite","@id":"https:\/\/app.ip7blog.com\/#website","url":"https:\/\/app.ip7blog.com\/","name":"Portal Not\u00edcias","description":"Oportunidades de empregos, cursos onlines e muito mais","potentialAction":[{"@type":"SearchAction","target":{"@type":"EntryPoint","urlTemplate":"https:\/\/app.ip7blog.com\/?s={search_term_string}"},"query-input":"required name=search_term_string"}],"inLanguage":"de"}]}},"_links":{"self":[{"href":"https:\/\/app.ip7blog.com\/de\/wp-json\/wp\/v2\/pages\/22","targetHints":{"allow":["GET"]}}],"collection":[{"href":"https:\/\/app.ip7blog.com\/de\/wp-json\/wp\/v2\/pages"}],"about":[{"href":"https:\/\/app.ip7blog.com\/de\/wp-json\/wp\/v2\/types\/page"}],"author":[{"embeddable":true,"href":"https:\/\/app.ip7blog.com\/de\/wp-json\/wp\/v2\/users\/1"}],"replies":[{"embeddable":true,"href":"https:\/\/app.ip7blog.com\/de\/wp-json\/wp\/v2\/comments?post=22"}],"version-history":[{"count":0,"href":"https:\/\/app.ip7blog.com\/de\/wp-json\/wp\/v2\/pages\/22\/revisions"}],"wp:attachment":[{"href":"https:\/\/app.ip7blog.com\/de\/wp-json\/wp\/v2\/media?parent=22"}],"curies":[{"name":"wp","href":"https:\/\/api.w.org\/{rel}","templated":true}]}}